{"id":2231,"date":"2021-09-27T10:42:21","date_gmt":"2021-09-27T08:42:21","guid":{"rendered":"https:\/\/vostables.be\/?page_id=2231"},"modified":"2025-11-12T10:49:20","modified_gmt":"2025-11-12T08:49:20","slug":"startseite","status":"publish","type":"page","link":"https:\/\/www.vostables.com\/de\/","title":{"rendered":"Startseite"},"content":{"rendered":"<div class=\"wpb-content-wrapper\"><p>[vc_row row_height_percent=&#8220;80&#8243; back_color=&#8220;color-wayh&#8220; back_image=&#8220;4344&#8243; overlay_color=&#8220;color-jevc&#8220; overlay_alpha=&#8220;33&#8243; gutter_size=&#8220;3&#8243; column_width_percent=&#8220;100&#8243; shift_y=&#8220;0&#8243; z_index=&#8220;0&#8243; content_parallax=&#8220;0&#8243; uncode_shortcode_id=&#8220;201569&#8243; overlay_color_type=&#8220;uncode-palette&#8220; back_color_type=&#8220;uncode-palette&#8220; el_class=&#8220;foldhomepremium&#8220;][vc_column column_width_percent=&#8220;100&#8243; position_vertical=&#8220;middle&#8220; align_horizontal=&#8220;align_center&#8220; gutter_size=&#8220;3&#8243; style=&#8220;dark&#8220; overlay_alpha=&#8220;50&#8243; shift_x=&#8220;0&#8243; shift_y=&#8220;0&#8243; shift_y_down=&#8220;0&#8243; z_index=&#8220;0&#8243; medium_width=&#8220;0&#8243; mobile_width=&#8220;0&#8243; width=&#8220;1\/1&#8243; uncode_shortcode_id=&#8220;315800&#8243;][vc_custom_heading text_color=&#8220;color-269362&#8243; heading_semantic=&#8220;h1&#8243; text_size=&#8220;h1&#8243; uncode_shortcode_id=&#8220;184311&#8243; text_color_type=&#8220;uncode-palette&#8220;]<mark>Der Schwei\u00dftisch, der zu Ihnen passt<\/mark>[\/vc_custom_heading][vc_custom_heading heading_semantic=&#8220;h3&#8243; text_size=&#8220;custom&#8220; text_weight=&#8220;300&#8243; uncode_shortcode_id=&#8220;140612&#8243; heading_custom_size=&#8220;20&#8243;]Moderne Schwei\u00dftische in Industriequalit\u00e4t. W\u00e4hlt zwischen zug\u00e4nglicher Zuverl\u00e4ssigkeit oder h\u00f6chster Pr\u00e4zision.[\/vc_custom_heading][vc_empty_space empty_h=&#8220;1&#8243;][vc_button button_color=&#8220;accent&#8220; hover_fx=&#8220;full-colored&#8220; custom_typo=&#8220;yes&#8220; font_family=&#8220;font-107488&#8243; font_weight=&#8220;700&#8243; text_transform=&#8220;uppercase&#8220; border_width=&#8220;0&#8243; display=&#8220;inline&#8220; link=&#8220;url:https%3A%2F%2Fvostables.be%2Fde%2Fshop-du%2F|title:Shop&#8220; uncode_shortcode_id=&#8220;446654&#8243; button_color_type=&#8220;uncode-palette&#8220;]Onlineshop[\/vc_button][vc_button button_color=&#8220;color-xsdn&#8220; size=&#8220;link&#8220; custom_typo=&#8220;yes&#8220; font_family=&#8220;font-107488&#8243; font_weight=&#8220;700&#8243; text_transform=&#8220;uppercase&#8220; display=&#8220;inline&#8220; link=&#8220;url:tel%3A003292739756|title:Shop&#8220; uncode_shortcode_id=&#8220;527902&#8243; button_color_type=&#8220;uncode-palette&#8220; icon=&#8220;fa fa-phone&#8220; el_class=&#8220;phonebtn&#8220;]+32 (0)9 273 97 56[\/vc_button][vc_empty_space empty_h=&#8220;2&#8243;][\/vc_column][\/vc_row][vc_row row_height_percent=&#8220;0&#8243; overlay_alpha=&#8220;50&#8243; gutter_size=&#8220;3&#8243; column_width_percent=&#8220;100&#8243; shift_y=&#8220;-5&#8243; z_index=&#8220;0&#8243; content_parallax=&#8220;0&#8243; uncode_shortcode_id=&#8220;116910&#8243; el_class=&#8220;greencheck productsoorten&#8220;][vc_column column_width_percent=&#8220;100&#8243; gutter_size=&#8220;2&#8243; back_color=&#8220;color-xsdn&#8220; overlay_alpha=&#8220;50&#8243; shadow=&#8220;std&#8220; shift_x=&#8220;0&#8243; shift_y=&#8220;0&#8243; shift_y_down=&#8220;0&#8243; z_index=&#8220;0&#8243; medium_width=&#8220;0&#8243; mobile_width=&#8220;0&#8243; width=&#8220;1\/2&#8243; uncode_shortcode_id=&#8220;173460&#8243; back_color_type=&#8220;uncode-palette&#8220; link_to=&#8220;url:https%3A%2F%2Fvostables.be%2Fde%2Fschweisstische%2F&#8220;][vc_custom_heading uncode_shortcode_id=&#8220;858894&#8243;]Vostables STANDARD<\/p>\n<p>[\/vc_custom_heading][vc_column_text uncode_shortcode_id=&#8220;622421&#8243;]Der zuverl\u00e4ssige Standard-Schwei\u00dftisch f\u00fcr jede Werkstatt.[\/vc_column_text][vc_single_image media=&#8220;3460&#8243; media_width_percent=&#8220;100&#8243; media_ratio=&#8220;sixteen-nine&#8220; uncode_shortcode_id=&#8220;151213&#8243; media_link=&#8220;url:https%3A%2F%2Fvostables.be%2Flastafels%2F|title:Lastafels&#8220;][vc_column_text uncode_shortcode_id=&#8220;336380&#8243;]<\/p>\n<ul>\n<li>Wahl aus 5 Gr\u00f6\u00dfen<\/li>\n<li>Bestes Preis-Leistungs-Verh\u00e4ltnis<\/li>\n<li>Kompatibel mit STANDARD-Werkzeugen<\/li>\n<\/ul>\n<p>[\/vc_column_text][vc_button button_color=&#8220;accent&#8220; border_width=&#8220;0&#8243; link=&#8220;url:https%3A%2F%2Fvostables.be%2Fde%2Fschweisstische%2F|title:Lastafels&#8220; button_color_type=&#8220;uncode-palette&#8220; uncode_shortcode_id=&#8220;143233&#8243;]Standard ansehen[\/vc_button][vc_column_text uncode_shortcode_id=&#8220;839240&#8243; el_class=&#8220;pricetag&#8220;]<em>Ab 775 \u20ac<\/em>[\/vc_column_text][\/vc_column][vc_column column_width_percent=&#8220;100&#8243; gutter_size=&#8220;2&#8243; back_color=&#8220;color-xsdn&#8220; overlay_alpha=&#8220;50&#8243; shadow=&#8220;std&#8220; shift_x=&#8220;0&#8243; shift_y=&#8220;0&#8243; shift_y_down=&#8220;0&#8243; z_index=&#8220;0&#8243; medium_width=&#8220;0&#8243; mobile_width=&#8220;0&#8243; width=&#8220;1\/2&#8243; uncode_shortcode_id=&#8220;843163&#8243; back_color_type=&#8220;uncode-palette&#8220; el_class=&#8220;premiumcolor&#8220; link_to=&#8220;url:https%3A%2F%2Fvostables.be%2Fde%2Fschweisstische-premium%2F&#8220;][vc_custom_heading uncode_shortcode_id=&#8220;214239&#8243;]Vostables PREMIUM\u00a0<mark>Nieuw<\/mark>[\/vc_custom_heading][vc_column_text uncode_shortcode_id=&#8220;819734&#8243;]F\u00fcr h\u00f6chste Pr\u00e4zision und maximale Ebenheit.[\/vc_column_text][vc_single_image media=&#8220;4300&#8243; media_width_percent=&#8220;100&#8243; media_ratio=&#8220;sixteen-nine&#8220; uncode_shortcode_id=&#8220;826178&#8243; media_link=&#8220;url:https%3A%2F%2Fvostables.be%2Flastafels-premium%2F&#8220;][vc_column_text uncode_shortcode_id=&#8220;127627&#8243;]<\/p>\n<ul>\n<li>Wahl aus 5 Gr\u00f6\u00dfen<\/li>\n<li>Plan gefr\u00e4st, nitriert und geh\u00e4rtet<\/li>\n<li>Kompatibel mit PREMIUM-Werkzeugen<\/li>\n<\/ul>\n<p>[\/vc_column_text][vc_button button_color=&#8220;color-130857&#8243; border_width=&#8220;0&#8243; link=&#8220;url:https%3A%2F%2Fvostables.be%2Fde%2Fschweisstische-premium%2F|title:Lastafels&#8220; button_color_type=&#8220;uncode-palette&#8220; uncode_shortcode_id=&#8220;278400&#8243;]Entdecke Premium[\/vc_button][vc_column_text uncode_shortcode_id=&#8220;532065&#8243; el_class=&#8220;pricetag&#8220;]<em>Ab 1695 \u20ac<\/em>[\/vc_column_text][\/vc_column][\/vc_row][vc_row][vc_column width=&#8220;1\/1&#8243;][uncode_block id=&#8220;2205&#8243;][\/vc_column][\/vc_row][vc_row row_height_percent=&#8220;0&#8243; override_padding=&#8220;yes&#8220; h_padding=&#8220;2&#8243; top_padding=&#8220;0&#8243; bottom_padding=&#8220;0&#8243; back_color=&#8220;color-jevc&#8220; overlay_alpha=&#8220;50&#8243; gutter_size=&#8220;3&#8243; column_width_percent=&#8220;100&#8243; shift_y=&#8220;0&#8243; z_index=&#8220;0&#8243; inverted_device_order=&#8220;yes&#8220; uncode_shortcode_id=&#8220;183337&#8243; back_color_type=&#8220;uncode-palette&#8220; el_class=&#8220;wiezijnwijhome&#8220;][vc_column column_width_percent=&#8220;100&#8243; position_vertical=&#8220;middle&#8220; gutter_size=&#8220;2&#8243; style=&#8220;dark&#8220; overlay_alpha=&#8220;50&#8243; shift_x=&#8220;0&#8243; shift_y=&#8220;0&#8243; shift_y_down=&#8220;0&#8243; z_index=&#8220;0&#8243; medium_width=&#8220;0&#8243; mobile_width=&#8220;0&#8243; width=&#8220;1\/3&#8243; uncode_shortcode_id=&#8220;153526&#8243;][vc_custom_heading uncode_shortcode_id=&#8220;358207&#8243;]Wer sind wer?[\/vc_custom_heading][vc_column_text uncode_shortcode_id=&#8220;141956&#8243;]Als Zweitgeneration eines Metallverarbeitungsbetriebs wissen wir besser als jeder andere, was Fachleute ben\u00f6tigen, um ihre Schwei\u00dfarbeiten effizient durchzuf\u00fchren.<\/p>\n<p>Getrieben von dieser Leidenschaft haben wir unsere eigene Produktlinie von Schwei\u00df- und Spanntafeln entwickelt \u2013 der ideale Partner f\u00fcr jeden Schwei\u00dfer und jedes Projekt. Qualit\u00e4t, Pr\u00e4zision und Freude am Handwerk \u2013 das ist Vostables.[\/vc_column_text][vc_button button_color=&#8220;color-269362&#8243; hover_fx=&#8220;full-colored&#8220; custom_typo=&#8220;yes&#8220; font_family=&#8220;font-107488&#8243; font_weight=&#8220;700&#8243; text_transform=&#8220;uppercase&#8220; border_width=&#8220;0&#8243; link=&#8220;url:https%3A%2F%2Fvostables.be%2Fde%2Fueber-uns%2F|title:Over%20ons&#8220; button_color_type=&#8220;uncode-palette&#8220; uncode_shortcode_id=&#8220;994137&#8243;]Lesen Sie mehr[\/vc_button][\/vc_column][vc_column width=&#8220;2\/3&#8243;][vc_single_image media=&#8220;4356&#8243; media_width_percent=&#8220;100&#8243; uncode_shortcode_id=&#8220;168656&#8243;][\/vc_column][\/vc_row][vc_row][vc_column width=&#8220;1\/1&#8243;][vc_raw_html]JTNDJTIxLS0lMjBFbGZzaWdodCUyMEluc3RhZ3JhbSUyMEZlZWQlMjAlN0MlMjBVbnRpdGxlZCUyMEluc3RhZ3JhbSUyMEZlZWQlMjAtLSUzRSUwQSUzQ3NjcmlwdCUyMHNyYyUzRCUyMmh0dHBzJTNBJTJGJTJGc3RhdGljLmVsZnNpZ2h0LmNvbSUyRnBsYXRmb3JtJTJGcGxhdGZvcm0uanMlMjIlMjBhc3luYyUzRSUzQyUyRnNjcmlwdCUzRSUwQSUzQ2RpdiUyMGNsYXNzJTNEJTIyZWxmc2lnaHQtYXBwLTM5Nzc4MmFjLTY5YjYtNDkzZS1iNjFkLWYxNWQ1YjdmMzYyYyUyMiUyMGRhdGEtZWxmc2lnaHQtYXBwLWxhenklM0UlM0MlMkZkaXYlM0U=[\/vc_raw_html][\/vc_column][\/vc_row][vc_row row_height_percent=&#8220;0&#8243; back_color=&#8220;color-xsdn&#8220; overlay_alpha=&#8220;50&#8243; gutter_size=&#8220;3&#8243; column_width_percent=&#8220;100&#8243; shift_y=&#8220;0&#8243; z_index=&#8220;0&#8243; uncode_shortcode_id=&#8220;399278&#8243; back_color_type=&#8220;uncode-palette&#8220; el_class=&#8220;fbrecentieblock&#8220;][vc_column column_width_percent=&#8220;100&#8243; gutter_size=&#8220;3&#8243; overlay_alpha=&#8220;50&#8243; shift_x=&#8220;0&#8243; shift_y=&#8220;0&#8243; shift_y_down=&#8220;0&#8243; z_index=&#8220;0&#8243; medium_width=&#8220;0&#8243; mobile_width=&#8220;0&#8243; width=&#8220;1\/1&#8243; uncode_shortcode_id=&#8220;176119&#8243;][vc_custom_heading uncode_shortcode_id=&#8220;165301&#8243;]Bewertungen[\/vc_custom_heading][vc_gallery el_id=&#8220;gallery-143408&#8243; type=&#8220;carousel&#8220; medias=&#8220;3761,3439,3329,3332,3335,3338,3387,3390,3393,3396,3442&#8243; carousel_lg=&#8220;4&#8243; carousel_md=&#8220;2&#8243; carousel_sm=&#8220;1&#8243; gutter_size=&#8220;3&#8243; media_items=&#8220;media|nolink|original,icon&#8220; carousel_interval=&#8220;3000&#8243; carousel_navspeed=&#8220;400&#8243; carousel_loop=&#8220;yes&#8220; carousel_dots=&#8220;yes&#8220; carousel_dots_space=&#8220;yes&#8220; stage_padding=&#8220;0&#8243; single_overlay_opacity=&#8220;1&#8243; single_overlay_anim=&#8220;no&#8220; single_image_anim=&#8220;no&#8220; single_padding=&#8220;2&#8243; single_border=&#8220;yes&#8220; no_double_tap=&#8220;yes&#8220; uncode_shortcode_id=&#8220;344746&#8243;][\/vc_column][\/vc_row][vc_row][vc_column width=&#8220;1\/1&#8243;][uncode_block id=&#8220;2183&#8243;][\/vc_column][\/vc_row]<\/p>\n<\/div>","protected":false},"excerpt":{"rendered":"<p>[vc_row row_height_percent=&#8220;80&#8243; back_color=&#8220;color-wayh&#8220; back_image=&#8220;4344&#8243; overlay_color=&#8220;color-jevc&#8220; overlay_alpha=&#8220;33&#8243; gutter_size=&#8220;3&#8243; column_width_percent=&#8220;100&#8243; shift_y=&#8220;0&#8243; z_index=&#8220;0&#8243; content_parallax=&#8220;0&#8243; uncode_shortcode_id=&#8220;201569&#8243; overlay_color_type=&#8220;uncode-palette&#8220; back_color_type=&#8220;uncode-palette&#8220; el_class=&#8220;foldhomepremium&#8220;][vc_column column_width_percent=&#8220;100&#8243; position_vertical=&#8220;middle&#8220; align_horizontal=&#8220;align_center&#8220; gutter_size=&#8220;3&#8243; style=&#8220;dark&#8220; [&hellip;]<\/p>\n","protected":false},"author":1,"featured_media":0,"parent":0,"menu_order":0,"comment_status":"closed","ping_status":"closed","template":"","meta":{"_acf_changed":false,"footnotes":""},"class_list":["post-2231","page","type-page","status-publish","hentry"],"acf":[],"_links":{"self":[{"href":"https:\/\/www.vostables.com\/de\/wp-json\/wp\/v2\/pages\/2231","targetHints":{"allow":["GET"]}}],"collection":[{"href":"https:\/\/www.vostables.com\/de\/wp-json\/wp\/v2\/pages"}],"about":[{"href":"https:\/\/www.vostables.com\/de\/wp-json\/wp\/v2\/types\/page"}],"author":[{"embeddable":true,"href":"https:\/\/www.vostables.com\/de\/wp-json\/wp\/v2\/users\/1"}],"replies":[{"embeddable":true,"href":"https:\/\/www.vostables.com\/de\/wp-json\/wp\/v2\/comments?post=2231"}],"version-history":[{"count":19,"href":"https:\/\/www.vostables.com\/de\/wp-json\/wp\/v2\/pages\/2231\/revisions"}],"predecessor-version":[{"id":6580,"href":"https:\/\/www.vostables.com\/de\/wp-json\/wp\/v2\/pages\/2231\/revisions\/6580"}],"wp:attachment":[{"href":"https:\/\/www.vostables.com\/de\/wp-json\/wp\/v2\/media?parent=2231"}],"curies":[{"name":"wp","href":"https:\/\/api.w.org\/{rel}","templated":true}]}}