{"id":2242,"date":"2021-08-25T17:26:15","date_gmt":"2021-08-25T15:26:15","guid":{"rendered":"https:\/\/vostables.be\/?page_id=2242"},"modified":"2025-12-11T15:53:52","modified_gmt":"2025-12-11T13:53:52","slug":"schweisstische","status":"publish","type":"page","link":"https:\/\/www.vostables.com\/de\/schweisstische\/","title":{"rendered":"Schwei\u00dftische"},"content":{"rendered":"<div class=\"wpb-content-wrapper\"><p>[vc_row row_height_percent=&#8220;0&#8243; override_padding=&#8220;yes&#8220; h_padding=&#8220;2&#8243; top_padding=&#8220;0&#8243; bottom_padding=&#8220;0&#8243; back_color=&#8220;color-176929&#8243; overlay_alpha=&#8220;50&#8243; gutter_size=&#8220;3&#8243; column_width_percent=&#8220;100&#8243; shift_y=&#8220;0&#8243; z_index=&#8220;0&#8243; inverted_device_order=&#8220;yes&#8220; uncode_shortcode_id=&#8220;236529&#8243; back_color_type=&#8220;uncode-palette&#8220; el_class=&#8220;greencheck&#8220;][vc_column column_width_percent=&#8220;100&#8243; position_vertical=&#8220;middle&#8220; gutter_size=&#8220;2&#8243; overlay_alpha=&#8220;50&#8243; shift_x=&#8220;0&#8243; shift_y=&#8220;0&#8243; shift_y_down=&#8220;0&#8243; z_index=&#8220;0&#8243; medium_width=&#8220;0&#8243; mobile_width=&#8220;0&#8243; width=&#8220;5\/12&#8243; uncode_shortcode_id=&#8220;887842&#8243;][uncode_breadcrumbs][vc_custom_heading heading_semantic=&#8220;h1&#8243; text_size=&#8220;h1&#8243; uncode_shortcode_id=&#8220;530623&#8243;]Schwei\u00dftische[\/vc_custom_heading][vc_column_text uncode_shortcode_id=&#8220;156700&#8243;]<\/p>\n<ul>\n<li><strong>Auswahl aus verschiedenen Gr\u00f6\u00dfen<\/strong><\/li>\n<li><strong>Robustes Material: <\/strong><br \/>\nS355 Stahl, gebiezt und ge\u00f6lt<\/li>\n<li><strong>Wahl zwischen zwei unterschiedlichen Lochmustern<\/strong><\/li>\n<li><strong>Verstellbare Unterkonstruktion<\/strong><\/li>\n<li><strong>Kurze Lieferzeit<\/strong><\/li>\n<\/ul>\n<p>[\/vc_column_text][vc_button button_color=&#8220;accent&#8220; hover_fx=&#8220;full-colored&#8220; border_width=&#8220;0&#8243; link=&#8220;url:%23scroll&#8220; button_color_type=&#8220;uncode-palette&#8220; uncode_shortcode_id=&#8220;822490&#8243;] W\u00e4hlen Sie Ihren Schwei\u00dftisch[\/vc_button][\/vc_column][vc_column width=&#8220;7\/12&#8243;][vc_single_image media=&#8220;3451&#8243; media_width_percent=&#8220;100&#8243; uncode_shortcode_id=&#8220;980671&#8243;][\/vc_column][\/vc_row][vc_row row_height_percent=&#8220;0&#8243; overlay_alpha=&#8220;50&#8243; gutter_size=&#8220;3&#8243; column_width_percent=&#8220;100&#8243; shift_y=&#8220;0&#8243; z_index=&#8220;0&#8243; content_parallax=&#8220;0&#8243; uncode_shortcode_id=&#8220;203424&#8243; el_id=&#8220;foldpage&#8220; row_name=&#8220;scroll&#8220;][vc_column width=&#8220;1\/1&#8243;][vc_column_text uncode_shortcode_id=&#8220;708254&#8243;]<\/p>\n<h2>Konfigurieren Sie Ihren Schwei\u00dftisch<\/h2>\n<h4><mark>\u00a0SCHRITT 1\u00a0<\/mark> W\u00e4hlen Sie die Gr\u00f6\u00dfe:<\/h4>\n<p>[\/vc_column_text][uncode_index el_id=&#8220;index-151734&#8243; isotope_mode=&#8220;fitRows&#8220; loop=&#8220;size:All|order_by:date|post_type:product|tax_query:226|taxonomy_count:10&#8243; screen_lg=&#8220;1000&#8243; screen_md=&#8220;600&#8243; screen_sm=&#8220;480&#8243; gutter_size=&#8220;3&#8243; product_items=&#8220;media|featured|onpost|original|hide-sale|inherit-atc|inherit-w-atc|atc-typo-default|show-atc,price|default,title,detail-195370,quick-view-button&#8220; single_overlay_opacity=&#8220;10&#8243; single_padding=&#8220;2&#8243; single_border=&#8220;yes&#8220; custom_order=&#8220;yes&#8220; no_double_tap=&#8220;yes&#8220; uncode_shortcode_id=&#8220;150457&#8243; el_class=&#8220;postblock postblocklastafels&#8220; order_ids=&#8220;2306,2308,2311,2312,2408,2399&#8243;][vc_empty_space empty_h=&#8220;2&#8243;][\/vc_column][\/vc_row][vc_row][vc_column width=&#8220;1\/1&#8243;][uncode_block id=&#8220;6831&#8243;][\/vc_column][\/vc_row][vc_row][vc_column width=&#8220;1\/1&#8243;][uncode_block id=&#8220;6781&#8243;][\/vc_column][\/vc_row]<\/p>\n<\/div>","protected":false},"excerpt":{"rendered":"<p>[vc_row row_height_percent=&#8220;0&#8243; override_padding=&#8220;yes&#8220; h_padding=&#8220;2&#8243; top_padding=&#8220;0&#8243; bottom_padding=&#8220;0&#8243; back_color=&#8220;color-176929&#8243; overlay_alpha=&#8220;50&#8243; gutter_size=&#8220;3&#8243; column_width_percent=&#8220;100&#8243; shift_y=&#8220;0&#8243; z_index=&#8220;0&#8243; inverted_device_order=&#8220;yes&#8220; uncode_shortcode_id=&#8220;236529&#8243; back_color_type=&#8220;uncode-palette&#8220; el_class=&#8220;greencheck&#8220;][vc_column column_width_percent=&#8220;100&#8243; position_vertical=&#8220;middle&#8220; gutter_size=&#8220;2&#8243; overlay_alpha=&#8220;50&#8243; [&hellip;]<\/p>\n","protected":false},"author":1,"featured_media":0,"parent":0,"menu_order":0,"comment_status":"closed","ping_status":"closed","template":"","meta":{"_acf_changed":false,"footnotes":""},"class_list":["post-2242","page","type-page","status-publish","hentry"],"acf":[],"_links":{"self":[{"href":"https:\/\/www.vostables.com\/de\/wp-json\/wp\/v2\/pages\/2242","targetHints":{"allow":["GET"]}}],"collection":[{"href":"https:\/\/www.vostables.com\/de\/wp-json\/wp\/v2\/pages"}],"about":[{"href":"https:\/\/www.vostables.com\/de\/wp-json\/wp\/v2\/types\/page"}],"author":[{"embeddable":true,"href":"https:\/\/www.vostables.com\/de\/wp-json\/wp\/v2\/users\/1"}],"replies":[{"embeddable":true,"href":"https:\/\/www.vostables.com\/de\/wp-json\/wp\/v2\/comments?post=2242"}],"version-history":[{"count":19,"href":"https:\/\/www.vostables.com\/de\/wp-json\/wp\/v2\/pages\/2242\/revisions"}],"predecessor-version":[{"id":6842,"href":"https:\/\/www.vostables.com\/de\/wp-json\/wp\/v2\/pages\/2242\/revisions\/6842"}],"wp:attachment":[{"href":"https:\/\/www.vostables.com\/de\/wp-json\/wp\/v2\/media?parent=2242"}],"curies":[{"name":"wp","href":"https:\/\/api.w.org\/{rel}","templated":true}]}}