{"id":2251,"date":"2021-08-25T17:26:56","date_gmt":"2021-08-25T15:26:56","guid":{"rendered":"https:\/\/vostables.be\/?page_id=2251"},"modified":"2025-11-12T10:56:31","modified_gmt":"2025-11-12T08:56:31","slug":"ueber-uns","status":"publish","type":"page","link":"https:\/\/www.vostables.com\/de\/ueber-uns\/","title":{"rendered":"\u00fcber uns"},"content":{"rendered":"<div class=\"wpb-content-wrapper\"><p>[vc_row][vc_column column_width_percent=&#8220;100&#8243; gutter_size=&#8220;2&#8243; overlay_alpha=&#8220;50&#8243; shift_x=&#8220;0&#8243; shift_y=&#8220;0&#8243; shift_y_down=&#8220;0&#8243; z_index=&#8220;0&#8243; medium_width=&#8220;0&#8243; mobile_width=&#8220;0&#8243; width=&#8220;5\/12&#8243; uncode_shortcode_id=&#8220;186538&#8243;][vc_custom_heading heading_semantic=&#8220;h1&#8243; text_size=&#8220;h1&#8243; uncode_shortcode_id=&#8220;161685&#8243;]\u00fcber uns[\/vc_custom_heading][vc_column_text uncode_shortcode_id=&#8220;755873&#8243;]<\/p>\n<p class=\"\" data-start=\"171\" data-end=\"535\">Bei <strong data-start=\"175\" data-end=\"188\">Vostables<\/strong> dreht sich alles um Qualit\u00e4t und Handwerk. Als metallverarbeitendes Familienunternehmen in zweiter Generation wissen wir genau, was Fachleute brauchen, um hervorragende Arbeit zu leisten. Aus dieser Erfahrung haben wir unsere eigene Linie von <strong data-start=\"432\" data-end=\"461\">Schwei\u00df- und Spanntischen<\/strong> entwickelt, die den Anforderungen moderner Metallbearbeiter gerecht wird.<\/p>\n<p class=\"\" data-start=\"537\" data-end=\"813\">Unsere Tische werden mit Sorgfalt entworfen, bestehen aus <strong data-start=\"595\" data-end=\"622\">hochwertigem S355-Stahl<\/strong> und verf\u00fcgen \u00fcber ein durchdachtes Lochraster f\u00fcr Flexibilit\u00e4t und Genauigkeit. Ob f\u00fcr kleine Projekte oder gro\u00dfe Konstruktionen \u2013 Vostables bietet alles f\u00fcr einen <strong data-start=\"787\" data-end=\"812\">stabilen Arbeitsplatz<\/strong>.<\/p>\n<p>[\/vc_column_text][vc_button button_color=&#8220;color-269362&#8243; border_width=&#8220;0&#8243; link=&#8220;url:https%3A%2F%2Fvostables.be%2Fde%2Fkontakt%2F|title:Contact&#8220; uncode_shortcode_id=&#8220;125397&#8243; button_color_type=&#8220;uncode-palette&#8220;]Kontakt[\/vc_button][\/vc_column][vc_column width=&#8220;7\/12&#8243;][vc_single_image media=&#8220;5315&#8243; media_width_percent=&#8220;100&#8243; uncode_shortcode_id=&#8220;401788&#8243;][\/vc_column][\/vc_row][vc_row][vc_column width=&#8220;7\/12&#8243;][vc_single_image media=&#8220;5185&#8243; media_width_percent=&#8220;100&#8243; uncode_shortcode_id=&#8220;464840&#8243;][\/vc_column][vc_column column_width_percent=&#8220;100&#8243; gutter_size=&#8220;2&#8243; overlay_alpha=&#8220;50&#8243; shift_x=&#8220;0&#8243; shift_y=&#8220;0&#8243; shift_y_down=&#8220;0&#8243; z_index=&#8220;0&#8243; medium_width=&#8220;0&#8243; mobile_width=&#8220;0&#8243; width=&#8220;5\/12&#8243; uncode_shortcode_id=&#8220;186538&#8243;][vc_column_text uncode_shortcode_id=&#8220;144379&#8243;]<\/p>\n<p class=\"\" data-start=\"815\" data-end=\"1110\">Neben Standardgr\u00f6\u00dfen bieten wir auch <strong data-start=\"852\" data-end=\"881\">ma\u00dfgeschneiderte L\u00f6sungen<\/strong> an, abgestimmt auf die Anforderungen Ihres Betriebs oder Arbeitsprozesses. Dank unseres Zubeh\u00f6rsortiments lassen sich unsere Tische einfach erweitern und anpassen, sodass Sie das Beste aus Ihrer <strong data-start=\"1077\" data-end=\"1090\">Werkstatt<\/strong> herausholen k\u00f6nnen.<\/p>\n<p class=\"\" data-start=\"1112\" data-end=\"1239\"><strong data-start=\"1112\" data-end=\"1125\">Vostables<\/strong> steht f\u00fcr die Verbindung von Tradition und Innovation \u2013 mit einem klaren Ziel: <strong data-start=\"1205\" data-end=\"1238\">L\u00f6sungen f\u00fcr echte Handwerker<\/strong>.<\/p>\n<p>[\/vc_column_text][\/vc_column][\/vc_row][vc_row row_height_percent=&#8220;0&#8243; back_color=&#8220;color-266757&#8243; overlay_alpha=&#8220;50&#8243; gutter_size=&#8220;3&#8243; column_width_percent=&#8220;100&#8243; shift_y=&#8220;0&#8243; z_index=&#8220;0&#8243; uncode_shortcode_id=&#8220;210279&#8243; back_color_type=&#8220;uncode-palette&#8220; el_class=&#8220;fbrecentieblock&#8220;][vc_column column_width_percent=&#8220;100&#8243; gutter_size=&#8220;3&#8243; overlay_alpha=&#8220;50&#8243; shift_x=&#8220;0&#8243; shift_y=&#8220;0&#8243; shift_y_down=&#8220;0&#8243; z_index=&#8220;0&#8243; medium_width=&#8220;0&#8243; mobile_width=&#8220;0&#8243; width=&#8220;1\/1&#8243; uncode_shortcode_id=&#8220;176119&#8243;][vc_custom_heading uncode_shortcode_id=&#8220;207500&#8243;]Bewertungen[\/vc_custom_heading][vc_gallery el_id=&#8220;gallery-143408&#8243; isotope_mode=&#8220;fitRows&#8220; medias=&#8220;3439,3329,3332,3335,3338,3387,3390,3396&#8243; gutter_size=&#8220;3&#8243; media_items=&#8220;media|nolink|original,icon&#8220; screen_lg=&#8220;1000&#8243; screen_md=&#8220;600&#8243; screen_sm=&#8220;480&#8243; single_width=&#8220;3&#8243; single_overlay_opacity=&#8220;1&#8243; single_overlay_visible=&#8220;yes&#8220; single_overlay_anim=&#8220;no&#8220; single_image_anim=&#8220;no&#8220; single_padding=&#8220;2&#8243; single_border=&#8220;yes&#8220; no_double_tap=&#8220;yes&#8220; uncode_shortcode_id=&#8220;274010&#8243;][\/vc_column][\/vc_row][vc_row unlock_row_content=&#8220;yes&#8220; row_height_percent=&#8220;33&#8243; override_padding=&#8220;yes&#8220; h_padding=&#8220;0&#8243; top_padding=&#8220;2&#8243; bottom_padding=&#8220;2&#8243; back_image=&#8220;101&#8243; parallax=&#8220;yes&#8220; overlay_alpha=&#8220;50&#8243; gutter_size=&#8220;3&#8243; column_width_percent=&#8220;100&#8243; shift_y=&#8220;0&#8243; z_index=&#8220;0&#8243; desktop_visibility=&#8220;yes&#8220; medium_visibility=&#8220;yes&#8220; mobile_visibility=&#8220;yes&#8220; uncode_shortcode_id=&#8220;172793&#8243;][vc_column width=&#8220;1\/1&#8243;][\/vc_column][\/vc_row][vc_row][vc_column width=&#8220;1\/1&#8243;][uncode_block id=&#8220;2183&#8243;][\/vc_column][\/vc_row]<\/p>\n<\/div>","protected":false},"excerpt":{"rendered":"<p>[vc_row][vc_column column_width_percent=&#8220;100&#8243; gutter_size=&#8220;2&#8243; overlay_alpha=&#8220;50&#8243; shift_x=&#8220;0&#8243; shift_y=&#8220;0&#8243; shift_y_down=&#8220;0&#8243; z_index=&#8220;0&#8243; medium_width=&#8220;0&#8243; mobile_width=&#8220;0&#8243; width=&#8220;5\/12&#8243; uncode_shortcode_id=&#8220;186538&#8243;][vc_custom_heading heading_semantic=&#8220;h1&#8243; text_size=&#8220;h1&#8243; uncode_shortcode_id=&#8220;161685&#8243;]\u00fcber uns[\/vc_custom_heading][vc_column_text uncode_shortcode_id=&#8220;755873&#8243;] Bei Vostables dreht [&hellip;]<\/p>\n","protected":false},"author":1,"featured_media":0,"parent":0,"menu_order":0,"comment_status":"closed","ping_status":"closed","template":"","meta":{"_acf_changed":false,"footnotes":""},"class_list":["post-2251","page","type-page","status-publish","hentry"],"acf":[],"_links":{"self":[{"href":"https:\/\/www.vostables.com\/de\/wp-json\/wp\/v2\/pages\/2251","targetHints":{"allow":["GET"]}}],"collection":[{"href":"https:\/\/www.vostables.com\/de\/wp-json\/wp\/v2\/pages"}],"about":[{"href":"https:\/\/www.vostables.com\/de\/wp-json\/wp\/v2\/types\/page"}],"author":[{"embeddable":true,"href":"https:\/\/www.vostables.com\/de\/wp-json\/wp\/v2\/users\/1"}],"replies":[{"embeddable":true,"href":"https:\/\/www.vostables.com\/de\/wp-json\/wp\/v2\/comments?post=2251"}],"version-history":[{"count":12,"href":"https:\/\/www.vostables.com\/de\/wp-json\/wp\/v2\/pages\/2251\/revisions"}],"predecessor-version":[{"id":6589,"href":"https:\/\/www.vostables.com\/de\/wp-json\/wp\/v2\/pages\/2251\/revisions\/6589"}],"wp:attachment":[{"href":"https:\/\/www.vostables.com\/de\/wp-json\/wp\/v2\/media?parent=2251"}],"curies":[{"name":"wp","href":"https:\/\/api.w.org\/{rel}","templated":true}]}}