{"id":2253,"date":"2024-01-13T11:58:12","date_gmt":"2024-01-13T09:58:12","guid":{"rendered":"https:\/\/vostables.be\/?page_id=2253"},"modified":"2024-01-25T16:35:36","modified_gmt":"2024-01-25T14:35:36","slug":"datenschutzerklaerung","status":"publish","type":"page","link":"https:\/\/www.vostables.com\/de\/datenschutzerklaerung\/","title":{"rendered":"Datenschutzerkl\u00e4rung"},"content":{"rendered":"<div class=\"wpb-content-wrapper\"><p>[vc_row][vc_column width=&#8220;2\/3&#8243;][vc_column_text uncode_shortcode_id=&#8220;129899&#8243;]Datum des Inkrafttretens: 1. December 2022<\/p>\n<p>Vostables (&#8222;wir&#8220;, &#8222;wir&#8220; oder &#8222;unser&#8220;) betreibt die Website https:\/\/vostables.be (im Folgenden als &#8222;Service&#8220; bezeichnet).&#8220;<\/p>\n<p>Diese Seite enth\u00e4lt Informationen \u00fcber unsere Richtlinien bez\u00fcglich der Erfassung, Verwendung und Offenlegung Ihrer pers\u00f6nlichen Daten, wenn Sie unseren Service nutzen und die M\u00f6glichkeiten, die Sie haben bez\u00fcglich dieser Daten.<\/p>\n<p>Wir verwenden Ihre Informationen, um den Dienst bereitzustellen und zu verbessern. Wenn Sie den Dienst nutzen, erkl\u00e4ren Sie sich mit der Erfassung und Verwendung von Informationen in \u00dcbereinstimmung mit dieser Richtlinie einverstanden. Sofern in dieser Datenschutzrichtlinie nicht anders angegeben, hat die in dieser Datenschutzrichtlinie verwendete Terminologie dieselbe Bedeutung wie in unseren Allgemeinen Gesch\u00e4ftsbedingungen, die Sie unter https:\/\/vostables.be finden.<\/p>\n<h3>Definitionen<\/h3>\n<ul>\n<li><span data-sheets-value=\"{&quot;1&quot;:2,&quot;2&quot;:&quot;Dienst. Unter Dienst verstehen wir die von Bikebat betriebene Website https:\/\/bikebat.be\\nNutzungsdaten Unter Nutzungsdaten verstehen wir automatisch erhobene Daten, die durch die Nutzung des Dienstes oder der Infrastruktur des Dienstes selbst erzeugt werden (z.B. die Dauer des Besuchs einer Seite).\\nNutzungsdaten Unter Nutzungsdaten verstehen wir automatisch gesammelte Daten, die durch die Nutzung des Dienstes oder der Infrastruktur des Dienstes selbst erzeugt werden (z.B. die Dauer des Besuchs einer Seite).\\nCookies Cookies sind Informationsdateien, die auf Ihrem Ger\u00e4t (Computer oder Mobilger\u00e4t) gespeichert werden.\\&quot;&quot;}\" data-sheets-userformat=\"{&quot;2&quot;:769,&quot;3&quot;:{&quot;1&quot;:0},&quot;11&quot;:4,&quot;12&quot;:0}\"><strong>Dienst<\/strong>. Unter Dienst verstehen wir die von Vostables betriebene Website https:\/\/vostables.be<br \/>\n<\/span><\/li>\n<li><span data-sheets-value=\"{&quot;1&quot;:2,&quot;2&quot;:&quot;Dienst. Unter Dienst verstehen wir die von Bikebat betriebene Website https:\/\/bikebat.be\\nNutzungsdaten Unter Nutzungsdaten verstehen wir automatisch erhobene Daten, die durch die Nutzung des Dienstes oder der Infrastruktur des Dienstes selbst erzeugt werden (z.B. die Dauer des Besuchs einer Seite).\\nNutzungsdaten Unter Nutzungsdaten verstehen wir automatisch gesammelte Daten, die durch die Nutzung des Dienstes oder der Infrastruktur des Dienstes selbst erzeugt werden (z.B. die Dauer des Besuchs einer Seite).\\nCookies Cookies sind Informationsdateien, die auf Ihrem Ger\u00e4t (Computer oder Mobilger\u00e4t) gespeichert werden.\\&quot;&quot;}\" data-sheets-userformat=\"{&quot;2&quot;:769,&quot;3&quot;:{&quot;1&quot;:0},&quot;11&quot;:4,&quot;12&quot;:0}\"><strong>Nutzungsdaten<\/strong> Unter Nutzungsdaten verstehen wir automatisch erhobene Daten, die durch die Nutzung des Dienstes oder der Infrastruktur des Dienstes selbst erzeugt werden (z.B. die Dauer des Besuchs einer Seite).<br \/>\n<\/span><\/li>\n<li><span data-sheets-value=\"{&quot;1&quot;:2,&quot;2&quot;:&quot;Dienst. Unter Dienst verstehen wir die von Bikebat betriebene Website https:\/\/bikebat.be\\nNutzungsdaten Unter Nutzungsdaten verstehen wir automatisch erhobene Daten, die durch die Nutzung des Dienstes oder der Infrastruktur des Dienstes selbst erzeugt werden (z.B. die Dauer des Besuchs einer Seite).\\nNutzungsdaten Unter Nutzungsdaten verstehen wir automatisch gesammelte Daten, die durch die Nutzung des Dienstes oder der Infrastruktur des Dienstes selbst erzeugt werden (z.B. die Dauer des Besuchs einer Seite).\\nCookies Cookies sind Informationsdateien, die auf Ihrem Ger\u00e4t (Computer oder Mobilger\u00e4t) gespeichert werden.\\&quot;&quot;}\" data-sheets-userformat=\"{&quot;2&quot;:769,&quot;3&quot;:{&quot;1&quot;:0},&quot;11&quot;:4,&quot;12&quot;:0}\"><strong>Nutzungsdaten<\/strong> Unter Nutzungsdaten verstehen wir automatisch gesammelte Daten, die durch die Nutzung des Dienstes oder der Infrastruktur des Dienstes selbst erzeugt werden (z.B. die Dauer des Besuchs einer Seite).<br \/>\n<\/span><\/li>\n<li><span data-sheets-value=\"{&quot;1&quot;:2,&quot;2&quot;:&quot;Dienst. Unter Dienst verstehen wir die von Bikebat betriebene Website https:\/\/bikebat.be\\nNutzungsdaten Unter Nutzungsdaten verstehen wir automatisch erhobene Daten, die durch die Nutzung des Dienstes oder der Infrastruktur des Dienstes selbst erzeugt werden (z.B. die Dauer des Besuchs einer Seite).\\nNutzungsdaten Unter Nutzungsdaten verstehen wir automatisch gesammelte Daten, die durch die Nutzung des Dienstes oder der Infrastruktur des Dienstes selbst erzeugt werden (z.B. die Dauer des Besuchs einer Seite).\\nCookies Cookies sind Informationsdateien, die auf Ihrem Ger\u00e4t (Computer oder Mobilger\u00e4t) gespeichert werden.\\&quot;&quot;}\" data-sheets-userformat=\"{&quot;2&quot;:769,&quot;3&quot;:{&quot;1&quot;:0},&quot;11&quot;:4,&quot;12&quot;:0}\"><strong>Cookies<\/strong> Cookies sind Informationsdateien, die auf Ihrem Ger\u00e4t (Computer oder Mobilger\u00e4t) gespeichert werden.&#8220;<\/span><\/li>\n<\/ul>\n<h3>Erfassung und Verwendung von Daten.<\/h3>\n<p>Wir sammeln verschiedene Arten von Daten zu unterschiedlichen Zwecken, um Ihnen unseren Service zur Verf\u00fcgung zu stellen und ihn zu verbessern.<\/p>\n<h3>Arten der gesammelten Daten<\/h3>\n<h4>personenbezogenen Daten.<\/h4>\n<p>Wenn Sie unseren Dienst nutzen, k\u00f6nnen wir Sie bitten, uns bestimmte personenbezogene Daten zur Verf\u00fcgung zu stellen, die dazu verwendet werden k\u00f6nnen, Sie zu kontaktieren oder zu identifizieren (&#8222;personenbezogenen Daten&#8220;). Zu diesen personenbezogenen Daten k\u00f6nnen unter anderem geh\u00f6ren:<\/p>\n<ul>\n<li>E-Mail Adresse<\/li>\n<li>Vor- und Nachname<\/li>\n<li>Adresse, Provinz, Postleitzahl, Stadt<\/li>\n<li>Cookies und Nutzungsdaten<\/li>\n<\/ul>\n<h4>Nutzungsdaten<\/h4>\n<p>Diese Nutzungsdaten k\u00f6nnen Informationen wie die Internetprotokolladresse (IP-Adresse) Ihres Computers, den Browsertyp, die Browserversion, die Seiten, die Sie auf unserem Dienst besucht haben, die Uhrzeit und das Datum Ihres Besuchs, die Zeit, die Sie auf diesen Seiten verbracht haben, eindeutige Ger\u00e4te-IDs und andere Diagnosedaten enthalten.<\/p>\n<h4>Tracking &amp; Cookie-Daten<\/h4>\n<p>Wir verwenden Cookies und \u00e4hnliche Tracking-Technologien, um die Aktivit\u00e4ten auf unserem Dienst zu verfolgen, und wir speichern bestimmte Informationen.<\/p>\n<p>Cookies sind Dateien, die eine kleine Menge an Daten enthalten, die eine anonyme eindeutige ID enthalten k\u00f6nnen. Cookies werden von einer Website an Ihren Browser gesendet und auf Ihrem Ger\u00e4t gespeichert. Andere Tracking-Technologien wie Beacons, Tags und Skripte werden ebenfalls verwendet, um Daten zu sammeln und zu verfolgen und um unseren Dienst zu verbessern und zu analysieren.<\/p>\n<p>Sie k\u00f6nnen Ihren Browser so einstellen, dass er alle Cookies ablehnt oder anzeigt, wenn ein Cookie gesendet wird. Wenn Sie jedoch keine Cookies akzeptieren, k\u00f6nnen Sie m\u00f6glicherweise nicht alle Funktionen unseres Dienstes nutzen.<\/p>\n<p>Beispiele f\u00fcr die von uns verwendeten Cookies:<\/p>\n<ul>\n<li><strong>Session-Cookies.<\/strong> Wir verwenden Sitzungscookies, um unseren Dienst zu verwalten.<\/li>\n<li><strong>Pr\u00e4ferenz-Cookies.<\/strong> Wir verwenden Pr\u00e4ferenz-Cookies, um Ihre Pr\u00e4ferenzen und verschiedenen Einstellungen zu speichern.<\/li>\n<li><strong>Sicherheits-Cookies.<\/strong> Wir verwenden Sicherheits-Cookies f\u00fcr Sicherheitszwecke.&#8220;<\/li>\n<\/ul>\n<h3>Verwendung der Daten<\/h3>\n<p>Vostables verwendet die gesammelten Daten f\u00fcr eine Vielzahl von Zwecken:<\/p>\n<ul>\n<li>Zur Bereitstellung und Aufrechterhaltung unseres Dienstes<\/li>\n<li>Um Sie \u00fcber \u00c4nderungen an unserem Service zu informieren<\/li>\n<li>Um Ihnen die Teilnahme an den interaktiven Funktionen unseres Dienstes zu erm\u00f6glichen, wenn Sie dies w\u00fcnschen<\/li>\n<li>Um unseren Kunden Unterst\u00fctzung zu bieten<\/li>\n<li>Um Analysen oder wertvolle Daten zu sammeln, die wir zur Verbesserung unseres Dienstes verwenden k\u00f6nnen<\/li>\n<li>Um die Nutzung unseres Dienstes zu \u00fcberwachen<\/li>\n<li>Um technische Probleme zu erkennen, zu verhindern und zu beheben<\/li>\n<li>Um Ihnen Nachrichten, Sonderangebote und allgemeine Informationen \u00fcber unsere Waren, Dienstleistungen und Veranstaltungen zukommen zu lassen, die denjenigen \u00e4hneln, die Sie bereits gekauft oder \u00fcber die Sie in der Vergangenheit Informationen angefordert haben, es sei denn, Sie haben angegeben, dass Sie solche Informationen nicht erhalten m\u00f6chten.<\/li>\n<\/ul>\n<h3>Daten\u00fcbertragung<\/h3>\n<p>Ihre Daten, einschlie\u00dflich personenbezogener Daten, k\u00f6nnen an Computer \u00fcbertragen und auf diesen gespeichert werden, die sich au\u00dferhalb der Gerichtsbarkeit Ihrer Provinz, Ihres Landes oder einer anderen \u00f6ffentlichen Beh\u00f6rde befinden, wo die Datenschutzgesetze von denen in Ihrer Gerichtsbarkeit abweichen k\u00f6nnen.<\/p>\n<p>Bitte beachten Sie, dass wir, wenn Sie sich au\u00dferhalb Belgiens befinden und uns Daten zur Verf\u00fcgung stellen, diese Daten, einschlie\u00dflich personenbezogener Daten, nach Belgien \u00fcbertragen und dort verarbeiten werden.<\/p>\n<p>Mit Ihrer Zustimmung zu dieser Datenschutzrerkl\u00e4rung und der anschlie\u00dfenden \u00dcbermittlung solcher Daten erkl\u00e4ren Sie sich mit einer solchen \u00dcbertragung einverstanden.<\/p>\n<p>Vostables wird alle angemessenen Ma\u00dfnahmen ergreifen, um sicherzustellen, dass Ihre Daten sicher und in \u00dcbereinstimmung mit diesen Datenschutbestimmungen behandelt werden und dass Ihre pers\u00f6nlichen Daten niemals an eine Organisation oder ein Land \u00fcbertragen werden, in dem keine angemessenen Kontrollen stattfinden, einschlie\u00dflich der Sicherheit Ihrer Daten und anderer pers\u00f6nlicher Daten.<\/p>\n<h3>Offenlegung von Daten<\/h3>\n<h4>Gesetzliche Anforderungen<\/h4>\n<p>Vostables kann Ihre pers\u00f6nlichen Daten offenlegen, wenn es in gutem Glauben davon ausgeht, dass eine solche Ma\u00dfnahme notwendig ist:<\/p>\n<ul>\n<li>Um einer gesetzlichen Verpflichtung nachzukommen<\/li>\n<li>zum Schutz und zur Verteidigung der Rechte und des Eigentums von Vostables<\/li>\n<li>Um m\u00f6gliche Missst\u00e4nde im Zusammenhang mit dem Dienst zu verhindern oder zu untersuchen<\/li>\n<li>Zum Schutz der pers\u00f6nlichen Sicherheit der Nutzer des Dienstes oder der \u00d6ffentlichkeit<\/li>\n<li>Zum Schutz vor rechtlicher Haftung.<\/li>\n<\/ul>\n<h3>Datensicherheit<\/h3>\n<p>Die Sicherheit Ihrer Daten ist uns wichtig, aber bitte vergessen Sie nicht, dass keine Methode der \u00dcbertragung \u00fcber das Internet oder der elektronischen Speicherung zu 100% sicher ist. Obwohl wir uns bem\u00fchen, wirtschaftlich vertretbare Mittel zum Schutz Ihrer personenbezogenen Daten einzusetzen, k\u00f6nnen wir keine absolute Sicherheit garantieren.<\/p>\n<h3>Dienstleister<\/h3>\n<p>Wir k\u00f6nnen externe Unternehmen und Einzelpersonen damit beauftragen, unseren Dienst zu erleichtern (&#8222;Dienstleister&#8220;), den Dienst in unserem Namen bereitzustellen, Dienstleistungen als Teil unseres Dienstes zu erbringen oder uns bei der Analyse der Nutzung unseres Dienstes zu helfen.<\/p>\n<p>Diese Dritten haben nur Zugang zu Ihren personenbezogenen Daten, um diese Aufgaben in unserem Namen zu erf\u00fcllen, und d\u00fcrfen sie nicht an Dritte weitergeben oder f\u00fcr andere Zwecke verwenden.&#8220;<\/p>\n<h3>Analytik<\/h3>\n<p>Wir k\u00f6nnen Drittanbieter einsetzen, um die Nutzung unseres Dienstes zu verfolgen und zu analysieren.<\/p>\n<ul>\n<li>Google Analytics Google Analytics ist ein von Google bereitgestellter Webanalysedienst, der den Website-Verkehr verfolgt und berichtet. Google verwendet die gesammelten Daten, um die Nutzung unseres Dienstes zu verfolgen und zu analysieren. Diese Daten werden mit anderen Google-Diensten geteilt. Sie k\u00f6nnen angeben, dass Sie nicht m\u00f6chten, dass Ihre Aktivit\u00e4ten auf dem Service f\u00fcr Google Analytics verf\u00fcgbar sind, indem Sie das Google Analytics Opt-Out Browser Add-on installieren. Dieses Add-on stellt sicher, dass das Google Analytics JavaScript (ga.js, analytics.js und dc.js) keine Informationen \u00fcber Ihre Aktivit\u00e4ten im Internet an Google Analytics weitergeben kann.Weitere Informationen \u00fcber die Datenschutzpraktiken von Google finden Sie auf der Webseite zum Datenschutz und zu den Nutzungsbedingungen von Google: https:\/\/policies.google.com\/privacy?hl=en<\/li>\n<\/ul>\n<h3>Links zu anderen Websites<\/h3>\n<p>Unser Service kann Links zu anderen Websites enthalten, die nicht von uns betrieben werden. Wenn Sie auf einen Link von einer externen Partei klicken, werden Sie auf die Seite dieser externen Partei weitergeleitet. Wir empfehlen Ihnen dringend, die Datenschutzerkl\u00e4rung jeder Seite, die Sie besuchen, zu \u00fcberpr\u00fcfen.<\/p>\n<p>Wir haben keine Kontrolle \u00fcber die Inhalte, Datenschutzrichtlinien oder Praktiken von Websites oder Diensten Dritter und \u00fcbernehmen keine Haftung daf\u00fcr.<\/p>\n<h3>Datenschutz f\u00fcr Kinder<\/h3>\n<p>Unser Dienst richtet sich nicht an Personen unter 18 Jahren (&#8222;Kinder&#8220;).<\/p>\n<p>Wir sammeln niemals wissentlich personenbezogene Daten von Personen unter 18 Jahren. Wenn Sie ein Elternteil oder Erziehungsberechtigter sind und feststellen, dass Ihr Kind uns personenbezogene Daten zur Verf\u00fcgung gestellt hat, wenden Sie sich bitte an uns. Wenn Sie feststellen, dass wir personenbezogene Daten von Kindern ohne \u00dcberpr\u00fcfung der elterlichen Kontrolle erfasst haben, werden wir die notwendigen Schritte unternehmen, um diese Informationen von unseren Servern zu entfernen.<\/p>\n<h3>\u00c4nderungen an dieser Datenschutzerkl\u00e4rung<\/h3>\n<p>Wir k\u00f6nnen unsere Datenschutzerkl\u00e4rung von Zeit zu Zeit aktualisieren. Wir werden Sie \u00fcber alle \u00c4nderungen informieren, indem wir die neue Datenschutzerkl\u00e4rung auf dieser Seite ver\u00f6ffentlichen.<\/p>\n<p>Wir benachrichtigen Sie per E-Mail und\/oder durch einen deutlichen Hinweis in unserem Service, bevor die \u00c4nderungen in Kraft treten, und wir aktualisieren das &#8222;Datum des Inkrafttretens&#8220;, das oben in dieser Datenschutzerkl\u00e4rung aufgef\u00fchrt ist.<\/p>\n<p>Wir empfehlen Ihnen, diese Datenschutzerkl\u00e4rung regelm\u00e4\u00dfig auf \u00c4nderungen zu \u00fcberpr\u00fcfen. \u00c4nderungen an dieser Datenschutzerkl\u00e4rung treten zu dem Zeitpunkt in Kraft, zu dem sie auf dieser Seite ver\u00f6ffentlicht werden.<\/p>\n<h3>Kontakt aufnehmen<\/h3>\n<p>Wenn Sie Fragen zu dieser Datenschutzerkl\u00e4rung haben, kontaktieren Sie uns bitte:<\/p>\n<ul>\n<li>Via E-Mail: privacy@vostables.be<\/li>\n<\/ul>\n<p>[\/vc_column_text][vc_empty_space empty_h=&#8220;2&#8243;][\/vc_column][vc_column width=&#8220;1\/3&#8243;][\/vc_column][\/vc_row]<\/p>\n<\/div>","protected":false},"excerpt":{"rendered":"<p>[vc_row][vc_column width=&#8220;2\/3&#8243;][vc_column_text uncode_shortcode_id=&#8220;129899&#8243;]Datum des Inkrafttretens: 1. December 2022 Vostables (&#8222;wir&#8220;, &#8222;wir&#8220; oder &#8222;unser&#8220;) betreibt die Website https:\/\/vostables.be (im Folgenden als [&hellip;]<\/p>\n","protected":false},"author":1,"featured_media":0,"parent":0,"menu_order":0,"comment_status":"closed","ping_status":"open","template":"","meta":{"_acf_changed":false,"footnotes":""},"class_list":["post-2253","page","type-page","status-publish","hentry"],"acf":[],"_links":{"self":[{"href":"https:\/\/www.vostables.com\/de\/wp-json\/wp\/v2\/pages\/2253","targetHints":{"allow":["GET"]}}],"collection":[{"href":"https:\/\/www.vostables.com\/de\/wp-json\/wp\/v2\/pages"}],"about":[{"href":"https:\/\/www.vostables.com\/de\/wp-json\/wp\/v2\/types\/page"}],"author":[{"embeddable":true,"href":"https:\/\/www.vostables.com\/de\/wp-json\/wp\/v2\/users\/1"}],"replies":[{"embeddable":true,"href":"https:\/\/www.vostables.com\/de\/wp-json\/wp\/v2\/comments?post=2253"}],"version-history":[{"count":4,"href":"https:\/\/www.vostables.com\/de\/wp-json\/wp\/v2\/pages\/2253\/revisions"}],"predecessor-version":[{"id":2393,"href":"https:\/\/www.vostables.com\/de\/wp-json\/wp\/v2\/pages\/2253\/revisions\/2393"}],"wp:attachment":[{"href":"https:\/\/www.vostables.com\/de\/wp-json\/wp\/v2\/media?parent=2253"}],"curies":[{"name":"wp","href":"https:\/\/api.w.org\/{rel}","templated":true}]}}