{"id":2256,"date":"2024-01-13T11:59:40","date_gmt":"2024-01-13T09:59:40","guid":{"rendered":"https:\/\/vostables.be\/?page_id=2256"},"modified":"2024-01-13T12:43:26","modified_gmt":"2024-01-13T10:43:26","slug":"rueckgaberichtlinien","status":"publish","type":"page","link":"https:\/\/www.vostables.com\/de\/rueckgaberichtlinien\/","title":{"rendered":"R\u00fcckgaberichtlinien"},"content":{"rendered":"<div class=\"wpb-content-wrapper\"><p>[vc_row][vc_column width=&#8220;1\/1&#8243;][vc_custom_heading heading_semantic=&#8220;h1&#8243; text_size=&#8220;h1&#8243; uncode_shortcode_id=&#8220;331566&#8243;]R\u00fcckgaberichtlinien[\/vc_custom_heading][\/vc_column][\/vc_row][vc_row][vc_column width=&#8220;2\/3&#8243;][vc_column_text uncode_shortcode_id=&#8220;187703&#8243;]<\/p>\n<h3><\/h3>\n<p>Wenn Sie eine Bestellung zur\u00fcckgeben m\u00f6chten, k\u00f6nnen Sie dies innerhalb von 14 Tagen nach dem Kauf tun.<\/p>\n<p>Senden Sie dazu zun\u00e4chst eine E-Mail an <a href=\"mailto:info@vostables.be\" target=\"_blank\" rel=\"noopener\">info@vostables.be<\/a> oder kontaktieren Sie uns unter <a href=\"tel:003292739756\">09 273 97 56<\/a> und geben Sie deutlich an, warum Sie die Bestellung zur\u00fcckgeben m\u00f6chten.<\/p>\n<h3><strong>Wie funktioniert eine R\u00fccksendung?<\/strong><\/h3>\n<p>Sie erhalten per E-Mail einen R\u00fccksendeschein. Erst wenn Sie diesen Retourenschein erhalten haben, k\u00f6nnen Sie Ihre Bestellung zur\u00fccksenden.<br \/>\nDrucken Sie diesen Schein aus und bringen Sie ihn unbedingt mit.<\/p>\n<p>Die Produkte m\u00fcssen vom K\u00e4ufer in ihrem urspr\u00fcnglichen Zustand zur\u00fcckgegeben werden.<\/p>\n<p>Die Kosten der R\u00fccksendung gehen zu Lasten des K\u00e4ufers.<\/p>\n<h3><strong>Wie lange dauert eine R\u00fccksendung?<\/strong><\/h3>\n<ul>\n<li>Belgien: 14 Tage<\/li>\n<li>Niederlande: 14 Tage.<\/li>\n<\/ul>\n<p>[\/vc_column_text][vc_empty_space][\/vc_column][vc_column column_width_percent=&#8220;100&#8243; gutter_size=&#8220;2&#8243; back_color=&#8220;color-266757&#8243; overlay_alpha=&#8220;50&#8243; shift_x=&#8220;0&#8243; shift_y=&#8220;0&#8243; shift_y_down=&#8220;0&#8243; z_index=&#8220;0&#8243; medium_width=&#8220;0&#8243; mobile_width=&#8220;0&#8243; css_animation=&#8220;right-t-left&#8220; sticky=&#8220;yes&#8220; width=&#8220;1\/3&#8243; uncode_shortcode_id=&#8220;147484&#8243; back_color_type=&#8220;uncode-palette&#8220;][vc_single_image media=&#8220;510&#8243; media_width_percent=&#8220;10&#8243; uncode_shortcode_id=&#8220;140722&#8243;][vc_custom_heading heading_semantic=&#8220;h3&#8243; text_size=&#8220;h3&#8243; uncode_shortcode_id=&#8220;188369&#8243;]Kontakt[\/vc_custom_heading][vc_column_text uncode_shortcode_id=&#8220;139316&#8243;]Haben Sie Fragen \u00fcber unsere Produkte oder ben\u00f6tigen Sie Hilfe bei der Auswahl von Optionen? Kontaktieren Sie uns bitte, wir helfen Ihnen gerne![\/vc_column_text][vc_button button_color=&#8220;color-269362&#8243; hover_fx=&#8220;full-colored&#8220; custom_typo=&#8220;yes&#8220; font_family=&#8220;font-107488&#8243; font_weight=&#8220;700&#8243; text_transform=&#8220;uppercase&#8220; border_width=&#8220;0&#8243; uncode_shortcode_id=&#8220;141909&#8243; button_color_type=&#8220;uncode-palette&#8220; link=&#8220;url:https%3A%2F%2Fvostables.be%2Fde%2Fkontakt%2F|title:Contact&#8220;]Lesen Sie mehr[\/vc_button][\/vc_column][\/vc_row]<\/p>\n<\/div>","protected":false},"excerpt":{"rendered":"<p>[vc_row][vc_column width=&#8220;1\/1&#8243;][vc_custom_heading heading_semantic=&#8220;h1&#8243; text_size=&#8220;h1&#8243; uncode_shortcode_id=&#8220;331566&#8243;]R\u00fcckgaberichtlinien[\/vc_custom_heading][\/vc_column][\/vc_row][vc_row][vc_column width=&#8220;2\/3&#8243;][vc_column_text uncode_shortcode_id=&#8220;187703&#8243;] Wenn Sie eine Bestellung zur\u00fcckgeben m\u00f6chten, k\u00f6nnen Sie dies innerhalb von 14 Tagen [&hellip;]<\/p>\n","protected":false},"author":1,"featured_media":0,"parent":0,"menu_order":0,"comment_status":"closed","ping_status":"closed","template":"","meta":{"_acf_changed":false,"footnotes":""},"class_list":["post-2256","page","type-page","status-publish","hentry"],"acf":[],"_links":{"self":[{"href":"https:\/\/www.vostables.com\/de\/wp-json\/wp\/v2\/pages\/2256","targetHints":{"allow":["GET"]}}],"collection":[{"href":"https:\/\/www.vostables.com\/de\/wp-json\/wp\/v2\/pages"}],"about":[{"href":"https:\/\/www.vostables.com\/de\/wp-json\/wp\/v2\/types\/page"}],"author":[{"embeddable":true,"href":"https:\/\/www.vostables.com\/de\/wp-json\/wp\/v2\/users\/1"}],"replies":[{"embeddable":true,"href":"https:\/\/www.vostables.com\/de\/wp-json\/wp\/v2\/comments?post=2256"}],"version-history":[{"count":4,"href":"https:\/\/www.vostables.com\/de\/wp-json\/wp\/v2\/pages\/2256\/revisions"}],"predecessor-version":[{"id":2301,"href":"https:\/\/www.vostables.com\/de\/wp-json\/wp\/v2\/pages\/2256\/revisions\/2301"}],"wp:attachment":[{"href":"https:\/\/www.vostables.com\/de\/wp-json\/wp\/v2\/media?parent=2256"}],"curies":[{"name":"wp","href":"https:\/\/api.w.org\/{rel}","templated":true}]}}