{"id":5556,"date":"2025-10-28T17:49:20","date_gmt":"2025-10-28T15:49:20","guid":{"rendered":"https:\/\/vostables.be\/?page_id=5556"},"modified":"2026-03-05T10:42:18","modified_gmt":"2026-03-05T08:42:18","slug":"shop-uebersicht","status":"publish","type":"page","link":"https:\/\/www.vostables.com\/de\/shop-uebersicht\/","title":{"rendered":"Shop-\u00dcbersicht"},"content":{"rendered":"<div class=\"wpb-content-wrapper\"><p>[vc_row row_height_percent=&#8220;0&#8243; overlay_alpha=&#8220;50&#8243; gutter_size=&#8220;3&#8243; column_width_percent=&#8220;100&#8243; shift_y=&#8220;0&#8243; z_index=&#8220;0&#8243; uncode_shortcode_id=&#8220;205733&#8243; el_id=&#8220;foldpage&#8220;][vc_column width=&#8220;1\/1&#8243;][vc_custom_heading heading_semantic=&#8220;h1&#8243; text_size=&#8220;h1&#8243; uncode_shortcode_id=&#8220;419093&#8243;]Shop[\/vc_custom_heading][vc_tabs history=&#8220;yes&#8220; tab_no_fade=&#8220;yes&#8220; align=&#8220;left&#8220; tab_no_border=&#8220;yes&#8220; uncode_shortcode_id=&#8220;110081&#8243;][vc_tab gutter_size=&#8220;2&#8243; column_padding=&#8220;2&#8243; title=&#8220;Standard&#8220; tab_id=&#8220;1761828631-1-731762782507457&#8243; slug=&#8220;Standard&#8220;][uncode_index el_id=&#8220;index-151734&#8243; index_type=&#8220;css_grid&#8220; loop=&#8220;size:6|order_by:date|post_type:product|tax_query:18|taxonomy_count:10&#8243; grid_items=&#8220;3&#8243; screen_lg_items=&#8220;3&#8243; screen_lg_breakpoint=&#8220;960&#8243; screen_md_items=&#8220;2&#8243; screen_md_breakpoint=&#8220;768&#8243; screen_sm_items=&#8220;1&#8243; screen_sm_breakpoint=&#8220;570&#8243; gutter_size=&#8220;3&#8243; product_items=&#8220;media|featured|onpost|original|hide-sale|inherit-atc|inherit-w-atc|atc-typo-default|show-atc,price|default,title,detail-195370,quick-view-button&#8220; single_overlay_opacity=&#8220;10&#8243; single_padding=&#8220;2&#8243; single_border=&#8220;yes&#8220; custom_order=&#8220;yes&#8220; no_double_tap=&#8220;yes&#8220; uncode_shortcode_id=&#8220;131386&#8243; el_class=&#8220;postblock postblocklastafels&#8220; order_ids=&#8220;105,256,261,262,1772,1781&#8243;][vc_empty_space empty_h=&#8220;2&#8243;][vc_custom_heading uncode_shortcode_id=&#8220;612563&#8243;]Pakete[\/vc_custom_heading][uncode_index el_id=&#8220;index-151734&#8243; index_type=&#8220;css_grid&#8220; loop=&#8220;size:3|order_by:date|post_type:product|tax_query:19|taxonomy_count:10&#8243; grid_items=&#8220;3&#8243; screen_lg_items=&#8220;3&#8243; screen_lg_breakpoint=&#8220;960&#8243; screen_md_items=&#8220;2&#8243; screen_md_breakpoint=&#8220;768&#8243; screen_sm_items=&#8220;1&#8243; screen_sm_breakpoint=&#8220;570&#8243; gutter_size=&#8220;3&#8243; product_items=&#8220;media|featured|onpost|original|hide-sale|inherit-atc|inherit-w-atc|atc-typo-default|show-atc,price|default,title,detail-195370,quick-view-button&#8220; single_overlay_opacity=&#8220;10&#8243; single_padding=&#8220;2&#8243; single_border=&#8220;yes&#8220; no_double_tap=&#8220;yes&#8220; uncode_shortcode_id=&#8220;144013&#8243; el_class=&#8220;postblock shadowpostblock&#8220;][vc_empty_space empty_h=&#8220;2&#8243;][vc_custom_heading uncode_shortcode_id=&#8220;152363&#8243;]Zubeh\u00f6r[\/vc_custom_heading][uncode_index el_id=&#8220;index-151734&#8243; index_type=&#8220;css_grid&#8220; loop=&#8220;size:16|order_by:date|post_type:product|tax_query:20|taxonomy_count:10&#8243; screen_lg_items=&#8220;3&#8243; screen_lg_breakpoint=&#8220;960&#8243; screen_md_items=&#8220;2&#8243; screen_md_breakpoint=&#8220;768&#8243; screen_sm_items=&#8220;1&#8243; screen_sm_breakpoint=&#8220;570&#8243; gutter_size=&#8220;3&#8243; product_items=&#8220;media|featured|onpost|original|hide-sale|inherit-atc|inherit-w-atc|atc-typo-default|show-atc,price|default,title,detail-195370,quick-view-button&#8220; single_overlay_opacity=&#8220;10&#8243; single_padding=&#8220;2&#8243; single_border=&#8220;yes&#8220; no_double_tap=&#8220;yes&#8220; uncode_shortcode_id=&#8220;812937&#8243; el_class=&#8220;postblock&#8220;][vc_empty_space empty_h=&#8220;2&#8243;][\/vc_tab][vc_tab gutter_size=&#8220;2&#8243; column_padding=&#8220;2&#8243; title=&#8220;Premium&#8220; tab_id=&#8220;1761828631-2-281762782507457&#8243; slug=&#8220;Premium&#8220;][uncode_index el_id=&#8220;index-1517341&#8243; index_type=&#8220;css_grid&#8220; loop=&#8220;size:6|order_by:date|post_type:product|tax_query:299|taxonomy_count:10&#8243; grid_items=&#8220;3&#8243; screen_lg_items=&#8220;3&#8243; screen_lg_breakpoint=&#8220;960&#8243; screen_md_items=&#8220;2&#8243; screen_md_breakpoint=&#8220;768&#8243; screen_sm_items=&#8220;1&#8243; screen_sm_breakpoint=&#8220;570&#8243; gutter_size=&#8220;3&#8243; product_items=&#8220;media|featured|onpost|original|hide-sale|inherit-atc|inherit-w-atc|atc-typo-default|show-atc,price|default,title,detail-195370,quick-view-button&#8220; single_overlay_opacity=&#8220;10&#8243; single_padding=&#8220;2&#8243; single_border=&#8220;yes&#8220; custom_order=&#8220;yes&#8220; no_double_tap=&#8220;yes&#8220; uncode_shortcode_id=&#8220;129364&#8243; el_class=&#8220;postblock postblocklastafels&#8220; order_ids=&#8220;105,256,261,262,1772,1781&#8243;][vc_empty_space empty_h=&#8220;2&#8243;][vc_custom_heading uncode_shortcode_id=&#8220;612563&#8243;]Pakete[\/vc_custom_heading][uncode_index el_id=&#8220;index-151734&#8243; index_type=&#8220;css_grid&#8220; loop=&#8220;size:3|order_by:date|post_type:product|tax_query:300|taxonomy_count:10&#8243; grid_items=&#8220;3&#8243; screen_lg_items=&#8220;3&#8243; screen_lg_breakpoint=&#8220;960&#8243; screen_md_items=&#8220;2&#8243; screen_md_breakpoint=&#8220;768&#8243; screen_sm_items=&#8220;1&#8243; screen_sm_breakpoint=&#8220;570&#8243; gutter_size=&#8220;3&#8243; product_items=&#8220;media|featured|onpost|original|hide-sale|inherit-atc|inherit-w-atc|atc-typo-default|show-atc,price|default,title,detail-195370,quick-view-button&#8220; single_overlay_opacity=&#8220;10&#8243; single_padding=&#8220;2&#8243; single_border=&#8220;yes&#8220; no_double_tap=&#8220;yes&#8220; uncode_shortcode_id=&#8220;179804&#8243; el_class=&#8220;postblock shadowpostblock&#8220;][vc_empty_space empty_h=&#8220;2&#8243;][vc_custom_heading uncode_shortcode_id=&#8220;152363&#8243;]Zubeh\u00f6r[\/vc_custom_heading][uncode_index el_id=&#8220;index-151734&#8243; index_type=&#8220;css_grid&#8220; loop=&#8220;size:16|order_by:date|post_type:product|tax_query:301|taxonomy_count:10&#8243; screen_lg_items=&#8220;3&#8243; screen_lg_breakpoint=&#8220;960&#8243; screen_md_items=&#8220;2&#8243; screen_md_breakpoint=&#8220;768&#8243; screen_sm_items=&#8220;1&#8243; screen_sm_breakpoint=&#8220;570&#8243; gutter_size=&#8220;3&#8243; product_items=&#8220;media|featured|onpost|original|hide-sale|inherit-atc|inherit-w-atc|atc-typo-default|show-atc,price|default,title,detail-195370,quick-view-button&#8220; single_overlay_opacity=&#8220;10&#8243; single_padding=&#8220;2&#8243; single_border=&#8220;yes&#8220; no_double_tap=&#8220;yes&#8220; uncode_shortcode_id=&#8220;512690&#8243; el_class=&#8220;postblock&#8220;][vc_empty_space empty_h=&#8220;2&#8243;][\/vc_tab][\/vc_tabs][\/vc_column][\/vc_row][vc_row][vc_column width=&#8220;1\/1&#8243;][\/vc_column][\/vc_row][vc_row][vc_column width=&#8220;1\/1&#8243;][\/vc_column][\/vc_row][vc_row row_height_percent=&#8220;0&#8243; back_color=&#8220;color-266757&#8243; overlay_alpha=&#8220;50&#8243; gutter_size=&#8220;3&#8243; column_width_percent=&#8220;100&#8243; shift_y=&#8220;0&#8243; z_index=&#8220;0&#8243; uncode_shortcode_id=&#8220;714741&#8243; el_class=&#8220;uspblock&#8220; back_color_type=&#8220;uncode-palette&#8220;][vc_column column_width_percent=&#8220;100&#8243; gutter_size=&#8220;2&#8243; overlay_alpha=&#8220;50&#8243; shift_x=&#8220;0&#8243; shift_y=&#8220;0&#8243; shift_y_down=&#8220;0&#8243; z_index=&#8220;0&#8243; medium_width=&#8220;3&#8243; mobile_width=&#8220;7&#8243; width=&#8220;1\/3&#8243; uncode_shortcode_id=&#8220;589347&#8243;][vc_icon position=&#8220;left&#8220; title_aligned_icon=&#8220;yes&#8220; icon_image=&#8220;316&#8243; media_size=&#8220;48&#8243; uncode_shortcode_id=&#8220;200008&#8243; title=&#8220;H\u00f6chste Qualit\u00e4t&#8220;]Preis, Qualit\u00e4t, solide Basis[\/vc_icon][\/vc_column][vc_column column_width_percent=&#8220;100&#8243; gutter_size=&#8220;2&#8243; overlay_alpha=&#8220;50&#8243; shift_x=&#8220;0&#8243; shift_y=&#8220;0&#8243; shift_y_down=&#8220;0&#8243; z_index=&#8220;0&#8243; medium_width=&#8220;3&#8243; mobile_width=&#8220;7&#8243; width=&#8220;1\/3&#8243; uncode_shortcode_id=&#8220;153447&#8243;][vc_icon position=&#8220;left&#8220; title_aligned_icon=&#8220;yes&#8220; icon_image=&#8220;353&#8243; media_size=&#8220;48&#8243; uncode_shortcode_id=&#8220;145299&#8243; title=&#8220;35 Jahre Erfahrung&#8220;]Metallverarbeitungsunternehmen der 2. Generation[\/vc_icon][\/vc_column][vc_column column_width_percent=&#8220;100&#8243; gutter_size=&#8220;2&#8243; overlay_alpha=&#8220;50&#8243; shift_x=&#8220;0&#8243; shift_y=&#8220;0&#8243; shift_y_down=&#8220;0&#8243; z_index=&#8220;0&#8243; medium_width=&#8220;3&#8243; mobile_width=&#8220;7&#8243; width=&#8220;1\/3&#8243; uncode_shortcode_id=&#8220;322227&#8243;][vc_icon position=&#8220;left&#8220; title_aligned_icon=&#8220;yes&#8220; icon_image=&#8220;483&#8243; media_size=&#8220;48&#8243; uncode_shortcode_id=&#8220;128270&#8243; title=&#8220;Genauigkeit der H\u00f6he&#8220;]Kleine Ma\u00dfarbeit oder gr\u00f6\u00dfere Konstruktionen, mit diesen Schwei\u00dftischen k\u00f6nnen Sie mit \u00e4u\u00dferster Pr\u00e4zision arbeiten.[\/vc_icon][\/vc_column][\/vc_row]<\/p>\n<\/div>","protected":false},"excerpt":{"rendered":"<p>[vc_row row_height_percent=&#8220;0&#8243; overlay_alpha=&#8220;50&#8243; gutter_size=&#8220;3&#8243; column_width_percent=&#8220;100&#8243; shift_y=&#8220;0&#8243; z_index=&#8220;0&#8243; uncode_shortcode_id=&#8220;205733&#8243; el_id=&#8220;foldpage&#8220;][vc_column width=&#8220;1\/1&#8243;][vc_custom_heading heading_semantic=&#8220;h1&#8243; text_size=&#8220;h1&#8243; uncode_shortcode_id=&#8220;419093&#8243;]Shop[\/vc_custom_heading][vc_tabs history=&#8220;yes&#8220; tab_no_fade=&#8220;yes&#8220; align=&#8220;left&#8220; tab_no_border=&#8220;yes&#8220; uncode_shortcode_id=&#8220;110081&#8243;][vc_tab gutter_size=&#8220;2&#8243; column_padding=&#8220;2&#8243; [&hellip;]<\/p>\n","protected":false},"author":1,"featured_media":0,"parent":0,"menu_order":0,"comment_status":"closed","ping_status":"closed","template":"","meta":{"_acf_changed":false,"footnotes":""},"class_list":["post-5556","page","type-page","status-publish","hentry"],"acf":[],"_links":{"self":[{"href":"https:\/\/www.vostables.com\/de\/wp-json\/wp\/v2\/pages\/5556","targetHints":{"allow":["GET"]}}],"collection":[{"href":"https:\/\/www.vostables.com\/de\/wp-json\/wp\/v2\/pages"}],"about":[{"href":"https:\/\/www.vostables.com\/de\/wp-json\/wp\/v2\/types\/page"}],"author":[{"embeddable":true,"href":"https:\/\/www.vostables.com\/de\/wp-json\/wp\/v2\/users\/1"}],"replies":[{"embeddable":true,"href":"https:\/\/www.vostables.com\/de\/wp-json\/wp\/v2\/comments?post=5556"}],"version-history":[{"count":7,"href":"https:\/\/www.vostables.com\/de\/wp-json\/wp\/v2\/pages\/5556\/revisions"}],"predecessor-version":[{"id":15382,"href":"https:\/\/www.vostables.com\/de\/wp-json\/wp\/v2\/pages\/5556\/revisions\/15382"}],"wp:attachment":[{"href":"https:\/\/www.vostables.com\/de\/wp-json\/wp\/v2\/media?parent=5556"}],"curies":[{"name":"wp","href":"https:\/\/api.w.org\/{rel}","templated":true}]}}