{"id":6030,"date":"2025-10-01T13:34:18","date_gmt":"2025-10-01T11:34:18","guid":{"rendered":"https:\/\/vostables.be\/zubehoer-premium\/"},"modified":"2025-12-30T13:58:20","modified_gmt":"2025-12-30T11:58:20","slug":"zubehoer-premium","status":"publish","type":"page","link":"https:\/\/www.vostables.com\/de\/zubehoer-premium\/","title":{"rendered":"Zubeh\u00f6r Premium"},"content":{"rendered":"<div class=\"wpb-content-wrapper\"><p>[vc_row][vc_column column_width_percent=&#8220;100&#8243; gutter_size=&#8220;2&#8243; overlay_alpha=&#8220;50&#8243; shift_x=&#8220;0&#8243; shift_y=&#8220;0&#8243; shift_y_down=&#8220;0&#8243; z_index=&#8220;0&#8243; medium_width=&#8220;0&#8243; mobile_width=&#8220;0&#8243; width=&#8220;1\/1&#8243; uncode_shortcode_id=&#8220;381920&#8243;][vc_custom_heading heading_semantic=&#8220;h1&#8243; text_size=&#8220;h1&#8243; uncode_shortcode_id=&#8220;175320&#8243;]Zubeh\u00f6r Premium[\/vc_custom_heading][vc_column_text auto_text=&#8220;excerpt&#8220; text_lead=&#8220;yes&#8220; uncode_shortcode_id=&#8220;145819&#8243;][\/vc_column_text][\/vc_column][\/vc_row][vc_row row_height_percent=&#8220;0&#8243; overlay_alpha=&#8220;50&#8243; gutter_size=&#8220;3&#8243; column_width_percent=&#8220;100&#8243; shift_y=&#8220;0&#8243; z_index=&#8220;0&#8243; uncode_shortcode_id=&#8220;371977&#8243; el_id=&#8220;foldpage&#8220;][vc_column width=&#8220;1\/1&#8243;][vc_custom_heading uncode_shortcode_id=&#8220;721998&#8243;]Pakete[\/vc_custom_heading][uncode_index el_id=&#8220;index-151734&#8243; isotope_mode=&#8220;fitRows&#8220; loop=&#8220;size:All|order_by:date|order:ASC|post_type:product|tax_query:300|taxonomy_count:10&#8243; screen_lg=&#8220;1000&#8243; screen_md=&#8220;600&#8243; screen_sm=&#8220;480&#8243; gutter_size=&#8220;3&#8243; product_items=&#8220;media|featured|onpost|original|show-sale|inherit-atc|inherit-w-atc|atc-typo-default|show-atc,price|default,title,detail-195370,quick-view-button&#8220; images_size=&#8220;sixteen-nine&#8220; single_overlay_opacity=&#8220;10&#8243; single_padding=&#8220;2&#8243; single_border=&#8220;yes&#8220; custom_order=&#8220;yes&#8220; no_double_tap=&#8220;yes&#8220; uncode_shortcode_id=&#8220;209441&#8243; el_class=&#8220;postblock shadowpostblock&#8220; order_ids=&#8220;115,118,1310&#8243;][\/vc_column][\/vc_row][vc_row row_height_percent=&#8220;0&#8243; overlay_alpha=&#8220;50&#8243; gutter_size=&#8220;3&#8243; column_width_percent=&#8220;100&#8243; shift_y=&#8220;0&#8243; z_index=&#8220;0&#8243; uncode_shortcode_id=&#8220;371977&#8243; el_id=&#8220;foldpage&#8220;][vc_column width=&#8220;1\/1&#8243;][vc_custom_heading uncode_shortcode_id=&#8220;597174&#8243;]Zubeh\u00f6r[\/vc_custom_heading][uncode_index el_id=&#8220;index-151734&#8243; isotope_mode=&#8220;fitRows&#8220; loop=&#8220;size:All|order_by:date|post_type:product|tax_query:301|taxonomy_count:10&#8243; screen_lg=&#8220;1000&#8243; screen_md=&#8220;600&#8243; screen_sm=&#8220;480&#8243; gutter_size=&#8220;3&#8243; product_items=&#8220;media|featured|onpost|original|hide-sale|inherit-atc|inherit-w-atc|atc-typo-default|show-atc,price|default,title,detail-195370,quick-view-button&#8220; single_width=&#8220;3&#8243; images_size=&#8220;four-three&#8220; single_overlay_opacity=&#8220;10&#8243; single_padding=&#8220;2&#8243; single_border=&#8220;yes&#8220; no_double_tap=&#8220;yes&#8220; uncode_shortcode_id=&#8220;459370&#8243; el_class=&#8220;postblock&#8220;][\/vc_column][\/vc_row][vc_row][vc_column width=&#8220;1\/1&#8243;][uncode_block id=&#8220;2846&#8243;][\/vc_column][\/vc_row][vc_row][vc_column width=&#8220;1\/1&#8243;][uncode_block id=&#8220;65&#8243;][\/vc_column][\/vc_row]<\/p>\n<\/div>","protected":false},"excerpt":{"rendered":"<p>Die Pakete f\u00fcr die Premium-Schwei\u00dftische wurden von uns sorgf\u00e4ltig zusammengestellt.<br \/>\nW\u00e4hlen Sie das Paket, das am besten zu Ihren Arbeitsabl\u00e4ufen passt.<\/p>\n","protected":false},"author":2,"featured_media":0,"parent":0,"menu_order":0,"comment_status":"closed","ping_status":"closed","template":"","meta":{"_acf_changed":false,"footnotes":""},"class_list":["post-6030","page","type-page","status-publish","hentry"],"acf":[],"_links":{"self":[{"href":"https:\/\/www.vostables.com\/de\/wp-json\/wp\/v2\/pages\/6030","targetHints":{"allow":["GET"]}}],"collection":[{"href":"https:\/\/www.vostables.com\/de\/wp-json\/wp\/v2\/pages"}],"about":[{"href":"https:\/\/www.vostables.com\/de\/wp-json\/wp\/v2\/types\/page"}],"author":[{"embeddable":true,"href":"https:\/\/www.vostables.com\/de\/wp-json\/wp\/v2\/users\/2"}],"replies":[{"embeddable":true,"href":"https:\/\/www.vostables.com\/de\/wp-json\/wp\/v2\/comments?post=6030"}],"version-history":[{"count":10,"href":"https:\/\/www.vostables.com\/de\/wp-json\/wp\/v2\/pages\/6030\/revisions"}],"predecessor-version":[{"id":6087,"href":"https:\/\/www.vostables.com\/de\/wp-json\/wp\/v2\/pages\/6030\/revisions\/6087"}],"wp:attachment":[{"href":"https:\/\/www.vostables.com\/de\/wp-json\/wp\/v2\/media?parent=6030"}],"curies":[{"name":"wp","href":"https:\/\/api.w.org\/{rel}","templated":true}]}}