{"id":6230,"date":"2025-09-30T09:41:35","date_gmt":"2025-09-30T07:41:35","guid":{"rendered":"https:\/\/vostables.be\/schweisstische-uebersicht\/"},"modified":"2025-12-11T16:19:03","modified_gmt":"2025-12-11T14:19:03","slug":"schweisstische-uebersicht","status":"publish","type":"page","link":"https:\/\/www.vostables.com\/de\/schweisstische-uebersicht\/","title":{"rendered":"Schwei\u00dftische \u00dcbersicht"},"content":{"rendered":"<div class=\"wpb-content-wrapper\"><p>[vc_row row_height_percent=&#8220;0&#8243; overlay_alpha=&#8220;50&#8243; gutter_size=&#8220;3&#8243; column_width_percent=&#8220;100&#8243; shift_y=&#8220;0&#8243; z_index=&#8220;0&#8243; content_parallax=&#8220;0&#8243; uncode_shortcode_id=&#8220;101863&#8243; el_class=&#8220;greencheck productsoorten&#8220;][vc_column column_width_percent=&#8220;100&#8243; gutter_size=&#8220;2&#8243; back_color=&#8220;color-xsdn&#8220; overlay_alpha=&#8220;50&#8243; shadow=&#8220;std&#8220; shift_x=&#8220;0&#8243; shift_y=&#8220;0&#8243; shift_y_down=&#8220;0&#8243; z_index=&#8220;0&#8243; medium_width=&#8220;0&#8243; mobile_width=&#8220;0&#8243; width=&#8220;1\/2&#8243; uncode_shortcode_id=&#8220;110227&#8243; back_color_type=&#8220;uncode-palette&#8220;][vc_custom_heading uncode_shortcode_id=&#8220;188622&#8243;]Vostables STANDARD[\/vc_custom_heading][vc_column_text uncode_shortcode_id=&#8220;598170&#8243;]Der zuverl\u00e4ssige Standard-Schwei\u00dftisch f\u00fcr jede Werkstatt.[\/vc_column_text][vc_single_image media=&#8220;3460&#8243; media_width_percent=&#8220;100&#8243; media_ratio=&#8220;sixteen-nine&#8220; uncode_shortcode_id=&#8220;151213&#8243; media_link=&#8220;url:https%3A%2F%2Fvostables.be%2Flastafels%2F|title:Lastafels&#8220;][vc_column_text uncode_shortcode_id=&#8220;164950&#8243;]<\/p>\n<ul>\n<li>Auswahl aus 5 Formaten<\/li>\n<li>Das beste Preis-Leistungs-Verh\u00e4ltnis<\/li>\n<li>Kompatibel mit STANDARD-Werkzeugen<\/li>\n<\/ul>\n<p>[\/vc_column_text][vc_button button_color=&#8220;accent&#8220; border_width=&#8220;0&#8243; link=&#8220;url:https%3A%2F%2Fvostables.be%2Fde%2Fschweisstische%2F|title:Lastafels|&#8220; button_color_type=&#8220;uncode-palette&#8220; uncode_shortcode_id=&#8220;236041&#8243;]Standard ansehen[\/vc_button][vc_column_text uncode_shortcode_id=&#8220;812384&#8243; el_class=&#8220;pricetag&#8220;]<em>Ab 775,- \u20ac<\/em>[\/vc_column_text][\/vc_column][vc_column column_width_percent=&#8220;100&#8243; gutter_size=&#8220;2&#8243; back_color=&#8220;color-xsdn&#8220; overlay_alpha=&#8220;50&#8243; shadow=&#8220;std&#8220; shift_x=&#8220;0&#8243; shift_y=&#8220;0&#8243; shift_y_down=&#8220;0&#8243; z_index=&#8220;0&#8243; medium_width=&#8220;0&#8243; mobile_width=&#8220;0&#8243; width=&#8220;1\/2&#8243; uncode_shortcode_id=&#8220;140000&#8243; back_color_type=&#8220;uncode-palette&#8220; el_class=&#8220;premiumcolor&#8220;][vc_custom_heading uncode_shortcode_id=&#8220;186753&#8243;]Vostables PREMIUM <mark>Neu<\/mark>[\/vc_custom_heading][vc_column_text uncode_shortcode_id=&#8220;329750&#8243;]F\u00fcr h\u00f6chste Pr\u00e4zision und maximale Ebenheit.[\/vc_column_text][vc_single_image media=&#8220;4300&#8243; media_width_percent=&#8220;100&#8243; media_ratio=&#8220;sixteen-nine&#8220; uncode_shortcode_id=&#8220;826178&#8243; media_link=&#8220;url:https%3A%2F%2Fvostables.be%2Flastafels-premium%2F&#8220;][vc_column_text uncode_shortcode_id=&#8220;419051&#8243;]<\/p>\n<ul>\n<li>Auswahl aus 5 Formaten<\/li>\n<li>Flach gefr\u00e4st, nitriert und geh\u00e4rtet<\/li>\n<li>Kompatibel mit PREMIUM-Werkzeugen<\/li>\n<\/ul>\n<p>[\/vc_column_text][vc_button button_color=&#8220;color-130857&#8243; border_width=&#8220;0&#8243; link=&#8220;url:https%3A%2F%2Fvostables.be%2Flastafels-premium%2F|title:Lastafels|&#8220; button_color_type=&#8220;uncode-palette&#8220; uncode_shortcode_id=&#8220;219105&#8243;]Premium entdecken[\/vc_button][vc_column_text uncode_shortcode_id=&#8220;141544&#8243; el_class=&#8220;pricetag&#8220;]<em>Ab \u20ac 1.695,-<\/em>[\/vc_column_text][\/vc_column][\/vc_row][vc_row][vc_column width=&#8220;1\/1&#8243;][uncode_block id=&#8220;5729&#8243;][\/vc_column][\/vc_row][vc_row][vc_column width=&#8220;1\/1&#8243;][uncode_block id=&#8220;2205&#8243;][\/vc_column][\/vc_row]<\/p>\n<\/div>","protected":false},"excerpt":{"rendered":"<p>[vc_row row_height_percent=&#8220;0&#8243; overlay_alpha=&#8220;50&#8243; gutter_size=&#8220;3&#8243; column_width_percent=&#8220;100&#8243; shift_y=&#8220;0&#8243; z_index=&#8220;0&#8243; content_parallax=&#8220;0&#8243; uncode_shortcode_id=&#8220;101863&#8243; el_class=&#8220;greencheck productsoorten&#8220;][vc_column column_width_percent=&#8220;100&#8243; gutter_size=&#8220;2&#8243; back_color=&#8220;color-xsdn&#8220; overlay_alpha=&#8220;50&#8243; shadow=&#8220;std&#8220; shift_x=&#8220;0&#8243; shift_y=&#8220;0&#8243; shift_y_down=&#8220;0&#8243; z_index=&#8220;0&#8243; [&hellip;]<\/p>\n","protected":false},"author":2,"featured_media":0,"parent":0,"menu_order":0,"comment_status":"closed","ping_status":"closed","template":"","meta":{"_acf_changed":false,"footnotes":""},"class_list":["post-6230","page","type-page","status-publish","hentry"],"acf":[],"_links":{"self":[{"href":"https:\/\/www.vostables.com\/de\/wp-json\/wp\/v2\/pages\/6230","targetHints":{"allow":["GET"]}}],"collection":[{"href":"https:\/\/www.vostables.com\/de\/wp-json\/wp\/v2\/pages"}],"about":[{"href":"https:\/\/www.vostables.com\/de\/wp-json\/wp\/v2\/types\/page"}],"author":[{"embeddable":true,"href":"https:\/\/www.vostables.com\/de\/wp-json\/wp\/v2\/users\/2"}],"replies":[{"embeddable":true,"href":"https:\/\/www.vostables.com\/de\/wp-json\/wp\/v2\/comments?post=6230"}],"version-history":[{"count":4,"href":"https:\/\/www.vostables.com\/de\/wp-json\/wp\/v2\/pages\/6230\/revisions"}],"predecessor-version":[{"id":6848,"href":"https:\/\/www.vostables.com\/de\/wp-json\/wp\/v2\/pages\/6230\/revisions\/6848"}],"wp:attachment":[{"href":"https:\/\/www.vostables.com\/de\/wp-json\/wp\/v2\/media?parent=6230"}],"curies":[{"name":"wp","href":"https:\/\/api.w.org\/{rel}","templated":true}]}}