{"id":6317,"date":"2023-11-30T15:15:17","date_gmt":"2023-11-30T13:15:17","guid":{"rendered":"https:\/\/vostables.be\/metall-laserarbeiten\/"},"modified":"2025-11-02T15:54:54","modified_gmt":"2025-11-02T13:54:54","slug":"metall-laserarbeiten","status":"publish","type":"page","link":"https:\/\/www.vostables.com\/de\/metall-laserarbeiten\/","title":{"rendered":"Metall-Laserarbeiten"},"content":{"rendered":"<div class=\"wpb-content-wrapper\"><p>[vc_row][vc_column width=&#8220;1\/2&#8243;][vc_custom_heading auto_text=&#8220;yes&#8220; heading_semantic=&#8220;h1&#8243; text_size=&#8220;h1&#8243; uncode_shortcode_id=&#8220;169314&#8243;]Dies ist ein benutzerdefiniertes \u00dcberschriftenelement.[\/vc_custom_heading][vc_column_text uncode_shortcode_id=&#8220;214129&#8243;]Wussten Sie, dass Sie sich auch f\u00fcr Ihre Laser- und Abkantpressarbeiten an uns wenden k\u00f6nnen?[\/vc_column_text][vc_row_inner][vc_column_inner width=&#8220;1\/2&#8243;][vc_column_text uncode_shortcode_id=&#8220;960516&#8243;]<\/p>\n<h3>Laserarbeiten<\/h3>\n<ul>\n<li>Stahl 20 mm dick<\/li>\n<li>Edelstahl 12 mm dick<\/li>\n<li>Aluminium 15 mm dick<\/li>\n<\/ul>\n<p>[\/vc_column_text][\/vc_column_inner][vc_column_inner width=&#8220;1\/2&#8243;][vc_column_text uncode_shortcode_id=&#8220;426141&#8243;]<\/p>\n<h3>Abkantpressarbeiten<\/h3>\n<ul>\n<li>bis zu 4 m L\u00e4nge<\/li>\n<\/ul>\n<p>[\/vc_column_text][\/vc_column_inner][\/vc_row_inner][vc_row_inner][vc_column_inner column_width_percent=&#8220;100&#8243; position_vertical=&#8220;middle&#8220; gutter_size=&#8220;2&#8243; override_padding=&#8220;yes&#8220; column_padding=&#8220;3&#8243; back_color=&#8220;color-266757&#8243; overlay_alpha=&#8220;50&#8243; shift_x=&#8220;0&#8243; shift_y=&#8220;0&#8243; shift_y_down=&#8220;0&#8243; z_index=&#8220;0&#8243; medium_width=&#8220;0&#8243; mobile_width=&#8220;0&#8243; width=&#8220;1\/1&#8243; uncode_shortcode_id=&#8220;585959&#8243; back_color_type=&#8220;uncode-palette&#8220;][vc_custom_heading heading_semantic=&#8220;h3&#8243; text_size=&#8220;h3&#8243; uncode_shortcode_id=&#8220;181572&#8243; subheading=&#8220;Nehmen Sie Kontakt mit uns auf \u00fcber info@vostables.be oder 0032 9 273 97 56.&#8220;]Entdecken Sie die M\u00f6glichkeiten von Laser-, Abkantpress- und Ma\u00dfanfertigungen bei uns.[\/vc_custom_heading][vc_button border_width=&#8220;0&#8243; link=&#8220;url:https%3A%2F%2Fvostables.be%2Fde%2Fkontakt%2F|title:Contact|&#8220; uncode_shortcode_id=&#8220;175933&#8243;]Contact[\/vc_button][\/vc_column_inner][\/vc_row_inner][\/vc_column][vc_column width=&#8220;1\/2&#8243;][vc_single_image media=&#8220;3770&#8243; media_width_percent=&#8220;100&#8243; uncode_shortcode_id=&#8220;184530&#8243;][vc_single_image media=&#8220;3796&#8243; media_width_percent=&#8220;100&#8243; uncode_shortcode_id=&#8220;128520&#8243;][\/vc_column][\/vc_row]<\/p>\n<\/div>","protected":false},"excerpt":{"rendered":"<p>[vc_row][vc_column width=&#8220;1\/2&#8243;][vc_custom_heading auto_text=&#8220;yes&#8220; heading_semantic=&#8220;h1&#8243; text_size=&#8220;h1&#8243; uncode_shortcode_id=&#8220;169314&#8243;]Dies ist ein benutzerdefiniertes \u00dcberschriftenelement.[\/vc_custom_heading][vc_column_text uncode_shortcode_id=&#8220;214129&#8243;]Wussten Sie, dass Sie sich auch f\u00fcr Ihre Laser- und [&hellip;]<\/p>\n","protected":false},"author":2,"featured_media":2028,"parent":0,"menu_order":0,"comment_status":"closed","ping_status":"closed","template":"","meta":{"_acf_changed":false,"footnotes":""},"class_list":["post-6317","page","type-page","status-publish","has-post-thumbnail","hentry","page_category-info-en"],"acf":[],"_links":{"self":[{"href":"https:\/\/www.vostables.com\/de\/wp-json\/wp\/v2\/pages\/6317","targetHints":{"allow":["GET"]}}],"collection":[{"href":"https:\/\/www.vostables.com\/de\/wp-json\/wp\/v2\/pages"}],"about":[{"href":"https:\/\/www.vostables.com\/de\/wp-json\/wp\/v2\/types\/page"}],"author":[{"embeddable":true,"href":"https:\/\/www.vostables.com\/de\/wp-json\/wp\/v2\/users\/2"}],"replies":[{"embeddable":true,"href":"https:\/\/www.vostables.com\/de\/wp-json\/wp\/v2\/comments?post=6317"}],"version-history":[{"count":11,"href":"https:\/\/www.vostables.com\/de\/wp-json\/wp\/v2\/pages\/6317\/revisions"}],"predecessor-version":[{"id":6368,"href":"https:\/\/www.vostables.com\/de\/wp-json\/wp\/v2\/pages\/6317\/revisions\/6368"}],"wp:featuredmedia":[{"embeddable":true,"href":"https:\/\/www.vostables.com\/de\/wp-json\/wp\/v2\/media\/2028"}],"wp:attachment":[{"href":"https:\/\/www.vostables.com\/de\/wp-json\/wp\/v2\/media?parent=6317"}],"curies":[{"name":"wp","href":"https:\/\/api.w.org\/{rel}","templated":true}]}}