{"id":2359,"date":"2022-06-30T16:53:07","date_gmt":"2022-06-30T14:53:07","guid":{"rendered":"https:\/\/vostables.be\/?post_type=product&#038;p=2359"},"modified":"2025-11-02T16:15:06","modified_gmt":"2025-11-02T14:15:06","slug":"spritzschutzspray-kanister-5l","status":"publish","type":"product","link":"https:\/\/www.vostables.com\/de\/produkt\/spritzschutzspray-kanister-5l\/","title":{"rendered":"Spritzschutzspray &#8211; Kanister 5l"},"content":{"rendered":"<div class=\"wpb-content-wrapper\"><p>[vc_row][vc_column width=&#8220;1\/2&#8243;][vc_single_image media=&#8220;3634&#8243; media_width_percent=&#8220;100&#8243; uncode_shortcode_id=&#8220;177446&#8243;][\/vc_column][vc_column width=&#8220;1\/2&#8243;][\/vc_column][\/vc_row]<\/p>\n<\/div>","protected":false},"excerpt":{"rendered":"<p>F\u00fcllen Sie Ihre Flasche mit Anti-Spritzer-Spray mit dieser 5-Liter-Flasche mit Anti-Spritzer-Wasser auf.<\/p>\n<p>Verhindern Sie, dass Schwei\u00dfkugeln an Ihrem Schwei\u00dftisch haften bleiben. Dank des Antispritzersprays brennen keine Schwei\u00dfkugeln auf der Oberfl\u00e4che des Schwei\u00dftisches an.<\/p>\n","protected":false},"featured_media":2360,"comment_status":"closed","ping_status":"closed","template":"","meta":{"_acf_changed":false},"product_brand":[],"product_cat":[230],"product_tag":[],"class_list":{"0":"post-2359","1":"product","2":"type-product","3":"status-publish","4":"has-post-thumbnail","6":"product_cat-zubehoer","8":"first","9":"instock","10":"taxable","11":"shipping-taxable","12":"purchasable","13":"product-type-simple"},"acf":[],"wcpa_form_fields":null,"_links":{"self":[{"href":"https:\/\/www.vostables.com\/de\/wp-json\/wp\/v2\/product\/2359","targetHints":{"allow":["GET"]}}],"collection":[{"href":"https:\/\/www.vostables.com\/de\/wp-json\/wp\/v2\/product"}],"about":[{"href":"https:\/\/www.vostables.com\/de\/wp-json\/wp\/v2\/types\/product"}],"replies":[{"embeddable":true,"href":"https:\/\/www.vostables.com\/de\/wp-json\/wp\/v2\/comments?post=2359"}],"wp:featuredmedia":[{"embeddable":true,"href":"https:\/\/www.vostables.com\/de\/wp-json\/wp\/v2\/media\/2360"}],"wp:attachment":[{"href":"https:\/\/www.vostables.com\/de\/wp-json\/wp\/v2\/media?parent=2359"}],"wp:term":[{"taxonomy":"product_brand","embeddable":true,"href":"https:\/\/www.vostables.com\/de\/wp-json\/wp\/v2\/product_brand?post=2359"},{"taxonomy":"product_cat","embeddable":true,"href":"https:\/\/www.vostables.com\/de\/wp-json\/wp\/v2\/product_cat?post=2359"},{"taxonomy":"product_tag","embeddable":true,"href":"https:\/\/www.vostables.com\/de\/wp-json\/wp\/v2\/product_tag?post=2359"}],"curies":[{"name":"wp","href":"https:\/\/api.w.org\/{rel}","templated":true}]}}