{"id":2395,"date":"2024-01-25T16:46:20","date_gmt":"2024-01-25T14:46:20","guid":{"rendered":"https:\/\/vostables.be\/?post_type=product&#038;p=2395"},"modified":"2024-01-25T16:46:23","modified_gmt":"2024-01-25T14:46:23","slug":"inbusschluessel","status":"publish","type":"product","link":"https:\/\/www.vostables.com\/de\/produkt\/inbusschluessel\/","title":{"rendered":"Inbusschl\u00fcssel"},"content":{"rendered":"<div class=\"wpb-content-wrapper\"><p>[vc_row][vc_column width=&#8220;1\/2&#8243;][vc_single_image media=&#8220;1966&#8243; media_width_percent=&#8220;100&#8243; media_ratio=&#8220;four-five&#8220; uncode_shortcode_id=&#8220;474896&#8243;][\/vc_column][vc_column width=&#8220;1\/2&#8243;][\/vc_column][\/vc_row]<\/p>\n<\/div>","protected":false},"excerpt":{"rendered":"<ul>\n<li>Mit diesem Inbusschl\u00fcssel k\u00f6nnen Sie die Schnellspannschrauben an Ihrem Schwei\u00dftisch festziehen.<\/li>\n<\/ul>\n","protected":false},"featured_media":2396,"comment_status":"closed","ping_status":"closed","template":"","meta":{"_acf_changed":false},"product_brand":[],"product_cat":[230],"product_tag":[],"class_list":{"0":"post-2395","1":"product","2":"type-product","3":"status-publish","4":"has-post-thumbnail","6":"product_cat-zubehoer","8":"first","9":"instock","10":"taxable","11":"shipping-taxable","12":"purchasable","13":"product-type-simple"},"acf":[],"wcpa_form_fields":null,"_links":{"self":[{"href":"https:\/\/www.vostables.com\/de\/wp-json\/wp\/v2\/product\/2395","targetHints":{"allow":["GET"]}}],"collection":[{"href":"https:\/\/www.vostables.com\/de\/wp-json\/wp\/v2\/product"}],"about":[{"href":"https:\/\/www.vostables.com\/de\/wp-json\/wp\/v2\/types\/product"}],"replies":[{"embeddable":true,"href":"https:\/\/www.vostables.com\/de\/wp-json\/wp\/v2\/comments?post=2395"}],"wp:featuredmedia":[{"embeddable":true,"href":"https:\/\/www.vostables.com\/de\/wp-json\/wp\/v2\/media\/2396"}],"wp:attachment":[{"href":"https:\/\/www.vostables.com\/de\/wp-json\/wp\/v2\/media?parent=2395"}],"wp:term":[{"taxonomy":"product_brand","embeddable":true,"href":"https:\/\/www.vostables.com\/de\/wp-json\/wp\/v2\/product_brand?post=2395"},{"taxonomy":"product_cat","embeddable":true,"href":"https:\/\/www.vostables.com\/de\/wp-json\/wp\/v2\/product_cat?post=2395"},{"taxonomy":"product_tag","embeddable":true,"href":"https:\/\/www.vostables.com\/de\/wp-json\/wp\/v2\/product_tag?post=2395"}],"curies":[{"name":"wp","href":"https:\/\/api.w.org\/{rel}","templated":true}]}}