{"id":2404,"date":"2024-01-25T18:19:07","date_gmt":"2024-01-25T16:19:07","guid":{"rendered":"https:\/\/vostables.be\/?post_type=product&#038;p=2404"},"modified":"2024-02-04T14:35:07","modified_gmt":"2024-02-04T12:35:07","slug":"klemmenhalter","status":"publish","type":"product","link":"https:\/\/www.vostables.com\/de\/produkt\/klemmenhalter\/","title":{"rendered":"Klemmenhalter"},"content":{"rendered":"<div class=\"wpb-content-wrapper\"><p>[vc_row][vc_column width=&#8220;1\/2&#8243;][vc_single_image media=&#8220;1972&#8243; media_width_percent=&#8220;100&#8243; uncode_shortcode_id=&#8220;211862&#8243;][vc_single_image media=&#8220;1973&#8243; media_width_percent=&#8220;100&#8243; uncode_shortcode_id=&#8220;544846&#8243;][vc_single_image media=&#8220;1975&#8243; media_width_percent=&#8220;100&#8243; uncode_shortcode_id=&#8220;160193&#8243;][\/vc_column][vc_column width=&#8220;1\/2&#8243;][vc_single_image media=&#8220;1974&#8243; media_width_percent=&#8220;100&#8243; uncode_shortcode_id=&#8220;127039&#8243;][vc_single_image media=&#8220;1976&#8243; media_width_percent=&#8220;100&#8243; uncode_shortcode_id=&#8220;175034&#8243;][\/vc_column][\/vc_row]<\/p>\n<\/div>","protected":false},"excerpt":{"rendered":"<ul>\n<li>Mit diesem praktischen Klemmenhalter haben Sie Ihre Spannwerkzeuge immer in Reichweite. Sie k\u00f6nnen ihn einfach an der Seite Ihres Schwei\u00dftisches aufh\u00e4ngen.<\/li>\n<\/ul>\n","protected":false},"featured_media":2405,"comment_status":"closed","ping_status":"closed","template":"","meta":{"_acf_changed":false},"product_brand":[],"product_cat":[230],"product_tag":[],"class_list":{"0":"post-2404","1":"product","2":"type-product","3":"status-publish","4":"has-post-thumbnail","6":"product_cat-zubehoer","8":"first","9":"instock","10":"taxable","11":"shipping-taxable","12":"purchasable","13":"product-type-simple"},"acf":[],"wcpa_form_fields":null,"_links":{"self":[{"href":"https:\/\/www.vostables.com\/de\/wp-json\/wp\/v2\/product\/2404","targetHints":{"allow":["GET"]}}],"collection":[{"href":"https:\/\/www.vostables.com\/de\/wp-json\/wp\/v2\/product"}],"about":[{"href":"https:\/\/www.vostables.com\/de\/wp-json\/wp\/v2\/types\/product"}],"replies":[{"embeddable":true,"href":"https:\/\/www.vostables.com\/de\/wp-json\/wp\/v2\/comments?post=2404"}],"wp:featuredmedia":[{"embeddable":true,"href":"https:\/\/www.vostables.com\/de\/wp-json\/wp\/v2\/media\/2405"}],"wp:attachment":[{"href":"https:\/\/www.vostables.com\/de\/wp-json\/wp\/v2\/media?parent=2404"}],"wp:term":[{"taxonomy":"product_brand","embeddable":true,"href":"https:\/\/www.vostables.com\/de\/wp-json\/wp\/v2\/product_brand?post=2404"},{"taxonomy":"product_cat","embeddable":true,"href":"https:\/\/www.vostables.com\/de\/wp-json\/wp\/v2\/product_cat?post=2404"},{"taxonomy":"product_tag","embeddable":true,"href":"https:\/\/www.vostables.com\/de\/wp-json\/wp\/v2\/product_tag?post=2404"}],"curies":[{"name":"wp","href":"https:\/\/api.w.org\/{rel}","templated":true}]}}