{"id":2988,"date":"2024-12-02T14:03:44","date_gmt":"2024-12-02T12:03:44","guid":{"rendered":"https:\/\/vostables.be\/?post_type=product&#038;p=2988"},"modified":"2024-12-02T14:06:31","modified_gmt":"2024-12-02T12:06:31","slug":"arbeitstische-aus-edelstahl","status":"publish","type":"product","link":"https:\/\/www.vostables.com\/de\/produkt\/arbeitstische-aus-edelstahl\/","title":{"rendered":"Arbeitstische aus Edelstahl"},"content":{"rendered":"<div class=\"wpb-content-wrapper\"><p>[vc_row][vc_column width=&#8220;1\/1&#8243;][vc_gallery el_id=&#8220;gallery-801491&#8243; type=&#8220;css_grid&#8220; medias=&#8220;2958,2959,2960&#8243; grid_items=&#8220;3&#8243; screen_lg_items=&#8220;3&#8243; screen_lg_breakpoint=&#8220;1000&#8243; screen_md_items=&#8220;1&#8243; screen_md_breakpoint=&#8220;600&#8243; screen_sm_items=&#8220;1&#8243; screen_sm_breakpoint=&#8220;480&#8243; gutter_size=&#8220;3&#8243; css_grid_images_size=&#8220;four-three&#8220; single_overlay_opacity=&#8220;10&#8243; single_padding=&#8220;2&#8243; single_border=&#8220;yes&#8220; lbox_social=&#8220;yes&#8220; lbox_full=&#8220;yes&#8220; lbox_download=&#8220;yes&#8220; no_double_tap=&#8220;yes&#8220; uncode_shortcode_id=&#8220;111850&#8243;][\/vc_column][\/vc_row]<\/p>\n<\/div>","protected":false},"excerpt":{"rendered":"<p>Wenn Sie rostfreien Stahl verarbeiten und Ihr Material nicht mit Stahl in Ber\u00fchrung kommen soll, bieten diese Arbeitstische aus rostfreiem Stahl die L\u00f6sung.<\/p>\n<ul>\n<li>Diese Arbeitstische aus Edelstahl haben eine St\u00e4rke von zwei mm<\/li>\n<li>F\u00fcr die vier Standardgr\u00f6\u00dfen von Schwei\u00dftischen erh\u00e4ltlich: klein, mittel, gro\u00df und extragro\u00df.<\/li>\n<li>Andere Gr\u00f6\u00dfen sind auf Anfrage ebenfalls erh\u00e4ltlich.<\/li>\n<li>Das Lochmuster ist identisch mit der Oberseite des Schwei\u00dftisches und das <span style=\"text-decoration: underline;\">Standardlochmuster<\/span> betr\u00e4gt <span style=\"text-decoration: underline;\">100x100mm<\/span>.<\/li>\n<\/ul>\n","protected":false},"featured_media":2989,"comment_status":"closed","ping_status":"closed","template":"","meta":{"_acf_changed":false},"product_brand":[],"product_cat":[230],"product_tag":[],"class_list":{"0":"post-2988","1":"product","2":"type-product","3":"status-publish","4":"has-post-thumbnail","6":"product_cat-zubehoer","7":"wcpa_has_options","9":"first","10":"instock","11":"taxable","12":"shipping-taxable","13":"purchasable","14":"product-type-simple"},"acf":[],"wcpa_form_fields":{"wcpaData":{"product":{"product_price":150,"price_html":"<ins class=\"h3\"><span class=\"woocommerce-Price-amount amount\"><bdi><span class=\"woocommerce-Price-currencySymbol\">&euro;<\/span>150,00<\/bdi><\/span> <small class=\"woocommerce-price-suffix\">zzgl. MwSt.<\/small><\/ins>","original_product_price":150,"price_including_tax":181.5,"price_excluding_tax":150,"product_id":{"parent":2988,"variation":false},"is_variable":false,"stock_status":"instock","stock_quantity":null,"parent_sku":"","product_attributes":{"inox-formaat":{"is_variation":false,"values":["1000x1000mm","2250x1000mm","2480x1200mm","2980x1480mm"]},"lijngravering":{"is_variation":false,"values":["Geen lijngravering","Lijngravering"]},"gatenpatroon":{"is_variation":false,"values":["Gatenpatroon","Geen gatenpatroon"]}},"custom_fields":[],"is_taxable":true,"product_name":"Arbeitstische aus Edelstahl","hasImage":false},"fields":{"sec_26748527031bc7":{"extra":{"key":"sec_26748527031bc7","section_id":"sec_26748527031bc7","name":"Default","status":1,"cl_rule":"show","enableCl":false,"relations":[],"toggle":true,"title_tag":"h3","show_title":false,"showPrice":"default","form_id":2996,"form_rules":{"exclude_from_discount":false,"fee_label":"Kost","disp_hide_options_price":false,"disp_show_section_price":false,"disp_show_field_price":true,"layout_option":"standard","pric_use_as_fee":false,"process_fee_as":"woo_fee"},"layout_option":"standard"},"fields":[[{"active":true,"col":6,"relations":[],"cl_rule":"show","enableCl":false,"price":"","enablePrice":true,"className":"radio","label_position":"default","desc_position":"default","type":"radio-group","required":true,"elementId":"radio_7932040791","label":"Abmessungen","name":"radio_7932040791","values":[{"label":"1000x1000mm","value":"Option - 1","selected":true,"tempId":"aco_101","price":"0","weight":"16","gt_translate_keys":["label"]},{"label":"2250x1000mm","value":"Option - 2","selected":false,"tempId":"aco_102","price":"150","weight":"36","gt_translate_keys":["label"]},{"label":"2480x1200mm","value":"Option - 3","selected":false,"tempId":"aco_103","price":"220","weight":"48","gt_translate_keys":["label"]},{"label":"2980x1480mm","value":"Option - 4","selected":false,"tempId":"aco_221","price":"380","weight":"72","gt_translate_keys":["label"]}],"layOut":"","error":false,"checkUi":"","priceOptions":"different_for_all","pricingType":"fixed","enableDesign":false,"LabelSize":"16","DescSize":"16","enableWeight":true,"weightOptions":"different_for_all","weightType":"fixed","gt_translate_keys":["label"],"price_dependency":false,"cl_dependency":["content_3743012553","content_3743012553","image_0338284958","image-group-3677990922","image-group-7023781053","image-group-7502361173","image_9242771571","image-group-0472902132","image-group-0716862192","image-group-0874022214"],"value":""}],[{"active":true,"col":6,"relations":[{"operator":false,"rules":[{"operator":"or","rules":{"cl_field":"radio_7932040791","cl_relation":"is","cl_val":"Option - 3"}},{"operator":"AND","rules":{"cl_field":"radio_7932040791","cl_relation":"is","cl_val":"Option - 4"}}]}],"cl_rule":"show","enableCl":true,"price":"","enablePrice":false,"className":"inox_label","label_position":"default","desc_position":"default","type":"content","required":false,"elementId":"content_3743012553","label":"AUFMERKSAMKEIT","name":"content_3743012553","contentType":"plain","value":"Die Gr\u00f6\u00dfen 2500x1200mm und 3000x1500mm sind in zwei Teile geteilt.","error":false,"inline":false,"subtype":"output","enableDesign":true,"LabelColor":"#4b765e","DescColor":"#4b765e","DescSize":"16","LabelSize":"16","gt_translate_keys":["label","value"],"price_dependency":false,"cl_dependency":false}],[{"active":true,"col":6,"relations":[{"operator":false,"rules":[{"operator":"AND","rules":{"cl_field":"radio_7932040791","cl_relation":"is","cl_val":"Option - 1"}}]}],"cl_rule":"show","enableCl":true,"price":"","enablePrice":true,"className":"","label_position":"default","desc_position":"default","type":"image-group","required":false,"elementId":"image_0338284958","label":"Liniengravur","name":"image_0338284958","enable_popup":"no","multiple":false,"layOut":"col-4","img_selection_type":"outline","disp_type":"square","values":[{"label":"Keine gravur","value":"Geen gravering","selected":true,"image":"https:\/\/vostables.be\/wp-content\/uploads\/2024\/11\/Gravering_zonderx2.png","thumb":"https:\/\/vostables.be\/wp-content\/uploads\/2024\/11\/Gravering_zonderx2-150x150.png","tempId":"aco_87","image_id":2981,"price":"0","thumb_src":"https:\/\/www.vostables.com\/wp-content\/uploads\/2024\/11\/Gravering_zonderx2-300x203.png","gt_translate_keys":["label"]},{"label":"1000x1000mm","value":"1000x1000mm","selected":false,"image":"https:\/\/vostables.be\/wp-content\/uploads\/2024\/11\/Gravering_metx2.png","thumb":"https:\/\/vostables.be\/wp-content\/uploads\/2024\/11\/Gravering_metx2-150x150.png","tempId":"aco_88","image_id":2982,"price":"40","thumb_src":"https:\/\/www.vostables.com\/wp-content\/uploads\/2024\/11\/Gravering_metx2-300x203.png","gt_translate_keys":["label"]}],"disp_size_img":{"width":"150","height":""},"error":false,"priceOptions":"different_for_all","pricingType":"fixed","gt_translate_keys":["label"],"price_dependency":false,"cl_dependency":false,"value":""}],[{"label":"Liniengravur","active":true,"required":false,"elementId":"image-group-3677990922","name":"image-group-3677990922","label_position":"default","desc_position":"default","enablePrice":true,"className":"","enableCl":true,"relations":[{"operator":false,"rules":[{"operator":"AND","rules":{"cl_field":"radio_7932040791","cl_relation":"is","cl_val":"Option - 2"}}]}],"layOut":"col-4","disp_size_img":{"width":"150","height":""},"enable_popup":"no","disp_type":"square","img_selection_type":"outline","multiple":false,"values":[{"label":"Keine gravur","value":"Geen gravering","selected":true,"image":"https:\/\/vostables.be\/wp-content\/uploads\/2024\/11\/Gravering_zonderx2.png","thumb":"https:\/\/vostables.be\/wp-content\/uploads\/2024\/11\/Gravering_zonderx2-150x150.png","tempId":"aco_87","image_id":2981,"price":"0","thumb_src":"https:\/\/www.vostables.com\/wp-content\/uploads\/2024\/11\/Gravering_zonderx2-300x203.png","gt_translate_keys":["label"]},{"label":"2250x1000mm","value":"2250x1000mm","selected":false,"image":"https:\/\/vostables.be\/wp-content\/uploads\/2024\/11\/Gravering_metx2.png","thumb":"https:\/\/vostables.be\/wp-content\/uploads\/2024\/11\/Gravering_metx2-150x150.png","tempId":"aco_88","image_id":2982,"price":"45","thumb_src":"https:\/\/www.vostables.com\/wp-content\/uploads\/2024\/11\/Gravering_metx2-300x203.png","gt_translate_keys":["label"]}],"priceOptions":"different_for_all","pricingType":"fixed","price":"","cl_rule":"show","col":6,"type":"image-group","error":false,"gt_translate_keys":["label"],"price_dependency":false,"cl_dependency":false,"value":""}],[{"label":"Liniengravur","active":true,"required":false,"elementId":"image-group-7023781053","name":"image-group-7023781053","label_position":"default","desc_position":"default","enablePrice":true,"className":"","enableCl":true,"relations":[{"operator":false,"rules":[{"operator":"AND","rules":{"cl_field":"radio_7932040791","cl_relation":"is","cl_val":"Option - 3"}}]}],"layOut":"col-4","disp_size_img":{"width":"150","height":""},"enable_popup":"no","disp_type":"square","img_selection_type":"outline","multiple":false,"values":[{"label":"Keine gravur","value":"Geen gravering","selected":true,"image":"https:\/\/vostables.be\/wp-content\/uploads\/2024\/11\/Gravering_zonderx2.png","thumb":"https:\/\/vostables.be\/wp-content\/uploads\/2024\/11\/Gravering_zonderx2-150x150.png","tempId":"aco_87","image_id":2981,"price":"0","thumb_src":"https:\/\/www.vostables.com\/wp-content\/uploads\/2024\/11\/Gravering_zonderx2-300x203.png","gt_translate_keys":["label"]},{"label":"2480x1200mm","value":"2480x1200mm","selected":false,"image":"https:\/\/vostables.be\/wp-content\/uploads\/2024\/11\/Gravering_metx2.png","thumb":"https:\/\/vostables.be\/wp-content\/uploads\/2024\/11\/Gravering_metx2-150x150.png","tempId":"aco_88","image_id":2982,"price":"55","thumb_src":"https:\/\/www.vostables.com\/wp-content\/uploads\/2024\/11\/Gravering_metx2-300x203.png","gt_translate_keys":["label"]}],"priceOptions":"different_for_all","pricingType":"fixed","price":"","cl_rule":"show","col":6,"type":"image-group","error":false,"gt_translate_keys":["label"],"price_dependency":false,"cl_dependency":false,"value":""}],[{"label":"Liniengravur","active":true,"required":false,"elementId":"image-group-7502361173","name":"image-group-7502361173","label_position":"default","desc_position":"default","enablePrice":true,"className":"","enableCl":true,"relations":[{"operator":false,"rules":[{"operator":"AND","rules":{"cl_field":"radio_7932040791","cl_relation":"is","cl_val":"Option - 4"}}]}],"layOut":"col-4","disp_size_img":{"width":"150","height":""},"enable_popup":"no","disp_type":"square","img_selection_type":"outline","multiple":false,"values":[{"label":"Keine gravur","value":"Geen gravering","selected":true,"image":"https:\/\/vostables.be\/wp-content\/uploads\/2024\/11\/Gravering_zonderx2.png","thumb":"https:\/\/vostables.be\/wp-content\/uploads\/2024\/11\/Gravering_zonderx2-150x150.png","tempId":"aco_87","image_id":2981,"price":"0","thumb_src":"https:\/\/www.vostables.com\/wp-content\/uploads\/2024\/11\/Gravering_zonderx2-300x203.png","gt_translate_keys":["label"]},{"label":"2980x1480mm","value":"2980x1480mm","selected":false,"image":"https:\/\/vostables.be\/wp-content\/uploads\/2024\/11\/Gravering_metx2.png","thumb":"https:\/\/vostables.be\/wp-content\/uploads\/2024\/11\/Gravering_metx2-150x150.png","tempId":"aco_88","image_id":2982,"price":"65","thumb_src":"https:\/\/www.vostables.com\/wp-content\/uploads\/2024\/11\/Gravering_metx2-300x203.png","gt_translate_keys":["label"]}],"priceOptions":"different_for_all","pricingType":"fixed","price":"","cl_rule":"show","col":6,"type":"image-group","error":false,"gt_translate_keys":["label"],"price_dependency":false,"cl_dependency":false,"value":""}],[{"active":true,"col":6,"relations":[{"operator":false,"rules":[{"operator":"AND","rules":{"cl_field":"radio_7932040791","cl_relation":"is","cl_val":"Option - 1"}}]}],"cl_rule":"show","enableCl":true,"price":"","enablePrice":true,"className":"","label_position":"default","desc_position":"default","type":"image-group","required":false,"elementId":"image_9242771571","label":"Lochmuster","name":"image_9242771571","enable_popup":"no","multiple":false,"layOut":"col-4","img_selection_type":"outline","disp_type":"square","values":[{"label":"Standard 100x100","value":"Option - 1","selected":false,"image":"https:\/\/vostables.be\/wp-content\/uploads\/2024\/08\/100x100.jpg","thumb":"https:\/\/vostables.be\/wp-content\/uploads\/2024\/08\/Gatenpatroon-standaard-150x150.jpg","tempId":"aco_1598","price":"0","image_id":2745,"thumb_src":"https:\/\/www.vostables.com\/wp-content\/uploads\/2024\/08\/Gatenpatroon-standaard-300x203.jpg","gt_translate_keys":["label"]},{"label":"Diagonale 50x50","value":"Option - 2","selected":false,"image":"https:\/\/vostables.be\/wp-content\/uploads\/2024\/08\/50x50.jpg","thumb":"https:\/\/vostables.be\/wp-content\/uploads\/2024\/08\/50x50-150x150.jpg","tempId":"aco_1599","price":"25","image_id":2667,"thumb_src":"https:\/\/www.vostables.com\/wp-content\/uploads\/2024\/08\/50x50-300x203.jpg","gt_translate_keys":["label"]}],"disp_size_img":{"width":"150","height":""},"error":false,"priceOptions":"different_for_all","pricingType":"fixed","gt_translate_keys":["label"],"price_dependency":false,"cl_dependency":false,"value":""}],[{"label":"Lochmuster","active":true,"required":false,"elementId":"image-group-0472902132","name":"image-group-0472902132","label_position":"default","desc_position":"default","enablePrice":true,"className":"","enableCl":true,"relations":[{"operator":false,"rules":[{"operator":"AND","rules":{"cl_field":"radio_7932040791","cl_relation":"is","cl_val":"Option - 2"}}]}],"layOut":"col-4","disp_size_img":{"width":"150","height":""},"enable_popup":"no","disp_type":"square","img_selection_type":"outline","multiple":false,"values":[{"label":"Standard 100x100","value":"Option - 1","selected":false,"image":"https:\/\/vostables.be\/wp-content\/uploads\/2024\/08\/100x100.jpg","thumb":"https:\/\/vostables.be\/wp-content\/uploads\/2024\/08\/Gatenpatroon-standaard-150x150.jpg","tempId":"aco_1598","price":"0","image_id":2745,"thumb_src":"https:\/\/www.vostables.com\/wp-content\/uploads\/2024\/08\/Gatenpatroon-standaard-300x203.jpg","gt_translate_keys":["label"]},{"label":"Diagonale 50x50","value":"Option - 2","selected":false,"image":"https:\/\/vostables.be\/wp-content\/uploads\/2024\/08\/50x50.jpg","thumb":"https:\/\/vostables.be\/wp-content\/uploads\/2024\/08\/50x50-150x150.jpg","tempId":"aco_1599","price":"50","image_id":2667,"thumb_src":"https:\/\/www.vostables.com\/wp-content\/uploads\/2024\/08\/50x50-300x203.jpg","gt_translate_keys":["label"]}],"priceOptions":"different_for_all","pricingType":"fixed","price":"","cl_rule":"show","col":6,"type":"image-group","error":false,"gt_translate_keys":["label"],"price_dependency":false,"cl_dependency":false,"value":""}],[{"label":"Lochmuster","active":true,"required":false,"elementId":"image-group-0716862192","name":"image-group-0716862192","label_position":"default","desc_position":"default","enablePrice":true,"className":"","enableCl":true,"relations":[{"operator":false,"rules":[{"operator":"AND","rules":{"cl_field":"radio_7932040791","cl_relation":"is","cl_val":"Option - 3"}}]}],"layOut":"col-4","disp_size_img":{"width":"150","height":""},"enable_popup":"no","disp_type":"square","img_selection_type":"outline","multiple":false,"values":[{"label":"Standard 100x100","value":"Option - 1","selected":false,"image":"https:\/\/vostables.be\/wp-content\/uploads\/2024\/08\/100x100.jpg","thumb":"https:\/\/vostables.be\/wp-content\/uploads\/2024\/08\/Gatenpatroon-standaard-150x150.jpg","tempId":"aco_1598","price":"0","image_id":2745,"thumb_src":"https:\/\/www.vostables.com\/wp-content\/uploads\/2024\/08\/Gatenpatroon-standaard-300x203.jpg","gt_translate_keys":["label"]},{"label":"Diagonale 50x50","value":"Option - 2","selected":false,"image":"https:\/\/vostables.be\/wp-content\/uploads\/2024\/08\/50x50.jpg","thumb":"https:\/\/vostables.be\/wp-content\/uploads\/2024\/08\/50x50-150x150.jpg","tempId":"aco_1599","price":"75","image_id":2667,"thumb_src":"https:\/\/www.vostables.com\/wp-content\/uploads\/2024\/08\/50x50-300x203.jpg","gt_translate_keys":["label"]}],"priceOptions":"different_for_all","pricingType":"fixed","price":"","cl_rule":"show","col":6,"type":"image-group","error":false,"gt_translate_keys":["label"],"price_dependency":false,"cl_dependency":false,"value":""}],[{"label":"Lochmuster","active":true,"required":false,"elementId":"image-group-0874022214","name":"image-group-0874022214","label_position":"default","desc_position":"default","enablePrice":true,"className":"","enableCl":true,"relations":[{"operator":false,"rules":[{"operator":"AND","rules":{"cl_field":"radio_7932040791","cl_relation":"is","cl_val":"Option - 4"}}]}],"layOut":"col-4","disp_size_img":{"width":"150","height":""},"enable_popup":"no","disp_type":"square","img_selection_type":"outline","multiple":false,"values":[{"label":"Standard 100x100","value":"Option - 1","selected":false,"image":"https:\/\/vostables.be\/wp-content\/uploads\/2024\/08\/100x100.jpg","thumb":"https:\/\/vostables.be\/wp-content\/uploads\/2024\/08\/Gatenpatroon-standaard-150x150.jpg","tempId":"aco_1598","price":"0","image_id":2745,"thumb_src":"https:\/\/www.vostables.com\/wp-content\/uploads\/2024\/08\/Gatenpatroon-standaard-300x203.jpg","gt_translate_keys":["label"]},{"label":"Diagonale 50x50","value":"Option - 2","selected":false,"image":"https:\/\/vostables.be\/wp-content\/uploads\/2024\/08\/50x50.jpg","thumb":"https:\/\/vostables.be\/wp-content\/uploads\/2024\/08\/50x50-150x150.jpg","tempId":"aco_1599","price":"100","image_id":2667,"thumb_src":"https:\/\/www.vostables.com\/wp-content\/uploads\/2024\/08\/50x50-300x203.jpg","gt_translate_keys":["label"]}],"priceOptions":"different_for_all","pricingType":"fixed","price":"","cl_rule":"show","col":6,"type":"image-group","error":false,"gt_translate_keys":["label"],"price_dependency":false,"cl_dependency":false,"value":""}]]},"sec_365ae4d3b88ea3":{"extra":{"key":"sec_365ae4d3b88ea3","section_id":"sec_365ae4d3b88ea3","name":"Default","status":1,"cl_rule":"show","enableCl":false,"relations":[],"toggle":true,"title_tag":"h3","show_title":false,"showPrice":"default","form_id":2209,"form_rules":{"exclude_from_discount":false,"fee_label":"Kost","disp_hide_options_price":false,"disp_show_section_price":false,"disp_show_field_price":true,"layout_option":"standard","pric_use_as_fee":false,"process_fee_as":"woo_fee"},"layout_option":"standard"},"fields":[[{"type":"select","elementId":"wcpa-select-1632497916478","label":"Durchmesser der L\u00f6cher","priceOptions":"different_for_all","pricingType":"fixed","name":"select-1632497916478","cl_rule":"show","col":6,"values":[{"label":"16 mm","value":"16mm","price":"","pimage":"","pimage_id":"","pthumb":"","gt_translate_keys":["label"]},{"label":"20 mm","value":"20mm","price":"","pimage":"","pimage_id":"","pthumb":"","selected":true,"gt_translate_keys":["label"]},{"label":"28 mm","value":"28mm","price":"","pimage":"","pimage_id":"","pthumb":"","gt_translate_keys":["label"]}],"relations":false,"active":true,"tooltip":"","dropdown_type":"basic","error":false,"gt_translate_keys":["label","tooltip"],"price_dependency":false,"cl_dependency":false,"value":""}]]}},"config":{"price_override":"","enable_recaptcha":false,"bind_quantity":false,"quantity_bind_formula":false,"disp_summ_show_option_price":true,"disp_summ_show_product_price":true,"disp_summ_show_total_price":true,"disp_summ_show_fee":false,"disp_summ_show_discount":false,"summary_title":"","options_total_label":"Preisoptionen","total_label":"Gesamt","options_product_label":"Produktpreis","fee_label":"Kost","discount_label":"Discount","has_price":true,"has_quantity_formula":false},"mc_unit":1,"tax_rate":1,"tax_rate_real":0.21,"discount":{"percentage":0,"fixed":0},"design":{"conf":{"LabelPosition":"above","DescPosition":"above","UploadField":"custom_1","QuantityFieldStyle":"default"},"css":{"LeftLabelWidth":"120px"}},"formulas":[],"lookuptables":[],"clones":false,"cartKey":false}},"_links":{"self":[{"href":"https:\/\/www.vostables.com\/de\/wp-json\/wp\/v2\/product\/2988","targetHints":{"allow":["GET"]}}],"collection":[{"href":"https:\/\/www.vostables.com\/de\/wp-json\/wp\/v2\/product"}],"about":[{"href":"https:\/\/www.vostables.com\/de\/wp-json\/wp\/v2\/types\/product"}],"replies":[{"embeddable":true,"href":"https:\/\/www.vostables.com\/de\/wp-json\/wp\/v2\/comments?post=2988"}],"wp:featuredmedia":[{"embeddable":true,"href":"https:\/\/www.vostables.com\/de\/wp-json\/wp\/v2\/media\/2989"}],"wp:attachment":[{"href":"https:\/\/www.vostables.com\/de\/wp-json\/wp\/v2\/media?parent=2988"}],"wp:term":[{"taxonomy":"product_brand","embeddable":true,"href":"https:\/\/www.vostables.com\/de\/wp-json\/wp\/v2\/product_brand?post=2988"},{"taxonomy":"product_cat","embeddable":true,"href":"https:\/\/www.vostables.com\/de\/wp-json\/wp\/v2\/product_cat?post=2988"},{"taxonomy":"product_tag","embeddable":true,"href":"https:\/\/www.vostables.com\/de\/wp-json\/wp\/v2\/product_tag?post=2988"}],"curies":[{"name":"wp","href":"https:\/\/api.w.org\/{rel}","templated":true}]}}