{"id":3183,"date":"2023-11-07T09:53:03","date_gmt":"2023-11-07T07:53:03","guid":{"rendered":"https:\/\/vostables.be\/?post_type=product&#038;p=3183"},"modified":"2025-12-11T17:18:29","modified_gmt":"2025-12-11T15:18:29","slug":"flache-v-nocken","status":"publish","type":"product","link":"https:\/\/www.vostables.com\/de\/produkt\/flache-v-nocken\/","title":{"rendered":"Flache V-Nocken"},"content":{"rendered":"<div class=\"wpb-content-wrapper\"><p>[vc_row][vc_column width=&#8220;1\/1&#8243;][vc_gallery el_id=&#8220;gallery-257001&#8243; type=&#8220;css_grid&#8220; medias=&#8220;3879,3883&#8243; screen_lg_items=&#8220;4&#8243; screen_lg_breakpoint=&#8220;1000&#8243; screen_md_items=&#8220;2&#8243; screen_md_breakpoint=&#8220;600&#8243; screen_sm_items=&#8220;1&#8243; screen_sm_breakpoint=&#8220;480&#8243; gutter_size=&#8220;3&#8243; media_items=&#8220;media|lightbox|original&#8220; css_grid_images_size=&#8220;three-four&#8220; single_overlay_opacity=&#8220;1&#8243; single_padding=&#8220;2&#8243; single_border=&#8220;yes&#8220; uncode_shortcode_id=&#8220;204346&#8243;][\/vc_column][\/vc_row]<\/p>\n<\/div>","protected":false},"excerpt":{"rendered":"<ul>\n<li>Eine praktische L\u00f6sung, um Rohre einfach auf Ihrer Schwei\u00dftisch zu spannen.<\/li>\n<li>Verf\u00fcgt \u00fcber keinen Stift an der Unterseite, sodass Sie sie separat an jeder gew\u00fcnschten Stelle verwenden k\u00f6nnen.<\/li>\n<li>Legen Sie sie unter Ihre Klemme, um das Rohr stabil und schnell zu fixieren.<\/li>\n<li>So wird das Schwei\u00dfen noch effizienter!<\/li>\n<\/ul>\n","protected":false},"featured_media":3875,"comment_status":"closed","ping_status":"closed","template":"","meta":{"_acf_changed":false},"product_brand":[],"product_cat":[230],"product_tag":[],"class_list":{"0":"post-3183","1":"product","2":"type-product","3":"status-publish","4":"has-post-thumbnail","6":"product_cat-zubehoer","8":"first","9":"instock","10":"taxable","11":"shipping-taxable","12":"purchasable","13":"product-type-simple"},"acf":[],"wcpa_form_fields":null,"_links":{"self":[{"href":"https:\/\/www.vostables.com\/de\/wp-json\/wp\/v2\/product\/3183","targetHints":{"allow":["GET"]}}],"collection":[{"href":"https:\/\/www.vostables.com\/de\/wp-json\/wp\/v2\/product"}],"about":[{"href":"https:\/\/www.vostables.com\/de\/wp-json\/wp\/v2\/types\/product"}],"replies":[{"embeddable":true,"href":"https:\/\/www.vostables.com\/de\/wp-json\/wp\/v2\/comments?post=3183"}],"wp:featuredmedia":[{"embeddable":true,"href":"https:\/\/www.vostables.com\/de\/wp-json\/wp\/v2\/media\/3875"}],"wp:attachment":[{"href":"https:\/\/www.vostables.com\/de\/wp-json\/wp\/v2\/media?parent=3183"}],"wp:term":[{"taxonomy":"product_brand","embeddable":true,"href":"https:\/\/www.vostables.com\/de\/wp-json\/wp\/v2\/product_brand?post=3183"},{"taxonomy":"product_cat","embeddable":true,"href":"https:\/\/www.vostables.com\/de\/wp-json\/wp\/v2\/product_cat?post=3183"},{"taxonomy":"product_tag","embeddable":true,"href":"https:\/\/www.vostables.com\/de\/wp-json\/wp\/v2\/product_tag?post=3183"}],"curies":[{"name":"wp","href":"https:\/\/api.w.org\/{rel}","templated":true}]}}