{"id":3898,"date":"2025-04-15T14:00:35","date_gmt":"2025-04-15T12:00:35","guid":{"rendered":"https:\/\/vostables.be\/product\/bankschroef\/"},"modified":"2025-11-02T15:52:09","modified_gmt":"2025-11-02T13:52:09","slug":"schraubstock","status":"publish","type":"product","link":"https:\/\/www.vostables.com\/de\/produkt\/schraubstock\/","title":{"rendered":"Schraubstock"},"content":{"rendered":"<div class=\"wpb-content-wrapper\"><p>[vc_row][vc_column width=&#8220;1\/2&#8243;][vc_gallery el_id=&#8220;gallery-257001&#8243; type=&#8220;css_grid&#8220; medias=&#8220;3201&#8243; grid_items=&#8220;1&#8243; screen_lg_items=&#8220;1&#8243; screen_lg_breakpoint=&#8220;1000&#8243; screen_md_items=&#8220;1&#8243; screen_md_breakpoint=&#8220;600&#8243; screen_sm_items=&#8220;1&#8243; screen_sm_breakpoint=&#8220;480&#8243; gutter_size=&#8220;3&#8243; media_items=&#8220;media|lightbox|original&#8220; css_grid_images_size=&#8220;three-four&#8220; single_overlay_opacity=&#8220;1&#8243; single_padding=&#8220;2&#8243; single_border=&#8220;yes&#8220; uncode_shortcode_id=&#8220;838432&#8243;][\/vc_column][vc_column width=&#8220;1\/2&#8243;][vc_column_text uncode_shortcode_id=&#8220;614928&#8243; el_class=&#8220;checklist&#8220;]<\/p>\n<h3>Abmessungen<\/h3>\n<p>165mm Breite x 405mm L\u00e4nge x 180mm H\u00f6he<\/p>\n<ul>\n<li>Schnabelbreite: 120mm<\/li>\n<li>Zapfentiefe: 82,5mm<\/li>\n<li>Spannweite: 145mm<\/li>\n<\/ul>\n<p>[\/vc_column_text][\/vc_column][\/vc_row]<\/p>\n<\/div>","protected":false},"excerpt":{"rendered":"<ul>\n<li>Ideal zur Montage auf unserem <a href=\"https:\/\/vostables.be\/product\/schroefbank-tafel\/\">Schraubstocktisch<\/a><\/li>\n<li>Gefertigt aus geschmiedetem Stahl<\/li>\n<li>Ausgestattet mit geriffelten Spannbacken<\/li>\n<li>Pr\u00e4zise einstellbare F\u00fchrung<\/li>\n<li>Gro\u00dfe Ambossfl\u00e4che und extra gro\u00dfe Spannweite.<\/li>\n<\/ul>\n","protected":false},"featured_media":3197,"comment_status":"closed","ping_status":"closed","template":"","meta":{"_acf_changed":false},"product_brand":[],"product_cat":[230],"product_tag":[],"class_list":{"0":"post-3898","1":"product","2":"type-product","3":"status-publish","4":"has-post-thumbnail","6":"product_cat-zubehoer","8":"first","9":"instock","10":"taxable","11":"shipping-taxable","12":"purchasable","13":"product-type-simple"},"acf":[],"wcpa_form_fields":null,"_links":{"self":[{"href":"https:\/\/www.vostables.com\/de\/wp-json\/wp\/v2\/product\/3898","targetHints":{"allow":["GET"]}}],"collection":[{"href":"https:\/\/www.vostables.com\/de\/wp-json\/wp\/v2\/product"}],"about":[{"href":"https:\/\/www.vostables.com\/de\/wp-json\/wp\/v2\/types\/product"}],"replies":[{"embeddable":true,"href":"https:\/\/www.vostables.com\/de\/wp-json\/wp\/v2\/comments?post=3898"}],"wp:featuredmedia":[{"embeddable":true,"href":"https:\/\/www.vostables.com\/de\/wp-json\/wp\/v2\/media\/3197"}],"wp:attachment":[{"href":"https:\/\/www.vostables.com\/de\/wp-json\/wp\/v2\/media?parent=3898"}],"wp:term":[{"taxonomy":"product_brand","embeddable":true,"href":"https:\/\/www.vostables.com\/de\/wp-json\/wp\/v2\/product_brand?post=3898"},{"taxonomy":"product_cat","embeddable":true,"href":"https:\/\/www.vostables.com\/de\/wp-json\/wp\/v2\/product_cat?post=3898"},{"taxonomy":"product_tag","embeddable":true,"href":"https:\/\/www.vostables.com\/de\/wp-json\/wp\/v2\/product_tag?post=3898"}],"curies":[{"name":"wp","href":"https:\/\/api.w.org\/{rel}","templated":true}]}}