{"id":5890,"date":"2025-09-30T09:00:26","date_gmt":"2025-09-30T07:00:26","guid":{"rendered":"https:\/\/vostables.be\/product\/schweisstisch-premium-xxl\/"},"modified":"2025-12-11T20:15:13","modified_gmt":"2025-12-11T18:15:13","slug":"schweisstisch-premium-xxl","status":"publish","type":"product","link":"https:\/\/www.vostables.com\/de\/produkt\/schweisstisch-premium-xxl\/","title":{"rendered":"Schwei\u00dftisch Premium &#8211; XXL"},"content":{"rendered":"<div class=\"wpb-content-wrapper\"><p>[vc_row][vc_column width=&#8220;1\/1&#8243;][uncode_block id=&#8220;6737&#8243;][\/vc_column][\/vc_row]<\/p>\n<\/div>","protected":false},"excerpt":{"rendered":"<ul>\n<li>Abmessungen Schwei\u00dftisch: 4000x2000x200mm<\/li>\n<li>Dicke Schwei\u00dftisch: 25mm<\/li>\n<li>Gewicht:\n<ul>\n<li>2.400kg (L\u00f6cher 100&#215;100)<\/li>\n<li>2.300kg (L\u00f6cher 50x50mm)<\/li>\n<\/ul>\n<\/li>\n<li>Schwei\u00dftisch gefr\u00e4st, geh\u00e4rtet und nitriert<\/li>\n<li>Arbeitsh\u00f6he:\n<ul>\n<li>Beine 935mm<\/li>\n<li>R\u00e4der 890mm<\/li>\n<\/ul>\n<\/li>\n<li>L\u00f6cher: \u00d8 28mm\n<ul>\n<li>quadratisch 100x100mm<\/li>\n<li>diagonal 50x50mm<\/li>\n<\/ul>\n<\/li>\n<li>Liniengravur: 100x100mm zwischen den L\u00f6chern<\/li>\n<li>Lineal an den 4 Seiten in mm<\/li>\n<\/ul>\n","protected":false},"featured_media":4275,"comment_status":"closed","ping_status":"closed","template":"","meta":{"_acf_changed":false},"product_brand":[],"product_cat":[312],"product_tag":[],"class_list":{"0":"post-5890","1":"product","2":"type-product","3":"status-publish","4":"has-post-thumbnail","6":"product_cat-premium-schweisstische","7":"product_shipping_class-large-shipping","8":"wcpa_has_options","10":"first","11":"instock","12":"taxable","13":"shipping-taxable","14":"purchasable","15":"product-type-simple"},"acf":[],"wcpa_form_fields":{"wcpaData":{"product":{"product_price":8195,"price_html":"<ins class=\"h3\"><span class=\"woocommerce-Price-amount amount\"><bdi><span class=\"woocommerce-Price-currencySymbol\">&euro;<\/span>8195,00<\/bdi><\/span> <small class=\"woocommerce-price-suffix\">zzgl. MwSt.<\/small><\/ins>","original_product_price":8195,"price_including_tax":9915.95,"price_excluding_tax":8195,"product_id":{"parent":5890,"variation":false},"is_variable":false,"stock_status":"instock","stock_quantity":null,"parent_sku":"","product_attributes":[],"custom_fields":[],"is_taxable":true,"product_name":"Schwei\u00dftisch Premium - XXL","hasImage":false},"fields":{"sec_768fb7a0f0f38b":{"extra":{"key":"sec_768fb7a0f0f38b","section_id":"sec_768fb7a0f0f38b","name":"Default","status":1,"cl_rule":"show","enableCl":false,"relations":[],"toggle":true,"title_tag":"h3","show_title":false,"showPrice":"default","form_id":5855,"form_rules":{"exclude_from_discount":false,"fee_label":"Kost","disp_hide_options_price":false,"disp_show_section_price":false,"disp_show_field_price":true,"layout_option":"standard","pric_use_as_fee":false,"process_fee_as":"woo_fee"},"layout_option":"standard"},"fields":[[{"active":true,"col":6,"relations":[{"operator":false,"rules":[{"operator":"AND","rules":{"cl_field":"","cl_relation":"","cl_val":""}}]}],"cl_rule":"show","enableCl":false,"price":"","enablePrice":false,"className":"","label_position":"default","desc_position":"default","type":"select","required":false,"elementId":"select_368fb7a0f0f3c0","label":"","name":"select_368fb7a0f0f3c0","values":[{"label":"1000mm x 1000mm x 200mm (340kg)","value":"lastafel klein premium NL","selected":false,"tempId":"aco_80","gt_translate_keys":["label"]},{"label":"2000mm x 1000mm x 200mm (600kg)","value":"lastafel middel premium NL","selected":false,"tempId":"aco_81","gt_translate_keys":["label"]},{"label":"2400mm x 1200mm x 200mm (860kg)","value":"lastafel groot premium NL","selected":false,"tempId":"aco_82","gt_translate_keys":["label"]},{"label":"3000mm x 1500mm x 200mm (1360kg)","value":"lastafel extra groot premium NL","selected":false,"tempId":"aco_362","gt_translate_keys":["label"]},{"label":"4000mm x 2000mm x 200mm (2.400kg)","value":"lastafel XXL premium NL","selected":true,"tempId":"aco_145","gt_translate_keys":["label"]}],"dropdown_type":"basic","error":false,"isWeightTemplate":false,"isTemplate":false,"min_quantity":"1","quantity_decimal":false,"quantity_step":"1","quantity_label":"Quantity","repeater_field_label":"{field_label}","repeater_bind":"","description":"Ma\u00dfe der Tischplatte","gt_translate_keys":["label","description","repeater_field_label","quantity_label"],"price_dependency":false,"cl_dependency":false,"value":""}]]},"sec_968f8d48d4e661":{"extra":{"key":"sec_968f8d48d4e661","section_id":"sec_968f8d48d4e661","name":"Default","status":1,"cl_rule":"show","enableCl":false,"relations":[],"toggle":true,"title_tag":"h3","show_title":false,"showPrice":"default","form_id":5844,"form_rules":{"exclude_from_discount":false,"fee_label":"Kost","disp_hide_options_price":false,"disp_show_section_price":false,"disp_show_field_price":true,"layout_option":"standard","pric_use_as_fee":false,"process_fee_as":"woo_fee"},"layout_option":"standard"},"fields":[[{"label":"Lochmuster","active":true,"required":true,"elementId":"image-group_1068f8d48d4e691","tooltip":"<a href=\"https:\/\/vostables.be\/de\/lochmuster\/\" class=\"lastafeltooltip\">Weitere Informationen finden Sie hier<\/a>","name":"image-group_1068f8d48d4e691","enablePrice":true,"relations":false,"layOut":"inline","other_text":"Other","disp_size_img":{"width":"150","height":""},"enable_popup":"no","disp_type":"square","img_selection_type":"outline","values":[{"label":"100x100mm","price":"0","image":"https:\/\/vostables.be\/wp-content\/uploads\/2025\/09\/Gatenpatroon-stabdaard-premium.jpg","image_id":4376,"thumb":"https:\/\/vostables.be\/wp-content\/uploads\/2025\/09\/Gatenpatroon-stabdaard-premium-150x150.jpg","value":"0","tempId":"aco_29","selected":true,"weight":"2400","thumb_src":"https:\/\/vostables.be\/wp-content\/uploads\/2025\/09\/Gatenpatroon-stabdaard-premium-300x203.jpg","gt_translate_keys":["label"]},{"label":"Diagonale 50x50mm","price":"455","image":"https:\/\/vostables.be\/wp-content\/uploads\/2025\/09\/Gatenpatroon-dubbel-premium.jpg","image_id":4380,"thumb":"https:\/\/vostables.be\/wp-content\/uploads\/2025\/09\/Gatenpatroon-dubbel-premium-150x150.jpg","selected":false,"value":"1","tempId":"aco_30","weight":"2300","thumb_src":"https:\/\/vostables.be\/wp-content\/uploads\/2025\/09\/Gatenpatroon-dubbel-premium-300x203.jpg","gt_translate_keys":["label"]}],"priceOptions":"different_for_all","pricingType":"fixed","price":0,"cl_rule":"show","col":6,"type":"image-group","error":false,"hideImageIn_cart":true,"hideImageIn_order":true,"hideImageIn_email":true,"isWeightTemplate":false,"isTemplate":false,"img_preview_disable_mobile":true,"min_quantity":"1","quantity_decimal":false,"quantity_step":"1","quantity_label":"Quantity","repeater_field_label":"{field_label}","repeater_bind":"","enableWeight":true,"weightOptions":"different_for_all","weightType":"fixed","gt_translate_keys":["label","tooltip","repeater_field_label","quantity_label"],"price_dependency":false,"cl_dependency":false,"value":""}],[{"type":"image-group","required":true,"label":"Rahmen","elementId":"image-group_268f8d48d4e6a2","inline":true,"enablePrice":true,"priceOptions":"different_for_all","pricingType":"fixed","disp_size_img":{"width":"150","height":""},"enable_popup":"no","name":"image-group_268f8d48d4e6a2","hideImageIn_cart":true,"hideImageIn_order":true,"hideImageIn_email":true,"disp_type":"square","img_selection_type":"outline","other_text":"Other","cl_rule":"show","col":6,"values":[{"label":"6 verstellbare F\u00fc\u00dfe","price":"0","image":"https:\/\/vostables.be\/wp-content\/uploads\/2025\/10\/poten-premium-copyx2.jpg","image_id":5138,"thumb":"https:\/\/vostables.be\/wp-content\/uploads\/2025\/10\/poten-premium-copyx2-150x150.jpg","selected":true,"value":"0","tempId":"aco_153","thumb_src":"https:\/\/vostables.be\/wp-content\/uploads\/2025\/10\/poten-premium-copyx2-300x203.jpg","gt_translate_keys":["label"]},{"label":"6 verstellbare Rollen","price":"390","image":"https:\/\/vostables.be\/wp-content\/uploads\/2025\/09\/wielen-premiumx2.jpg","image_id":4372,"thumb":"https:\/\/vostables.be\/wp-content\/uploads\/2025\/09\/wielen-premiumx2-150x150.jpg","value":"2","tempId":"aco_154","thumb_src":"https:\/\/vostables.be\/wp-content\/uploads\/2025\/09\/wielen-premiumx2-300x203.jpg","gt_translate_keys":["label"]}],"relations":false,"price":0,"active":true,"tooltip":"","layOut":"inline","error":false,"isWeightTemplate":false,"isTemplate":false,"img_preview_disable_mobile":true,"min_quantity":"1","quantity_decimal":false,"quantity_step":"1","quantity_label":"Quantity","repeater_field_label":"{field_label}","repeater_bind":"","gt_translate_keys":["label","tooltip","repeater_field_label","quantity_label"],"price_dependency":false,"cl_dependency":false,"value":""}]]}},"config":{"price_override":"","enable_recaptcha":false,"bind_quantity":false,"quantity_bind_formula":false,"disp_summ_show_option_price":true,"disp_summ_show_product_price":true,"disp_summ_show_total_price":true,"disp_summ_show_fee":false,"disp_summ_show_discount":false,"summary_title":"","options_total_label":"Preisoptionen","total_label":"Gesamt","options_product_label":"Produktpreis","fee_label":"Kost","discount_label":"Discount","has_price":true,"has_quantity_formula":false},"mc_unit":1,"tax_rate":1,"tax_rate_real":0.21,"discount":{"percentage":0,"fixed":0},"design":{"conf":{"LabelPosition":"above","DescPosition":"above","UploadField":"custom_1","QuantityFieldStyle":"default"},"css":{"LeftLabelWidth":"120px"}},"formulas":[],"lookuptables":[],"clones":false,"cartKey":false}},"_links":{"self":[{"href":"https:\/\/www.vostables.com\/de\/wp-json\/wp\/v2\/product\/5890","targetHints":{"allow":["GET"]}}],"collection":[{"href":"https:\/\/www.vostables.com\/de\/wp-json\/wp\/v2\/product"}],"about":[{"href":"https:\/\/www.vostables.com\/de\/wp-json\/wp\/v2\/types\/product"}],"replies":[{"embeddable":true,"href":"https:\/\/www.vostables.com\/de\/wp-json\/wp\/v2\/comments?post=5890"}],"wp:featuredmedia":[{"embeddable":true,"href":"https:\/\/www.vostables.com\/de\/wp-json\/wp\/v2\/media\/4275"}],"wp:attachment":[{"href":"https:\/\/www.vostables.com\/de\/wp-json\/wp\/v2\/media?parent=5890"}],"wp:term":[{"taxonomy":"product_brand","embeddable":true,"href":"https:\/\/www.vostables.com\/de\/wp-json\/wp\/v2\/product_brand?post=5890"},{"taxonomy":"product_cat","embeddable":true,"href":"https:\/\/www.vostables.com\/de\/wp-json\/wp\/v2\/product_cat?post=5890"},{"taxonomy":"product_tag","embeddable":true,"href":"https:\/\/www.vostables.com\/de\/wp-json\/wp\/v2\/product_tag?post=5890"}],"curies":[{"name":"wp","href":"https:\/\/api.w.org\/{rel}","templated":true}]}}