{"id":5900,"date":"2025-09-13T11:39:33","date_gmt":"2025-09-13T09:39:33","guid":{"rendered":"https:\/\/vostables.be\/product\/schnellspannbolzen-mit-flansch\/"},"modified":"2025-11-20T12:24:06","modified_gmt":"2025-11-20T10:24:06","slug":"schnellspannbolzen-mit-flansch","status":"publish","type":"product","link":"https:\/\/www.vostables.com\/de\/produkt\/schnellspannbolzen-mit-flansch\/","title":{"rendered":"Schnellspannbolzen mit Flansch"},"content":{"rendered":"","protected":false},"excerpt":{"rendered":"<ul>\n<li>Der Schnellspannbolzen ist oben mit einem Flansch ausgestattet und mit gro\u00dfen Kugeln f\u00fcr eine optimale Klemmung Ihres Werkst\u00fccks auf dem Schwei\u00dftisch versehen.<\/li>\n<li>Der Bolzen wird einfach und schnell durch Drehen am Kopf befestigt.<\/li>\n<li>Dieser Bolzen ist nicht zum Verbinden von U-Tr\u00e4gern oder schweren Anschl\u00e4gen geeignet.<\/li>\n<li class=\"m_7140292061931691367MsoListParagraph\">Kompatibel f\u00fcr die Klemmung auf dem Schwei\u00dftisch und f\u00fcr Werkzeuge mit 25 mm Dicke.<u><\/u><u><\/u><\/li>\n<li>Erh\u00e4ltlich in:\n<ul>\n<li><strong>50 mm:<\/strong> Geeignet zum Einspannen eines 25 mm dicken Werkzeugs auf einem 25 mm dicken Schwei\u00dftisch<\/li>\n<li><strong>75 mm:<\/strong> Geeignet zum Einspannen von zwei 25 mm dicken Werkzeugen auf einem 25 mm dicken Schwei\u00dftisch<\/li>\n<\/ul>\n<\/li>\n<li>F\u00fcr Schwei\u00dftische mit L\u00f6chern \u230028 mm<\/li>\n<\/ul>\n","protected":false},"featured_media":6658,"comment_status":"closed","ping_status":"closed","template":"","meta":{"_acf_changed":false},"product_brand":[],"product_cat":[318],"product_tag":[329,325,326,327,328],"class_list":{"0":"post-5900","1":"product","2":"type-product","3":"status-publish","4":"has-post-thumbnail","6":"product_cat-premium-zubehoer","7":"product_tag-paket-2-premium","8":"product_tag-paket-3-premium","9":"product_tag-paket-4-premium","10":"product_tag-paket-5-premium","11":"product_tag-paket-1-premium","13":"first","14":"instock","15":"taxable","16":"shipping-taxable","17":"purchasable","18":"product-type-variable","19":"has-default-attributes"},"acf":[],"wcpa_form_fields":null,"_links":{"self":[{"href":"https:\/\/www.vostables.com\/de\/wp-json\/wp\/v2\/product\/5900","targetHints":{"allow":["GET"]}}],"collection":[{"href":"https:\/\/www.vostables.com\/de\/wp-json\/wp\/v2\/product"}],"about":[{"href":"https:\/\/www.vostables.com\/de\/wp-json\/wp\/v2\/types\/product"}],"replies":[{"embeddable":true,"href":"https:\/\/www.vostables.com\/de\/wp-json\/wp\/v2\/comments?post=5900"}],"wp:featuredmedia":[{"embeddable":true,"href":"https:\/\/www.vostables.com\/de\/wp-json\/wp\/v2\/media\/6658"}],"wp:attachment":[{"href":"https:\/\/www.vostables.com\/de\/wp-json\/wp\/v2\/media?parent=5900"}],"wp:term":[{"taxonomy":"product_brand","embeddable":true,"href":"https:\/\/www.vostables.com\/de\/wp-json\/wp\/v2\/product_brand?post=5900"},{"taxonomy":"product_cat","embeddable":true,"href":"https:\/\/www.vostables.com\/de\/wp-json\/wp\/v2\/product_cat?post=5900"},{"taxonomy":"product_tag","embeddable":true,"href":"https:\/\/www.vostables.com\/de\/wp-json\/wp\/v2\/product_tag?post=5900"}],"curies":[{"name":"wp","href":"https:\/\/api.w.org\/{rel}","templated":true}]}}