{"id":5905,"date":"2025-09-30T09:17:17","date_gmt":"2025-09-30T07:17:17","guid":{"rendered":"https:\/\/vostables.be\/product\/schweisstisch-premium-klein\/"},"modified":"2025-12-11T14:49:58","modified_gmt":"2025-12-11T12:49:58","slug":"schweisstisch-premium-klein","status":"publish","type":"product","link":"https:\/\/www.vostables.com\/de\/produkt\/schweisstisch-premium-klein\/","title":{"rendered":"Schwei\u00dftisch Premium &#8211; Klein"},"content":{"rendered":"<div class=\"wpb-content-wrapper\"><p>[vc_row][vc_column width=&#8220;1\/1&#8243;][uncode_block id=&#8220;6737&#8243;][\/vc_column][\/vc_row]<\/p>\n<\/div>","protected":false},"excerpt":{"rendered":"<ul>\n<li>Abmessungen: 1000x1000x200mm<\/li>\n<li>Schwei\u00dftischdicke: 25mm<\/li>\n<li>Gewicht: 340kg<\/li>\n<li>Schwei\u00dftisch gefr\u00e4st, geh\u00e4rtet und nitriert<\/li>\n<li>Arbeitsh\u00f6he:\n<ul>\n<li>Beine 890mm tot 940mm<\/li>\n<li>R\u00e4der 930mm<\/li>\n<\/ul>\n<\/li>\n<li>L\u00f6cher: \u00d8 28mm &#8211; 100x100mm<\/li>\n<li>Linienraster: 100x100mm zwischen den L\u00f6chern<\/li>\n<li>Skala an allen 4 Seiten in mm<\/li>\n<\/ul>\n","protected":false},"featured_media":4219,"comment_status":"closed","ping_status":"closed","template":"","meta":{"_acf_changed":false},"product_brand":[],"product_cat":[312],"product_tag":[],"class_list":{"0":"post-5905","1":"product","2":"type-product","3":"status-publish","4":"has-post-thumbnail","6":"product_cat-premium-schweisstische","7":"wcpa_has_options","9":"first","10":"instock","11":"taxable","12":"shipping-taxable","13":"purchasable","14":"product-type-simple"},"acf":[],"wcpa_form_fields":{"wcpaData":{"product":{"product_price":1695,"price_html":"<ins class=\"h3\"><span class=\"woocommerce-Price-amount amount\"><bdi><span class=\"woocommerce-Price-currencySymbol\">&euro;<\/span>1695,00<\/bdi><\/span> <small class=\"woocommerce-price-suffix\">zzgl. MwSt.<\/small><\/ins>","original_product_price":1695,"price_including_tax":2050.95,"price_excluding_tax":1695,"product_id":{"parent":5905,"variation":false},"is_variable":false,"stock_status":"instock","stock_quantity":null,"parent_sku":"","product_attributes":[],"custom_fields":[],"is_taxable":true,"product_name":"Schwei\u00dftisch Premium - Klein","hasImage":false},"fields":{"sec_568f627bd22641":{"extra":{"key":"sec_568f627bd22641","section_id":"sec_568f627bd22641","name":"Default","status":1,"cl_rule":"show","enableCl":false,"relations":[],"toggle":true,"title_tag":"h3","show_title":false,"showPrice":"default","form_id":5836,"form_rules":{"exclude_from_discount":false,"fee_label":"Kost","disp_hide_options_price":false,"disp_show_section_price":false,"disp_show_field_price":true,"layout_option":"standard","pric_use_as_fee":false,"process_fee_as":"woo_fee"},"layout_option":"standard"},"fields":[[{"active":true,"col":6,"relations":[{"operator":false,"rules":[{"operator":"AND","rules":{"cl_field":"","cl_relation":"","cl_val":""}}]}],"cl_rule":"show","enableCl":false,"price":"","enablePrice":false,"className":"","label_position":"default","desc_position":"default","type":"select","required":false,"elementId":"select_168f627bd2267c","label":"","name":"select_168f627bd2267c","values":[{"label":"1000mm x 1000mm x 200mm (340kg)","value":"lastafel klein premium NL","selected":true,"tempId":"aco_80","gt_translate_keys":["label"]},{"label":"2000mm x 1000mm x 200mm (600kg)","value":"lastafel middel premium NL","selected":false,"tempId":"aco_81","gt_translate_keys":["label"]},{"label":"2400mm x 1200mm x 200mm (860kg)","value":"lastafel groot premium NL","selected":false,"tempId":"aco_82","gt_translate_keys":["label"]},{"label":"3000mm x 1500mm x 200mm (1360kg)","value":"lastafel extra groot premium NL","selected":false,"tempId":"aco_362","gt_translate_keys":["label"]},{"label":"4000mm x 2000mm x 200mm (2.400kg)","value":"lastafel XXL premium NL","selected":false,"tempId":"aco_145","gt_translate_keys":["label"]}],"dropdown_type":"basic","error":false,"isWeightTemplate":false,"isTemplate":false,"min_quantity":"1","quantity_decimal":false,"quantity_step":"1","quantity_label":"Quantity","repeater_field_label":"{field_label}","repeater_bind":"","description":"Ma\u00dfe der Tischplatte","gt_translate_keys":["label","description","repeater_field_label","quantity_label"],"price_dependency":false,"cl_dependency":false,"value":""}]]}},"config":{"price_override":"","enable_recaptcha":false,"bind_quantity":false,"quantity_bind_formula":false,"disp_summ_show_option_price":true,"disp_summ_show_product_price":true,"disp_summ_show_total_price":true,"disp_summ_show_fee":false,"disp_summ_show_discount":false,"summary_title":"","options_total_label":"Preisoptionen","total_label":"Gesamt","options_product_label":"Produktpreis","fee_label":"Kost","discount_label":"Discount","has_price":true,"has_quantity_formula":false},"mc_unit":1,"tax_rate":1,"tax_rate_real":0.21,"discount":{"percentage":0,"fixed":0},"design":{"conf":{"LabelPosition":"above","DescPosition":"above","UploadField":"custom_1","QuantityFieldStyle":"default"},"css":{"LeftLabelWidth":"120px"}},"formulas":[],"lookuptables":[],"clones":false,"cartKey":false}},"_links":{"self":[{"href":"https:\/\/www.vostables.com\/de\/wp-json\/wp\/v2\/product\/5905","targetHints":{"allow":["GET"]}}],"collection":[{"href":"https:\/\/www.vostables.com\/de\/wp-json\/wp\/v2\/product"}],"about":[{"href":"https:\/\/www.vostables.com\/de\/wp-json\/wp\/v2\/types\/product"}],"replies":[{"embeddable":true,"href":"https:\/\/www.vostables.com\/de\/wp-json\/wp\/v2\/comments?post=5905"}],"wp:featuredmedia":[{"embeddable":true,"href":"https:\/\/www.vostables.com\/de\/wp-json\/wp\/v2\/media\/4219"}],"wp:attachment":[{"href":"https:\/\/www.vostables.com\/de\/wp-json\/wp\/v2\/media?parent=5905"}],"wp:term":[{"taxonomy":"product_brand","embeddable":true,"href":"https:\/\/www.vostables.com\/de\/wp-json\/wp\/v2\/product_brand?post=5905"},{"taxonomy":"product_cat","embeddable":true,"href":"https:\/\/www.vostables.com\/de\/wp-json\/wp\/v2\/product_cat?post=5905"},{"taxonomy":"product_tag","embeddable":true,"href":"https:\/\/www.vostables.com\/de\/wp-json\/wp\/v2\/product_tag?post=5905"}],"curies":[{"name":"wp","href":"https:\/\/api.w.org\/{rel}","templated":true}]}}