{"id":5927,"date":"2025-09-10T11:20:56","date_gmt":"2025-09-10T09:20:56","guid":{"rendered":"https:\/\/vostables.be\/product\/anschlag-und-winkelhaken-l-5-loecher-langloch\/"},"modified":"2025-09-10T11:20:56","modified_gmt":"2025-09-10T09:20:56","slug":"anschlag-und-winkelhaken-l-5-loecher-langloch","status":"publish","type":"product","link":"https:\/\/www.vostables.com\/de\/produkt\/anschlag-und-winkelhaken-l-5-loecher-langloch\/","title":{"rendered":"Anschlag- und Winkelhaken &#8211; L 5 L\u00f6cher-Langloch"},"content":{"rendered":"","protected":false},"excerpt":{"rendered":"<ul>\n<li>Dieses Werkzeug dient sowohl als Anschlagblock als auch als Winkelhaken f\u00fcr pr\u00e4zise Positionierarbeiten auf dem Schwei\u00dftisch.<\/li>\n<li>Ausgestattet mit einem Langloch von 125 mm an der kurzen Seite und 5 L\u00f6chern an der langen Seite.<\/li>\n<li>Abmessungen: 275x175x50mm<\/li>\n<li>Dicke: 25mm<\/li>\n<\/ul>\n","protected":false},"featured_media":4886,"comment_status":"closed","ping_status":"closed","template":"","meta":{"_acf_changed":false},"product_brand":[],"product_cat":[318],"product_tag":[],"class_list":{"0":"post-5927","1":"product","2":"type-product","3":"status-publish","4":"has-post-thumbnail","6":"product_cat-premium-zubehoer","8":"first","9":"instock","10":"taxable","11":"shipping-taxable","12":"purchasable","13":"product-type-simple"},"acf":[],"wcpa_form_fields":null,"_links":{"self":[{"href":"https:\/\/www.vostables.com\/de\/wp-json\/wp\/v2\/product\/5927","targetHints":{"allow":["GET"]}}],"collection":[{"href":"https:\/\/www.vostables.com\/de\/wp-json\/wp\/v2\/product"}],"about":[{"href":"https:\/\/www.vostables.com\/de\/wp-json\/wp\/v2\/types\/product"}],"replies":[{"embeddable":true,"href":"https:\/\/www.vostables.com\/de\/wp-json\/wp\/v2\/comments?post=5927"}],"wp:featuredmedia":[{"embeddable":true,"href":"https:\/\/www.vostables.com\/de\/wp-json\/wp\/v2\/media\/4886"}],"wp:attachment":[{"href":"https:\/\/www.vostables.com\/de\/wp-json\/wp\/v2\/media?parent=5927"}],"wp:term":[{"taxonomy":"product_brand","embeddable":true,"href":"https:\/\/www.vostables.com\/de\/wp-json\/wp\/v2\/product_brand?post=5927"},{"taxonomy":"product_cat","embeddable":true,"href":"https:\/\/www.vostables.com\/de\/wp-json\/wp\/v2\/product_cat?post=5927"},{"taxonomy":"product_tag","embeddable":true,"href":"https:\/\/www.vostables.com\/de\/wp-json\/wp\/v2\/product_tag?post=5927"}],"curies":[{"name":"wp","href":"https:\/\/api.w.org\/{rel}","templated":true}]}}