{"id":5930,"date":"2025-09-10T11:20:11","date_gmt":"2025-09-10T09:20:11","guid":{"rendered":"https:\/\/vostables.be\/product\/anschlag-und-winkel-l-form-3-loch-langloch\/"},"modified":"2025-11-02T15:44:19","modified_gmt":"2025-11-02T13:44:19","slug":"anschlag-und-winkel-l-form-3-loch-langloch","status":"publish","type":"product","link":"https:\/\/www.vostables.com\/de\/produkt\/anschlag-und-winkel-l-form-3-loch-langloch\/","title":{"rendered":"Anschlag- und Winkel \u2013 L-Form, 3-Loch-Langloch"},"content":{"rendered":"","protected":false},"excerpt":{"rendered":"<ul>\n<li>Dieses Werkzeug dient sowohl als Anschlagblock als auch als Winkelhaken f\u00fcr pr\u00e4zise Positionierarbeiten auf dem Schwei\u00dftisch.<\/li>\n<li>Ausgestattet mit 3 L\u00f6chern auf der einen Seite und einem 125 mm Langloch auf der anderen Seite.<\/li>\n<li>Abmessungen: 175x175x50 mm<\/li>\n<li>Dicke: 25mm<\/li>\n<\/ul>\n","protected":false},"featured_media":4777,"comment_status":"closed","ping_status":"closed","template":"","meta":{"_acf_changed":false},"product_brand":[],"product_cat":[318],"product_tag":[325,326,327,328,329],"class_list":{"0":"post-5930","1":"product","2":"type-product","3":"status-publish","4":"has-post-thumbnail","6":"product_cat-premium-zubehoer","7":"product_tag-paket-3-premium","8":"product_tag-paket-4-premium","9":"product_tag-paket-5-premium","10":"product_tag-paket-1-premium","11":"product_tag-paket-2-premium","13":"first","14":"instock","15":"taxable","16":"shipping-taxable","17":"purchasable","18":"product-type-simple"},"acf":[],"wcpa_form_fields":null,"_links":{"self":[{"href":"https:\/\/www.vostables.com\/de\/wp-json\/wp\/v2\/product\/5930","targetHints":{"allow":["GET"]}}],"collection":[{"href":"https:\/\/www.vostables.com\/de\/wp-json\/wp\/v2\/product"}],"about":[{"href":"https:\/\/www.vostables.com\/de\/wp-json\/wp\/v2\/types\/product"}],"replies":[{"embeddable":true,"href":"https:\/\/www.vostables.com\/de\/wp-json\/wp\/v2\/comments?post=5930"}],"wp:featuredmedia":[{"embeddable":true,"href":"https:\/\/www.vostables.com\/de\/wp-json\/wp\/v2\/media\/4777"}],"wp:attachment":[{"href":"https:\/\/www.vostables.com\/de\/wp-json\/wp\/v2\/media?parent=5930"}],"wp:term":[{"taxonomy":"product_brand","embeddable":true,"href":"https:\/\/www.vostables.com\/de\/wp-json\/wp\/v2\/product_brand?post=5930"},{"taxonomy":"product_cat","embeddable":true,"href":"https:\/\/www.vostables.com\/de\/wp-json\/wp\/v2\/product_cat?post=5930"},{"taxonomy":"product_tag","embeddable":true,"href":"https:\/\/www.vostables.com\/de\/wp-json\/wp\/v2\/product_tag?post=5930"}],"curies":[{"name":"wp","href":"https:\/\/api.w.org\/{rel}","templated":true}]}}