{"id":5934,"date":"2025-09-11T11:27:11","date_gmt":"2025-09-11T09:27:11","guid":{"rendered":"https:\/\/vostables.be\/product\/anschlagleiste-medium\/"},"modified":"2025-09-11T11:27:11","modified_gmt":"2025-09-11T09:27:11","slug":"anschlagleiste-medium","status":"publish","type":"product","link":"https:\/\/www.vostables.com\/de\/produkt\/anschlagleiste-medium\/","title":{"rendered":"Anschlagleiste medium"},"content":{"rendered":"","protected":false},"excerpt":{"rendered":"<ul>\n<li>Ideales Hilfsmittel zur Positionierung Ihrer Werkst\u00fccke.<\/li>\n<li>Die Anschlagleiste verf\u00fcgt \u00fcber ein Langloch von 225 mm und 5 L\u00f6cher.<\/li>\n<li>Die Anschlagleiste l\u00e4sst sich einfach mit Schnellspannschrauben festklemmen.<\/li>\n<li>Abmessungen: 500&#215;50 mm<\/li>\n<li>Dicke: 25mm<\/li>\n<\/ul>\n","protected":false},"featured_media":4830,"comment_status":"closed","ping_status":"closed","template":"","meta":{"_acf_changed":false},"product_brand":[],"product_cat":[318],"product_tag":[327],"class_list":{"0":"post-5934","1":"product","2":"type-product","3":"status-publish","4":"has-post-thumbnail","6":"product_cat-premium-zubehoer","7":"product_tag-paket-5-premium","9":"first","10":"instock","11":"taxable","12":"shipping-taxable","13":"purchasable","14":"product-type-simple"},"acf":[],"wcpa_form_fields":null,"_links":{"self":[{"href":"https:\/\/www.vostables.com\/de\/wp-json\/wp\/v2\/product\/5934","targetHints":{"allow":["GET"]}}],"collection":[{"href":"https:\/\/www.vostables.com\/de\/wp-json\/wp\/v2\/product"}],"about":[{"href":"https:\/\/www.vostables.com\/de\/wp-json\/wp\/v2\/types\/product"}],"replies":[{"embeddable":true,"href":"https:\/\/www.vostables.com\/de\/wp-json\/wp\/v2\/comments?post=5934"}],"wp:featuredmedia":[{"embeddable":true,"href":"https:\/\/www.vostables.com\/de\/wp-json\/wp\/v2\/media\/4830"}],"wp:attachment":[{"href":"https:\/\/www.vostables.com\/de\/wp-json\/wp\/v2\/media?parent=5934"}],"wp:term":[{"taxonomy":"product_brand","embeddable":true,"href":"https:\/\/www.vostables.com\/de\/wp-json\/wp\/v2\/product_brand?post=5934"},{"taxonomy":"product_cat","embeddable":true,"href":"https:\/\/www.vostables.com\/de\/wp-json\/wp\/v2\/product_cat?post=5934"},{"taxonomy":"product_tag","embeddable":true,"href":"https:\/\/www.vostables.com\/de\/wp-json\/wp\/v2\/product_tag?post=5934"}],"curies":[{"name":"wp","href":"https:\/\/api.w.org\/{rel}","templated":true}]}}