{"id":5944,"date":"2025-09-10T11:18:29","date_gmt":"2025-09-10T09:18:29","guid":{"rendered":"https:\/\/vostables.be\/product\/anschlagwinkel-l-form-2-loecher\/"},"modified":"2025-09-10T11:18:29","modified_gmt":"2025-09-10T09:18:29","slug":"anschlagwinkel-l-form-2-loecher","status":"publish","type":"product","link":"https:\/\/www.vostables.com\/de\/produkt\/anschlagwinkel-l-form-2-loecher\/","title":{"rendered":"Anschlagwinkel \u2013 L-Form, 2 L\u00f6cher"},"content":{"rendered":"","protected":false},"excerpt":{"rendered":"<ul>\n<li>Dieses Werkzeug dient sowohl als Anschlagblock als auch als Winkelhaken f\u00fcr pr\u00e4zise Positionierarbeiten auf dem Schwei\u00dftisch.<\/li>\n<li>Ausgestattet mit einem Loch auf jeder Seite.<\/li>\n<li>Abmessungen: 75x75x50mm<\/li>\n<li>Dicke: 25mm<\/li>\n<\/ul>\n","protected":false},"featured_media":4801,"comment_status":"closed","ping_status":"closed","template":"","meta":{"_acf_changed":false},"product_brand":[],"product_cat":[318],"product_tag":[327],"class_list":{"0":"post-5944","1":"product","2":"type-product","3":"status-publish","4":"has-post-thumbnail","6":"product_cat-premium-zubehoer","7":"product_tag-paket-5-premium","9":"first","10":"instock","11":"taxable","12":"shipping-taxable","13":"purchasable","14":"product-type-simple"},"acf":[],"wcpa_form_fields":null,"_links":{"self":[{"href":"https:\/\/www.vostables.com\/de\/wp-json\/wp\/v2\/product\/5944","targetHints":{"allow":["GET"]}}],"collection":[{"href":"https:\/\/www.vostables.com\/de\/wp-json\/wp\/v2\/product"}],"about":[{"href":"https:\/\/www.vostables.com\/de\/wp-json\/wp\/v2\/types\/product"}],"replies":[{"embeddable":true,"href":"https:\/\/www.vostables.com\/de\/wp-json\/wp\/v2\/comments?post=5944"}],"wp:featuredmedia":[{"embeddable":true,"href":"https:\/\/www.vostables.com\/de\/wp-json\/wp\/v2\/media\/4801"}],"wp:attachment":[{"href":"https:\/\/www.vostables.com\/de\/wp-json\/wp\/v2\/media?parent=5944"}],"wp:term":[{"taxonomy":"product_brand","embeddable":true,"href":"https:\/\/www.vostables.com\/de\/wp-json\/wp\/v2\/product_brand?post=5944"},{"taxonomy":"product_cat","embeddable":true,"href":"https:\/\/www.vostables.com\/de\/wp-json\/wp\/v2\/product_cat?post=5944"},{"taxonomy":"product_tag","embeddable":true,"href":"https:\/\/www.vostables.com\/de\/wp-json\/wp\/v2\/product_tag?post=5944"}],"curies":[{"name":"wp","href":"https:\/\/api.w.org\/{rel}","templated":true}]}}