{"id":5952,"date":"2025-09-07T11:29:46","date_gmt":"2025-09-07T09:29:46","guid":{"rendered":"https:\/\/vostables.be\/product\/flacher-winkel-klein\/"},"modified":"2025-11-02T15:47:51","modified_gmt":"2025-11-02T13:47:51","slug":"flacher-winkel-klein","status":"publish","type":"product","link":"https:\/\/www.vostables.com\/de\/produkt\/flacher-winkel-klein\/","title":{"rendered":"Flacher Winkel klein"},"content":{"rendered":"","protected":false},"excerpt":{"rendered":"<ul>\n<li>Mit dem Winkel positionieren Sie Ihre Werkst\u00fccke einfach in einem Winkel von 90\u00b0.<\/li>\n<li>Der Winkel verf\u00fcgt \u00fcber eine Kombination aus drei L\u00f6chern und einem Schlitzloch von 125 mm.<\/li>\n<li>Abmessungen: 175x175x25mm<\/li>\n<li>Dicke: 25mm<\/li>\n<\/ul>\n","protected":false},"featured_media":4858,"comment_status":"closed","ping_status":"closed","template":"","meta":{"_acf_changed":false},"product_brand":[],"product_cat":[318],"product_tag":[],"class_list":{"0":"post-5952","1":"product","2":"type-product","3":"status-publish","4":"has-post-thumbnail","6":"product_cat-premium-zubehoer","8":"first","9":"instock","10":"taxable","11":"shipping-taxable","12":"purchasable","13":"product-type-simple"},"acf":[],"wcpa_form_fields":null,"_links":{"self":[{"href":"https:\/\/www.vostables.com\/de\/wp-json\/wp\/v2\/product\/5952","targetHints":{"allow":["GET"]}}],"collection":[{"href":"https:\/\/www.vostables.com\/de\/wp-json\/wp\/v2\/product"}],"about":[{"href":"https:\/\/www.vostables.com\/de\/wp-json\/wp\/v2\/types\/product"}],"replies":[{"embeddable":true,"href":"https:\/\/www.vostables.com\/de\/wp-json\/wp\/v2\/comments?post=5952"}],"wp:featuredmedia":[{"embeddable":true,"href":"https:\/\/www.vostables.com\/de\/wp-json\/wp\/v2\/media\/4858"}],"wp:attachment":[{"href":"https:\/\/www.vostables.com\/de\/wp-json\/wp\/v2\/media?parent=5952"}],"wp:term":[{"taxonomy":"product_brand","embeddable":true,"href":"https:\/\/www.vostables.com\/de\/wp-json\/wp\/v2\/product_brand?post=5952"},{"taxonomy":"product_cat","embeddable":true,"href":"https:\/\/www.vostables.com\/de\/wp-json\/wp\/v2\/product_cat?post=5952"},{"taxonomy":"product_tag","embeddable":true,"href":"https:\/\/www.vostables.com\/de\/wp-json\/wp\/v2\/product_tag?post=5952"}],"curies":[{"name":"wp","href":"https:\/\/api.w.org\/{rel}","templated":true}]}}