{"id":5957,"date":"2025-09-08T10:56:15","date_gmt":"2025-09-08T08:56:15","guid":{"rendered":"https:\/\/vostables.be\/product\/anschlag-und-winkelanschlag-mittel\/"},"modified":"2025-09-08T10:56:15","modified_gmt":"2025-09-08T08:56:15","slug":"anschlag-und-winkelanschlag-mittel","status":"publish","type":"product","link":"https:\/\/www.vostables.com\/de\/produkt\/anschlag-und-winkelanschlag-mittel\/","title":{"rendered":"Anschlag und Winkelanschlag \u2013 mittel"},"content":{"rendered":"","protected":false},"excerpt":{"rendered":"<ul>\n<li>Dieses Werkzeug kann als <strong>Anschlag und Winkelanschlag<\/strong> eingesetzt werden.<\/li>\n<li>Dank der L\u00f6cher und Schlitze auf f\u00fcnf Fl\u00e4chen k\u00f6nnen Werkst\u00fccke mithilfe von Klemmen auf vielf\u00e4ltige Weise gespannt werden.<\/li>\n<li>Besteht aus einer Links- und Rechtsausf\u00fchrung. Erh\u00e4ltlich als Set sowie einzeln.<\/li>\n<li>Ausf\u00fchrung: Gusseisen<\/li>\n<li>Abmessungen: 600x375x100 mm<\/li>\n<li>Dicke: 25mm<\/li>\n<\/ul>\n","protected":false},"featured_media":5001,"comment_status":"closed","ping_status":"closed","template":"","meta":{"_acf_changed":false},"product_brand":[],"product_cat":[318],"product_tag":[],"class_list":{"0":"post-5957","1":"product","2":"type-product","3":"status-publish","4":"has-post-thumbnail","6":"product_cat-premium-zubehoer","8":"first","9":"instock","10":"taxable","11":"shipping-taxable","12":"purchasable","13":"product-type-variable"},"acf":[],"wcpa_form_fields":null,"_links":{"self":[{"href":"https:\/\/www.vostables.com\/de\/wp-json\/wp\/v2\/product\/5957","targetHints":{"allow":["GET"]}}],"collection":[{"href":"https:\/\/www.vostables.com\/de\/wp-json\/wp\/v2\/product"}],"about":[{"href":"https:\/\/www.vostables.com\/de\/wp-json\/wp\/v2\/types\/product"}],"replies":[{"embeddable":true,"href":"https:\/\/www.vostables.com\/de\/wp-json\/wp\/v2\/comments?post=5957"}],"wp:featuredmedia":[{"embeddable":true,"href":"https:\/\/www.vostables.com\/de\/wp-json\/wp\/v2\/media\/5001"}],"wp:attachment":[{"href":"https:\/\/www.vostables.com\/de\/wp-json\/wp\/v2\/media?parent=5957"}],"wp:term":[{"taxonomy":"product_brand","embeddable":true,"href":"https:\/\/www.vostables.com\/de\/wp-json\/wp\/v2\/product_brand?post=5957"},{"taxonomy":"product_cat","embeddable":true,"href":"https:\/\/www.vostables.com\/de\/wp-json\/wp\/v2\/product_cat?post=5957"},{"taxonomy":"product_tag","embeddable":true,"href":"https:\/\/www.vostables.com\/de\/wp-json\/wp\/v2\/product_tag?post=5957"}],"curies":[{"name":"wp","href":"https:\/\/api.w.org\/{rel}","templated":true}]}}