{"id":5959,"date":"2025-09-09T11:14:04","date_gmt":"2025-09-09T09:14:04","guid":{"rendered":"https:\/\/vostables.be\/product\/anschlag-und-winkel-tischverlaengerung-gross\/"},"modified":"2025-09-09T11:14:04","modified_gmt":"2025-09-09T09:14:04","slug":"anschlag-und-winkel-tischverlaengerung-gross","status":"publish","type":"product","link":"https:\/\/www.vostables.com\/de\/produkt\/anschlag-und-winkel-tischverlaengerung-gross\/","title":{"rendered":"Anschlag und Winkel \u2013 Tischverl\u00e4ngerung gro\u00df"},"content":{"rendered":"","protected":false},"excerpt":{"rendered":"<ul>\n<li>Diese Tischverl\u00e4ngerung ist vielseitig einsetzbar.<\/li>\n<li>Dies ist ein praktisches Werkzeug, um Ihren Tisch zu verl\u00e4ngern und Ihr Werkst\u00fcck zu unterst\u00fctzen.<\/li>\n<li>Das Werkzeug kann auch als Anschlagblock und Winkel verwendet werden.<\/li>\n<li>Dieser verf\u00fcgt \u00fcber 14 L\u00f6cher und ein 225 mm Langloch.<\/li>\n<li>Besteht aus einer Links- und Rechtsausf\u00fchrung. Erh\u00e4ltlich als Set sowie einzeln.<\/li>\n<li>Abmessung: 750x280x75 mm<\/li>\n<li>Dicke: 25mm<\/li>\n<\/ul>\n","protected":false},"featured_media":4954,"comment_status":"closed","ping_status":"closed","template":"","meta":{"_acf_changed":false},"product_brand":[],"product_cat":[318],"product_tag":[325,326,327],"class_list":{"0":"post-5959","1":"product","2":"type-product","3":"status-publish","4":"has-post-thumbnail","6":"product_cat-premium-zubehoer","7":"product_tag-paket-3-premium","8":"product_tag-paket-4-premium","9":"product_tag-paket-5-premium","11":"first","12":"instock","13":"taxable","14":"shipping-taxable","15":"purchasable","16":"product-type-variable"},"acf":[],"wcpa_form_fields":null,"_links":{"self":[{"href":"https:\/\/www.vostables.com\/de\/wp-json\/wp\/v2\/product\/5959","targetHints":{"allow":["GET"]}}],"collection":[{"href":"https:\/\/www.vostables.com\/de\/wp-json\/wp\/v2\/product"}],"about":[{"href":"https:\/\/www.vostables.com\/de\/wp-json\/wp\/v2\/types\/product"}],"replies":[{"embeddable":true,"href":"https:\/\/www.vostables.com\/de\/wp-json\/wp\/v2\/comments?post=5959"}],"wp:featuredmedia":[{"embeddable":true,"href":"https:\/\/www.vostables.com\/de\/wp-json\/wp\/v2\/media\/4954"}],"wp:attachment":[{"href":"https:\/\/www.vostables.com\/de\/wp-json\/wp\/v2\/media?parent=5959"}],"wp:term":[{"taxonomy":"product_brand","embeddable":true,"href":"https:\/\/www.vostables.com\/de\/wp-json\/wp\/v2\/product_brand?post=5959"},{"taxonomy":"product_cat","embeddable":true,"href":"https:\/\/www.vostables.com\/de\/wp-json\/wp\/v2\/product_cat?post=5959"},{"taxonomy":"product_tag","embeddable":true,"href":"https:\/\/www.vostables.com\/de\/wp-json\/wp\/v2\/product_tag?post=5959"}],"curies":[{"name":"wp","href":"https:\/\/api.w.org\/{rel}","templated":true}]}}