{"id":5964,"date":"2025-09-09T11:15:30","date_gmt":"2025-09-09T09:15:30","guid":{"rendered":"https:\/\/vostables.be\/product\/anschlag-und-winkelanschlag-tischverlaengerung-mittelteil\/"},"modified":"2025-09-09T11:15:30","modified_gmt":"2025-09-09T09:15:30","slug":"anschlag-und-winkelanschlag-tischverlaengerung-mittelteil","status":"publish","type":"product","link":"https:\/\/www.vostables.com\/de\/produkt\/anschlag-und-winkelanschlag-tischverlaengerung-mittelteil\/","title":{"rendered":"Anschlag- und Winkelanschlag \u2013 Tischverl\u00e4ngerung Mittelteil"},"content":{"rendered":"","protected":false},"excerpt":{"rendered":"<ul>\n<li>Diese Tischverl\u00e4ngerung ist vielseitig einsetzbar. Dies ist ein praktisches Werkzeug, um Ihren Tisch zu verl\u00e4ngern und Ihr Werkst\u00fcck zu unterst\u00fctzen.<\/li>\n<li>Das Werkzeug kann auch als Anschlagblock und Winkelanschlag verwendet werden.<\/li>\n<li>Diese ist mit 9 L\u00f6chern und einem 125 mm Langloch ausgestattet.<\/li>\n<li>Der Anschlag besteht aus einer linken und rechten Ausf\u00fchrung. Erh\u00e4ltlich als Set sowie einzeln.<\/li>\n<li>Abmessungen: 500 x 200 x 75 mm<\/li>\n<li>Dicke: 25mm<\/li>\n<\/ul>\n","protected":false},"featured_media":4918,"comment_status":"closed","ping_status":"closed","template":"","meta":{"_acf_changed":false},"product_brand":[],"product_cat":[318],"product_tag":[325,326,327,329],"class_list":{"0":"post-5964","1":"product","2":"type-product","3":"status-publish","4":"has-post-thumbnail","6":"product_cat-premium-zubehoer","7":"product_tag-paket-3-premium","8":"product_tag-paket-4-premium","9":"product_tag-paket-5-premium","10":"product_tag-paket-2-premium","12":"first","13":"instock","14":"taxable","15":"shipping-taxable","16":"purchasable","17":"product-type-simple"},"acf":[],"wcpa_form_fields":null,"_links":{"self":[{"href":"https:\/\/www.vostables.com\/de\/wp-json\/wp\/v2\/product\/5964","targetHints":{"allow":["GET"]}}],"collection":[{"href":"https:\/\/www.vostables.com\/de\/wp-json\/wp\/v2\/product"}],"about":[{"href":"https:\/\/www.vostables.com\/de\/wp-json\/wp\/v2\/types\/product"}],"replies":[{"embeddable":true,"href":"https:\/\/www.vostables.com\/de\/wp-json\/wp\/v2\/comments?post=5964"}],"wp:featuredmedia":[{"embeddable":true,"href":"https:\/\/www.vostables.com\/de\/wp-json\/wp\/v2\/media\/4918"}],"wp:attachment":[{"href":"https:\/\/www.vostables.com\/de\/wp-json\/wp\/v2\/media?parent=5964"}],"wp:term":[{"taxonomy":"product_brand","embeddable":true,"href":"https:\/\/www.vostables.com\/de\/wp-json\/wp\/v2\/product_brand?post=5964"},{"taxonomy":"product_cat","embeddable":true,"href":"https:\/\/www.vostables.com\/de\/wp-json\/wp\/v2\/product_cat?post=5964"},{"taxonomy":"product_tag","embeddable":true,"href":"https:\/\/www.vostables.com\/de\/wp-json\/wp\/v2\/product_tag?post=5964"}],"curies":[{"name":"wp","href":"https:\/\/api.w.org\/{rel}","templated":true}]}}