{"id":5975,"date":"2025-09-05T11:33:23","date_gmt":"2025-09-05T09:33:23","guid":{"rendered":"https:\/\/vostables.be\/product\/v-nut-prismenkreuz-90-120\/"},"modified":"2025-12-11T17:26:55","modified_gmt":"2025-12-11T15:26:55","slug":"v-nut-prismenkreuz-90-120","status":"publish","type":"product","link":"https:\/\/www.vostables.com\/de\/produkt\/v-nut-prismenkreuz-90-120\/","title":{"rendered":"V-Nut &#8211; Prismenkreuz 90\u00b0 \/ 120\u00b0"},"content":{"rendered":"","protected":false},"excerpt":{"rendered":"<ul>\n<li>Das V-Nut-Prismenkreuz 90\/120\u00b0 ist ideal zum Positionieren und Spannen von runden oder eckigen Werkst\u00fccken wie Rohren und Profilen auf dem Schwei\u00dftisch.<\/li>\n<li>Mit dem Konusbolzen k\u00f6nnen Sie das Prisma einfach an Ihrem Schwei\u00dftisch und Zubeh\u00f6r befestigen.<\/li>\n<li>Durchmesser: 60 mm<\/li>\n<\/ul>\n","protected":false},"featured_media":4723,"comment_status":"closed","ping_status":"closed","template":"","meta":{"_acf_changed":false},"product_brand":[],"product_cat":[318],"product_tag":[],"class_list":{"0":"post-5975","1":"product","2":"type-product","3":"status-publish","4":"has-post-thumbnail","6":"product_cat-premium-zubehoer","8":"first","9":"instock","10":"taxable","11":"shipping-taxable","12":"purchasable","13":"product-type-simple"},"acf":[],"wcpa_form_fields":null,"_links":{"self":[{"href":"https:\/\/www.vostables.com\/de\/wp-json\/wp\/v2\/product\/5975","targetHints":{"allow":["GET"]}}],"collection":[{"href":"https:\/\/www.vostables.com\/de\/wp-json\/wp\/v2\/product"}],"about":[{"href":"https:\/\/www.vostables.com\/de\/wp-json\/wp\/v2\/types\/product"}],"replies":[{"embeddable":true,"href":"https:\/\/www.vostables.com\/de\/wp-json\/wp\/v2\/comments?post=5975"}],"wp:featuredmedia":[{"embeddable":true,"href":"https:\/\/www.vostables.com\/de\/wp-json\/wp\/v2\/media\/4723"}],"wp:attachment":[{"href":"https:\/\/www.vostables.com\/de\/wp-json\/wp\/v2\/media?parent=5975"}],"wp:term":[{"taxonomy":"product_brand","embeddable":true,"href":"https:\/\/www.vostables.com\/de\/wp-json\/wp\/v2\/product_brand?post=5975"},{"taxonomy":"product_cat","embeddable":true,"href":"https:\/\/www.vostables.com\/de\/wp-json\/wp\/v2\/product_cat?post=5975"},{"taxonomy":"product_tag","embeddable":true,"href":"https:\/\/www.vostables.com\/de\/wp-json\/wp\/v2\/product_tag?post=5975"}],"curies":[{"name":"wp","href":"https:\/\/api.w.org\/{rel}","templated":true}]}}