{"id":5981,"date":"2025-09-05T11:33:17","date_gmt":"2025-09-05T09:33:17","guid":{"rendered":"https:\/\/vostables.be\/product\/v-prisma-120-prisma\/"},"modified":"2025-12-11T17:27:41","modified_gmt":"2025-12-11T15:27:41","slug":"v-prisma-120-prisma","status":"publish","type":"product","link":"https:\/\/www.vostables.com\/de\/produkt\/v-prisma-120-prisma\/","title":{"rendered":"V-Prisma \u2013 120\u00b0-Prisma"},"content":{"rendered":"","protected":false},"excerpt":{"rendered":"<ul>\n<li>Das V-Prisma 120\u00b0 ist ideal zum Positionieren und Spannen von runden oder eckigen Werkst\u00fccken wie Rohren und Profilen auf dem Schwei\u00dftisch.<\/li>\n<li>Mit dem Konusbolzen k\u00f6nnen Sie das Prisma einfach an Ihrem Schwei\u00dftisch und Zubeh\u00f6r befestigen.<\/li>\n<li>Durchmesser: 60 mm<\/li>\n<\/ul>\n","protected":false},"featured_media":4739,"comment_status":"closed","ping_status":"closed","template":"","meta":{"_acf_changed":false},"product_brand":[],"product_cat":[318],"product_tag":[327,328,329,325,326],"class_list":{"0":"post-5981","1":"product","2":"type-product","3":"status-publish","4":"has-post-thumbnail","6":"product_cat-premium-zubehoer","7":"product_tag-paket-5-premium","8":"product_tag-paket-1-premium","9":"product_tag-paket-2-premium","10":"product_tag-paket-3-premium","11":"product_tag-paket-4-premium","13":"first","14":"instock","15":"taxable","16":"shipping-taxable","17":"purchasable","18":"product-type-simple"},"acf":[],"wcpa_form_fields":null,"_links":{"self":[{"href":"https:\/\/www.vostables.com\/de\/wp-json\/wp\/v2\/product\/5981","targetHints":{"allow":["GET"]}}],"collection":[{"href":"https:\/\/www.vostables.com\/de\/wp-json\/wp\/v2\/product"}],"about":[{"href":"https:\/\/www.vostables.com\/de\/wp-json\/wp\/v2\/types\/product"}],"replies":[{"embeddable":true,"href":"https:\/\/www.vostables.com\/de\/wp-json\/wp\/v2\/comments?post=5981"}],"wp:featuredmedia":[{"embeddable":true,"href":"https:\/\/www.vostables.com\/de\/wp-json\/wp\/v2\/media\/4739"}],"wp:attachment":[{"href":"https:\/\/www.vostables.com\/de\/wp-json\/wp\/v2\/media?parent=5981"}],"wp:term":[{"taxonomy":"product_brand","embeddable":true,"href":"https:\/\/www.vostables.com\/de\/wp-json\/wp\/v2\/product_brand?post=5981"},{"taxonomy":"product_cat","embeddable":true,"href":"https:\/\/www.vostables.com\/de\/wp-json\/wp\/v2\/product_cat?post=5981"},{"taxonomy":"product_tag","embeddable":true,"href":"https:\/\/www.vostables.com\/de\/wp-json\/wp\/v2\/product_tag?post=5981"}],"curies":[{"name":"wp","href":"https:\/\/api.w.org\/{rel}","templated":true}]}}