{"id":5997,"date":"2025-09-09T11:16:20","date_gmt":"2025-09-09T09:16:20","guid":{"rendered":"https:\/\/vostables.be\/product\/anschlag-und-winkel-kleine-tischverlaengerung\/"},"modified":"2025-09-09T11:16:20","modified_gmt":"2025-09-09T09:16:20","slug":"anschlag-und-winkel-kleine-tischverlaengerung","status":"publish","type":"product","link":"https:\/\/www.vostables.com\/de\/produkt\/anschlag-und-winkel-kleine-tischverlaengerung\/","title":{"rendered":"Anschlag und Winkel \u2013 kleine Tischverl\u00e4ngerung"},"content":{"rendered":"","protected":false},"excerpt":{"rendered":"<ul>\n<li>Diese Tischverl\u00e4ngerung ist vielseitig einsetzbar. Dies ist ein praktisches Werkzeug, um Ihren Tisch zu verl\u00e4ngern und Ihr Werkst\u00fcck zu unterst\u00fctzen.<\/li>\n<li>Das Werkzeug kann auch als Anschlagblock und Winkel verwendet werden.<\/li>\n<li>Diese ist mit 5 L\u00f6chern und einem Langloch von 125 mm ausgestattet.<\/li>\n<li>Der Anschlag besteht aus einer linken und einer rechten Ausf\u00fchrung. Erh\u00e4ltlich als Set sowie einzeln.<\/li>\n<li>Abmessungen: 300x200x75mm<\/li>\n<li>Dicke: 25mm<\/li>\n<\/ul>\n","protected":false},"featured_media":4580,"comment_status":"closed","ping_status":"closed","template":"","meta":{"_acf_changed":false},"product_brand":[],"product_cat":[318],"product_tag":[325,326,327,328,329],"class_list":{"0":"post-5997","1":"product","2":"type-product","3":"status-publish","4":"has-post-thumbnail","6":"product_cat-premium-zubehoer","7":"product_tag-paket-3-premium","8":"product_tag-paket-4-premium","9":"product_tag-paket-5-premium","10":"product_tag-paket-1-premium","11":"product_tag-paket-2-premium","13":"first","14":"instock","15":"taxable","16":"shipping-taxable","17":"purchasable","18":"product-type-simple"},"acf":[],"wcpa_form_fields":null,"_links":{"self":[{"href":"https:\/\/www.vostables.com\/de\/wp-json\/wp\/v2\/product\/5997","targetHints":{"allow":["GET"]}}],"collection":[{"href":"https:\/\/www.vostables.com\/de\/wp-json\/wp\/v2\/product"}],"about":[{"href":"https:\/\/www.vostables.com\/de\/wp-json\/wp\/v2\/types\/product"}],"replies":[{"embeddable":true,"href":"https:\/\/www.vostables.com\/de\/wp-json\/wp\/v2\/comments?post=5997"}],"wp:featuredmedia":[{"embeddable":true,"href":"https:\/\/www.vostables.com\/de\/wp-json\/wp\/v2\/media\/4580"}],"wp:attachment":[{"href":"https:\/\/www.vostables.com\/de\/wp-json\/wp\/v2\/media?parent=5997"}],"wp:term":[{"taxonomy":"product_brand","embeddable":true,"href":"https:\/\/www.vostables.com\/de\/wp-json\/wp\/v2\/product_brand?post=5997"},{"taxonomy":"product_cat","embeddable":true,"href":"https:\/\/www.vostables.com\/de\/wp-json\/wp\/v2\/product_cat?post=5997"},{"taxonomy":"product_tag","embeddable":true,"href":"https:\/\/www.vostables.com\/de\/wp-json\/wp\/v2\/product_tag?post=5997"}],"curies":[{"name":"wp","href":"https:\/\/api.w.org\/{rel}","templated":true}]}}