{"id":6144,"date":"2025-09-01T14:38:43","date_gmt":"2025-09-01T12:38:43","guid":{"rendered":"https:\/\/vostables.be\/product\/anti-spritzer-kanister-5l\/"},"modified":"2025-12-11T17:35:11","modified_gmt":"2025-12-11T15:35:11","slug":"anti-spritzer-kanister-5l","status":"publish","type":"product","link":"https:\/\/www.vostables.com\/de\/produkt\/anti-spritzer-kanister-5l\/","title":{"rendered":"Anti-Spritzer Kanister 5l"},"content":{"rendered":"<div class=\"wpb-content-wrapper\"><p>[vc_row][vc_column width=&#8220;1\/2&#8243;][vc_single_image media=&#8220;3634&#8243; media_width_percent=&#8220;100&#8243; uncode_shortcode_id=&#8220;177446&#8243;][\/vc_column][vc_column width=&#8220;1\/2&#8243;][\/vc_column][\/vc_row]<\/p>\n<\/div>","protected":false},"excerpt":{"rendered":"<p>F\u00fcllen Sie Ihre Anti-Spritzer-Sprayflasche mit diesem 5l Anti-Spritzer Kanister nach.<br \/>\nVerhindern Sie, dass Schwei\u00dfspritzer an Ihrem Schwei\u00dftisch haften bleiben. Dank des Anti-Spritzer-Sprays brennen keine Schwei\u00dfspritzer an der Oberfl\u00e4che des Schwei\u00dftisches an.<\/p>\n","protected":false},"featured_media":3540,"comment_status":"closed","ping_status":"closed","template":"","meta":{"_acf_changed":false},"product_brand":[],"product_cat":[318],"product_tag":[325,326,327,328,329],"class_list":{"0":"post-6144","1":"product","2":"type-product","3":"status-publish","4":"has-post-thumbnail","6":"product_cat-premium-zubehoer","7":"product_tag-paket-3-premium","8":"product_tag-paket-4-premium","9":"product_tag-paket-5-premium","10":"product_tag-paket-1-premium","11":"product_tag-paket-2-premium","13":"first","14":"instock","15":"taxable","16":"shipping-taxable","17":"purchasable","18":"product-type-simple"},"acf":[],"wcpa_form_fields":null,"_links":{"self":[{"href":"https:\/\/www.vostables.com\/de\/wp-json\/wp\/v2\/product\/6144","targetHints":{"allow":["GET"]}}],"collection":[{"href":"https:\/\/www.vostables.com\/de\/wp-json\/wp\/v2\/product"}],"about":[{"href":"https:\/\/www.vostables.com\/de\/wp-json\/wp\/v2\/types\/product"}],"replies":[{"embeddable":true,"href":"https:\/\/www.vostables.com\/de\/wp-json\/wp\/v2\/comments?post=6144"}],"wp:featuredmedia":[{"embeddable":true,"href":"https:\/\/www.vostables.com\/de\/wp-json\/wp\/v2\/media\/3540"}],"wp:attachment":[{"href":"https:\/\/www.vostables.com\/de\/wp-json\/wp\/v2\/media?parent=6144"}],"wp:term":[{"taxonomy":"product_brand","embeddable":true,"href":"https:\/\/www.vostables.com\/de\/wp-json\/wp\/v2\/product_brand?post=6144"},{"taxonomy":"product_cat","embeddable":true,"href":"https:\/\/www.vostables.com\/de\/wp-json\/wp\/v2\/product_cat?post=6144"},{"taxonomy":"product_tag","embeddable":true,"href":"https:\/\/www.vostables.com\/de\/wp-json\/wp\/v2\/product_tag?post=6144"}],"curies":[{"name":"wp","href":"https:\/\/api.w.org\/{rel}","templated":true}]}}