{"id":6146,"date":"2025-09-03T14:14:53","date_gmt":"2025-09-03T12:14:53","guid":{"rendered":"https:\/\/vostables.be\/product\/u-traeger\/"},"modified":"2025-12-11T17:32:19","modified_gmt":"2025-12-11T15:32:19","slug":"u-traeger","status":"publish","type":"product","link":"https:\/\/www.vostables.com\/de\/produkt\/u-traeger\/","title":{"rendered":"U-Tr\u00e4ger"},"content":{"rendered":"","protected":false},"excerpt":{"rendered":"<ul>\n<li>Abmessung: <strong>1000x200x200mm<br \/>\n<\/strong><\/li>\n<li>Einsetzbar als Tischverl\u00e4ngerung oder als Anschlag auf dem Schwei\u00dftisch<\/li>\n<li>Versehen mit einem diagonalen Lochmuster.<\/li>\n<li>Der U-Tr\u00e4ger ist ein sehr n\u00fctzliches Werkzeug als stabile Verbindung zwischen zwei Tischen.<\/li>\n<li>Mit dem <span style=\"text-decoration: underline;\"><a href=\"https:\/\/vostables.be\/de\/produkt\/verbindungsstueck\/\">Verbindungsst\u00fcck<\/a><\/span> koppeln Sie den U-Tr\u00e4ger an den Schwei\u00dftisch.<\/li>\n<li>An der Unterseite kann ein Fu\u00df zur Unterst\u00fctzung des Tr\u00e4gers befestigt werden.<\/li>\n<li>Ausf\u00fchrung: geh\u00e4rtet und nitriert<\/li>\n<li>Dicke: 25mm<\/li>\n<\/ul>\n","protected":false},"featured_media":4467,"comment_status":"closed","ping_status":"closed","template":"","meta":{"_acf_changed":false},"product_brand":[],"product_cat":[318],"product_tag":[],"class_list":{"0":"post-6146","1":"product","2":"type-product","3":"status-publish","4":"has-post-thumbnail","6":"product_cat-premium-zubehoer","8":"first","9":"instock","10":"taxable","11":"shipping-taxable","12":"purchasable","13":"product-type-simple"},"acf":[],"wcpa_form_fields":null,"_links":{"self":[{"href":"https:\/\/www.vostables.com\/de\/wp-json\/wp\/v2\/product\/6146","targetHints":{"allow":["GET"]}}],"collection":[{"href":"https:\/\/www.vostables.com\/de\/wp-json\/wp\/v2\/product"}],"about":[{"href":"https:\/\/www.vostables.com\/de\/wp-json\/wp\/v2\/types\/product"}],"replies":[{"embeddable":true,"href":"https:\/\/www.vostables.com\/de\/wp-json\/wp\/v2\/comments?post=6146"}],"wp:featuredmedia":[{"embeddable":true,"href":"https:\/\/www.vostables.com\/de\/wp-json\/wp\/v2\/media\/4467"}],"wp:attachment":[{"href":"https:\/\/www.vostables.com\/de\/wp-json\/wp\/v2\/media?parent=6146"}],"wp:term":[{"taxonomy":"product_brand","embeddable":true,"href":"https:\/\/www.vostables.com\/de\/wp-json\/wp\/v2\/product_brand?post=6146"},{"taxonomy":"product_cat","embeddable":true,"href":"https:\/\/www.vostables.com\/de\/wp-json\/wp\/v2\/product_cat?post=6146"},{"taxonomy":"product_tag","embeddable":true,"href":"https:\/\/www.vostables.com\/de\/wp-json\/wp\/v2\/product_tag?post=6146"}],"curies":[{"name":"wp","href":"https:\/\/api.w.org\/{rel}","templated":true}]}}