{"id":6153,"date":"2025-09-05T11:33:06","date_gmt":"2025-09-05T09:33:06","guid":{"rendered":"https:\/\/vostables.be\/product\/v-nut-prisma-90\/"},"modified":"2025-12-11T17:30:39","modified_gmt":"2025-12-11T15:30:39","slug":"v-nut-prisma-90","status":"publish","type":"product","link":"https:\/\/www.vostables.com\/de\/produkt\/v-nut-prisma-90\/","title":{"rendered":"V-Nut &#8211; Prisma 90\u00b0"},"content":{"rendered":"","protected":false},"excerpt":{"rendered":"<ul>\n<li>Die V-Nut Prisma 90\u00b0 ist ideal zum Positionieren und Spannen von runden oder kantigen Werkst\u00fccken wie Rohren und Profilen auf dem Schwei\u00dftisch.<\/li>\n<li>Mit dem Konusbolzen k\u00f6nnen Sie das Prisma einfach an Ihrem Schwei\u00dftisch und Zubeh\u00f6r befestigen.<\/li>\n<li>Durchmesser: 60 mm<\/li>\n<\/ul>\n","protected":false},"featured_media":4763,"comment_status":"closed","ping_status":"closed","template":"","meta":{"_acf_changed":false},"product_brand":[],"product_cat":[318],"product_tag":[327],"class_list":{"0":"post-6153","1":"product","2":"type-product","3":"status-publish","4":"has-post-thumbnail","6":"product_cat-premium-zubehoer","7":"product_tag-paket-5-premium","9":"first","10":"instock","11":"taxable","12":"shipping-taxable","13":"purchasable","14":"product-type-simple"},"acf":[],"wcpa_form_fields":null,"_links":{"self":[{"href":"https:\/\/www.vostables.com\/de\/wp-json\/wp\/v2\/product\/6153","targetHints":{"allow":["GET"]}}],"collection":[{"href":"https:\/\/www.vostables.com\/de\/wp-json\/wp\/v2\/product"}],"about":[{"href":"https:\/\/www.vostables.com\/de\/wp-json\/wp\/v2\/types\/product"}],"replies":[{"embeddable":true,"href":"https:\/\/www.vostables.com\/de\/wp-json\/wp\/v2\/comments?post=6153"}],"wp:featuredmedia":[{"embeddable":true,"href":"https:\/\/www.vostables.com\/de\/wp-json\/wp\/v2\/media\/4763"}],"wp:attachment":[{"href":"https:\/\/www.vostables.com\/de\/wp-json\/wp\/v2\/media?parent=6153"}],"wp:term":[{"taxonomy":"product_brand","embeddable":true,"href":"https:\/\/www.vostables.com\/de\/wp-json\/wp\/v2\/product_brand?post=6153"},{"taxonomy":"product_cat","embeddable":true,"href":"https:\/\/www.vostables.com\/de\/wp-json\/wp\/v2\/product_cat?post=6153"},{"taxonomy":"product_tag","embeddable":true,"href":"https:\/\/www.vostables.com\/de\/wp-json\/wp\/v2\/product_tag?post=6153"}],"curies":[{"name":"wp","href":"https:\/\/api.w.org\/{rel}","templated":true}]}}