{"id":5555,"date":"2025-10-28T17:49:20","date_gmt":"2025-10-28T15:49:20","guid":{"rendered":"https:\/\/vostables.be\/?page_id=5555"},"modified":"2025-12-11T17:01:53","modified_gmt":"2025-12-11T15:01:53","slug":"apercu-de-la-boutique","status":"publish","type":"page","link":"https:\/\/www.vostables.com\/fr\/apercu-de-la-boutique\/","title":{"rendered":"Aper\u00e7u de la boutique"},"content":{"rendered":"<div class=\"wpb-content-wrapper\"><p>[vc_row row_height_percent=\u00a0\u00bb0&Prime; overlay_alpha=\u00a0\u00bb50&Prime; gutter_size=\u00a0\u00bb3&Prime; column_width_percent=\u00a0\u00bb100&Prime; shift_y=\u00a0\u00bb0&Prime; z_index=\u00a0\u00bb0&Prime; uncode_shortcode_id=\u00a0\u00bb205733&Prime; el_id=\u00a0\u00bbfoldpage\u00a0\u00bb][vc_column width=\u00a0\u00bb1\/1&Prime;][vc_custom_heading heading_semantic=\u00a0\u00bbh1&Prime; text_size=\u00a0\u00bbh1&Prime; uncode_shortcode_id=\u00a0\u00bb986607&Prime;]Boutique[\/vc_custom_heading][vc_tabs history=\u00a0\u00bbyes\u00a0\u00bb tab_no_fade=\u00a0\u00bbyes\u00a0\u00bb align=\u00a0\u00bbleft\u00a0\u00bb tab_no_border=\u00a0\u00bbyes\u00a0\u00bb uncode_shortcode_id=\u00a0\u00bb110081&Prime;][vc_tab gutter_size=\u00a0\u00bb2&Prime; column_padding=\u00a0\u00bb2&Prime; title=\u00a0\u00bbStandard\u00a0\u00bb tab_id=\u00a0\u00bb1761828631-1-731762782442454&Prime; slug=\u00a0\u00bbStandard\u00a0\u00bb][uncode_index el_id=\u00a0\u00bbindex-151734&Prime; index_type=\u00a0\u00bbcss_grid\u00a0\u00bb loop=\u00a0\u00bbsize:6|order_by:date|post_type:product|taxonomy_count:10&Prime; grid_items=\u00a0\u00bb3&Prime; screen_lg_items=\u00a0\u00bb3&Prime; screen_lg_breakpoint=\u00a0\u00bb960&Prime; screen_md_items=\u00a0\u00bb2&Prime; screen_md_breakpoint=\u00a0\u00bb768&Prime; screen_sm_items=\u00a0\u00bb1&Prime; screen_sm_breakpoint=\u00a0\u00bb570&Prime; gutter_size=\u00a0\u00bb3&Prime; product_items=\u00a0\u00bbmedia|featured|onpost|original|hide-sale|inherit-atc|inherit-w-atc|atc-typo-default|show-atc,price|default,title,detail-195370,quick-view-button\u00a0\u00bb single_overlay_opacity=\u00a0\u00bb10&Prime; single_padding=\u00a0\u00bb2&Prime; single_border=\u00a0\u00bbyes\u00a0\u00bb custom_order=\u00a0\u00bbyes\u00a0\u00bb no_double_tap=\u00a0\u00bbyes\u00a0\u00bb uncode_shortcode_id=\u00a0\u00bb360658&Prime; el_class=\u00a0\u00bbpostblock postblocklastafels\u00a0\u00bb order_ids=\u00a0\u00bb105,256,261,262,1772,1781&Prime;][vc_empty_space empty_h=\u00a0\u00bb2&Prime;][vc_custom_heading uncode_shortcode_id=\u00a0\u00bb117719&Prime;]Des packs[\/vc_custom_heading][uncode_index el_id=\u00a0\u00bbindex-151734&Prime; index_type=\u00a0\u00bbcss_grid\u00a0\u00bb loop=\u00a0\u00bbsize:3|order_by:date|post_type:product|taxonomy_count:10&Prime; grid_items=\u00a0\u00bb3&Prime; screen_lg_items=\u00a0\u00bb3&Prime; screen_lg_breakpoint=\u00a0\u00bb960&Prime; screen_md_items=\u00a0\u00bb2&Prime; screen_md_breakpoint=\u00a0\u00bb768&Prime; screen_sm_items=\u00a0\u00bb1&Prime; screen_sm_breakpoint=\u00a0\u00bb570&Prime; gutter_size=\u00a0\u00bb3&Prime; product_items=\u00a0\u00bbmedia|featured|onpost|original|hide-sale|inherit-atc|inherit-w-atc|atc-typo-default|show-atc,price|default,title,detail-195370,quick-view-button\u00a0\u00bb single_overlay_opacity=\u00a0\u00bb10&Prime; single_padding=\u00a0\u00bb2&Prime; single_border=\u00a0\u00bbyes\u00a0\u00bb no_double_tap=\u00a0\u00bbyes\u00a0\u00bb uncode_shortcode_id=\u00a0\u00bb131850&Prime; el_class=\u00a0\u00bbpostblock shadowpostblock\u00a0\u00bb][vc_empty_space empty_h=\u00a0\u00bb2&Prime;][vc_custom_heading uncode_shortcode_id=\u00a0\u00bb607803&Prime;]Accessoires[\/vc_custom_heading][uncode_index el_id=\u00a0\u00bbindex-151734&Prime; index_type=\u00a0\u00bbcss_grid\u00a0\u00bb loop=\u00a0\u00bbsize:16|order_by:date|post_type:product|taxonomy_count:10&Prime; screen_lg_items=\u00a0\u00bb3&Prime; screen_lg_breakpoint=\u00a0\u00bb960&Prime; screen_md_items=\u00a0\u00bb2&Prime; screen_md_breakpoint=\u00a0\u00bb768&Prime; screen_sm_items=\u00a0\u00bb1&Prime; screen_sm_breakpoint=\u00a0\u00bb570&Prime; gutter_size=\u00a0\u00bb3&Prime; product_items=\u00a0\u00bbmedia|featured|onpost|original|hide-sale|inherit-atc|inherit-w-atc|atc-typo-default|show-atc,price|default,title,detail-195370,quick-view-button\u00a0\u00bb single_overlay_opacity=\u00a0\u00bb10&Prime; single_padding=\u00a0\u00bb2&Prime; single_border=\u00a0\u00bbyes\u00a0\u00bb no_double_tap=\u00a0\u00bbyes\u00a0\u00bb uncode_shortcode_id=\u00a0\u00bb169831&Prime; el_class=\u00a0\u00bbpostblock\u00a0\u00bb][vc_empty_space empty_h=\u00a0\u00bb2&Prime;][\/vc_tab][vc_tab gutter_size=\u00a0\u00bb2&Prime; column_padding=\u00a0\u00bb2&Prime; title=\u00a0\u00bbPremium\u00a0\u00bb tab_id=\u00a0\u00bb1761828631-2-281762782442454&Prime; slug=\u00a0\u00bbPremium\u00a0\u00bb][uncode_index el_id=\u00a0\u00bbindex-1517341&Prime; index_type=\u00a0\u00bbcss_grid\u00a0\u00bb loop=\u00a0\u00bbsize:6|order_by:date|post_type:product|taxonomy_count:10&Prime; grid_items=\u00a0\u00bb3&Prime; screen_lg_items=\u00a0\u00bb3&Prime; screen_lg_breakpoint=\u00a0\u00bb960&Prime; screen_md_items=\u00a0\u00bb2&Prime; screen_md_breakpoint=\u00a0\u00bb768&Prime; screen_sm_items=\u00a0\u00bb1&Prime; screen_sm_breakpoint=\u00a0\u00bb570&Prime; gutter_size=\u00a0\u00bb3&Prime; product_items=\u00a0\u00bbmedia|featured|onpost|original|hide-sale|inherit-atc|inherit-w-atc|atc-typo-default|show-atc,price|default,title,detail-195370,quick-view-button\u00a0\u00bb single_overlay_opacity=\u00a0\u00bb10&Prime; single_padding=\u00a0\u00bb2&Prime; single_border=\u00a0\u00bbyes\u00a0\u00bb custom_order=\u00a0\u00bbyes\u00a0\u00bb no_double_tap=\u00a0\u00bbyes\u00a0\u00bb uncode_shortcode_id=\u00a0\u00bb140993&Prime; el_class=\u00a0\u00bbpostblock postblocklastafels\u00a0\u00bb order_ids=\u00a0\u00bb105,256,261,262,1772,1781&Prime;][vc_empty_space empty_h=\u00a0\u00bb2&Prime;][vc_custom_heading uncode_shortcode_id=\u00a0\u00bb117719&Prime;]Des packs[\/vc_custom_heading][uncode_index el_id=\u00a0\u00bbindex-151734&Prime; index_type=\u00a0\u00bbcss_grid\u00a0\u00bb loop=\u00a0\u00bbsize:3|order_by:date|post_type:product|taxonomy_count:10&Prime; grid_items=\u00a0\u00bb3&Prime; screen_lg_items=\u00a0\u00bb3&Prime; screen_lg_breakpoint=\u00a0\u00bb960&Prime; screen_md_items=\u00a0\u00bb2&Prime; screen_md_breakpoint=\u00a0\u00bb768&Prime; screen_sm_items=\u00a0\u00bb1&Prime; screen_sm_breakpoint=\u00a0\u00bb570&Prime; gutter_size=\u00a0\u00bb3&Prime; product_items=\u00a0\u00bbmedia|featured|onpost|original|hide-sale|inherit-atc|inherit-w-atc|atc-typo-default|show-atc,price|default,title,detail-195370,quick-view-button\u00a0\u00bb single_overlay_opacity=\u00a0\u00bb10&Prime; single_padding=\u00a0\u00bb2&Prime; single_border=\u00a0\u00bbyes\u00a0\u00bb no_double_tap=\u00a0\u00bbyes\u00a0\u00bb uncode_shortcode_id=\u00a0\u00bb271810&Prime; el_class=\u00a0\u00bbpostblock shadowpostblock\u00a0\u00bb][vc_empty_space empty_h=\u00a0\u00bb2&Prime;][vc_custom_heading uncode_shortcode_id=\u00a0\u00bb607803&Prime;]Accessoires[\/vc_custom_heading][uncode_index el_id=\u00a0\u00bbindex-151734&Prime; index_type=\u00a0\u00bbcss_grid\u00a0\u00bb loop=\u00a0\u00bbsize:16|order_by:date|post_type:product|taxonomy_count:10&Prime; screen_lg_items=\u00a0\u00bb3&Prime; screen_lg_breakpoint=\u00a0\u00bb960&Prime; screen_md_items=\u00a0\u00bb2&Prime; screen_md_breakpoint=\u00a0\u00bb768&Prime; screen_sm_items=\u00a0\u00bb1&Prime; screen_sm_breakpoint=\u00a0\u00bb570&Prime; gutter_size=\u00a0\u00bb3&Prime; product_items=\u00a0\u00bbmedia|featured|onpost|original|hide-sale|inherit-atc|inherit-w-atc|atc-typo-default|show-atc,price|default,title,detail-195370,quick-view-button\u00a0\u00bb single_overlay_opacity=\u00a0\u00bb10&Prime; single_padding=\u00a0\u00bb2&Prime; single_border=\u00a0\u00bbyes\u00a0\u00bb no_double_tap=\u00a0\u00bbyes\u00a0\u00bb uncode_shortcode_id=\u00a0\u00bb211992&Prime; el_class=\u00a0\u00bbpostblock\u00a0\u00bb][vc_empty_space empty_h=\u00a0\u00bb2&Prime;][\/vc_tab][\/vc_tabs][\/vc_column][\/vc_row][vc_row row_height_percent=\u00a0\u00bb0&Prime; back_color=\u00a0\u00bbcolor-266757&Prime; overlay_alpha=\u00a0\u00bb50&Prime; gutter_size=\u00a0\u00bb3&Prime; column_width_percent=\u00a0\u00bb100&Prime; shift_y=\u00a0\u00bb0&Prime; z_index=\u00a0\u00bb0&Prime; uncode_shortcode_id=\u00a0\u00bb714741&Prime; el_class=\u00a0\u00bbuspblock\u00a0\u00bb back_color_type=\u00a0\u00bbuncode-palette\u00a0\u00bb][vc_column column_width_percent=\u00a0\u00bb100&Prime; gutter_size=\u00a0\u00bb2&Prime; overlay_alpha=\u00a0\u00bb50&Prime; shift_x=\u00a0\u00bb0&Prime; shift_y=\u00a0\u00bb0&Prime; shift_y_down=\u00a0\u00bb0&Prime; z_index=\u00a0\u00bb0&Prime; medium_width=\u00a0\u00bb3&Prime; mobile_width=\u00a0\u00bb7&Prime; width=\u00a0\u00bb1\/3&Prime; uncode_shortcode_id=\u00a0\u00bb589347&Prime;][vc_icon position=\u00a0\u00bbleft\u00a0\u00bb title_aligned_icon=\u00a0\u00bbyes\u00a0\u00bb icon_image=\u00a0\u00bb316&Prime; media_size=\u00a0\u00bb48&Prime; uncode_shortcode_id=\u00a0\u00bb542363&Prime; title=\u00a0\u00bbQualit\u00e9 sup\u00e9rieure\u00a0\u00bb]Prix, qualit\u00e9, ch\u00e2ssis robuste[\/vc_icon][\/vc_column][vc_column column_width_percent=\u00a0\u00bb100&Prime; gutter_size=\u00a0\u00bb2&Prime; overlay_alpha=\u00a0\u00bb50&Prime; shift_x=\u00a0\u00bb0&Prime; shift_y=\u00a0\u00bb0&Prime; shift_y_down=\u00a0\u00bb0&Prime; z_index=\u00a0\u00bb0&Prime; medium_width=\u00a0\u00bb3&Prime; mobile_width=\u00a0\u00bb7&Prime; width=\u00a0\u00bb1\/3&Prime; uncode_shortcode_id=\u00a0\u00bb153447&Prime;][vc_icon position=\u00a0\u00bbleft\u00a0\u00bb title_aligned_icon=\u00a0\u00bbyes\u00a0\u00bb icon_image=\u00a0\u00bb353&Prime; media_size=\u00a0\u00bb48&Prime; uncode_shortcode_id=\u00a0\u00bb129110&Prime; title=\u00a0\u00bb35 ans d&rsquo;exp\u00e9rience\u00a0\u00bb]Entreprise de m\u00e9tallurgie de 2\u00e8me g\u00e9n\u00e9ration[\/vc_icon][\/vc_column][vc_column column_width_percent=\u00a0\u00bb100&Prime; gutter_size=\u00a0\u00bb2&Prime; overlay_alpha=\u00a0\u00bb50&Prime; shift_x=\u00a0\u00bb0&Prime; shift_y=\u00a0\u00bb0&Prime; shift_y_down=\u00a0\u00bb0&Prime; z_index=\u00a0\u00bb0&Prime; medium_width=\u00a0\u00bb3&Prime; mobile_width=\u00a0\u00bb7&Prime; width=\u00a0\u00bb1\/3&Prime; uncode_shortcode_id=\u00a0\u00bb322227&Prime;][vc_icon position=\u00a0\u00bbleft\u00a0\u00bb title_aligned_icon=\u00a0\u00bbyes\u00a0\u00bb icon_image=\u00a0\u00bb483&Prime; media_size=\u00a0\u00bb48&Prime; uncode_shortcode_id=\u00a0\u00bb130880&Prime; title=\u00a0\u00bbPr\u00e9cision de la hauteur\u00a0\u00bb]De petit travail sur mesure ou de grands travaux de construction, ces tables de soudure vous permettent de travailler avec une extr\u00eame pr\u00e9cision.[\/vc_icon][\/vc_column][\/vc_row]<\/p>\n<\/div>","protected":false},"excerpt":{"rendered":"<p>[vc_row row_height_percent=\u00a0\u00bb0&Prime; overlay_alpha=\u00a0\u00bb50&Prime; gutter_size=\u00a0\u00bb3&Prime; column_width_percent=\u00a0\u00bb100&Prime; shift_y=\u00a0\u00bb0&Prime; z_index=\u00a0\u00bb0&Prime; uncode_shortcode_id=\u00a0\u00bb205733&Prime; el_id=\u00a0\u00bbfoldpage\u00a0\u00bb][vc_column width=\u00a0\u00bb1\/1&Prime;][vc_custom_heading heading_semantic=\u00a0\u00bbh1&Prime; text_size=\u00a0\u00bbh1&Prime; uncode_shortcode_id=\u00a0\u00bb986607&Prime;]Boutique[\/vc_custom_heading][vc_tabs history=\u00a0\u00bbyes\u00a0\u00bb tab_no_fade=\u00a0\u00bbyes\u00a0\u00bb align=\u00a0\u00bbleft\u00a0\u00bb tab_no_border=\u00a0\u00bbyes\u00a0\u00bb uncode_shortcode_id=\u00a0\u00bb110081&Prime;][vc_tab gutter_size=\u00a0\u00bb2&Prime; column_padding=\u00a0\u00bb2&Prime; [&hellip;]<\/p>\n","protected":false},"author":1,"featured_media":0,"parent":0,"menu_order":0,"comment_status":"closed","ping_status":"closed","template":"","meta":{"_acf_changed":false,"footnotes":""},"class_list":["post-5555","page","type-page","status-publish","hentry"],"acf":[],"_links":{"self":[{"href":"https:\/\/www.vostables.com\/fr\/wp-json\/wp\/v2\/pages\/5555","targetHints":{"allow":["GET"]}}],"collection":[{"href":"https:\/\/www.vostables.com\/fr\/wp-json\/wp\/v2\/pages"}],"about":[{"href":"https:\/\/www.vostables.com\/fr\/wp-json\/wp\/v2\/types\/page"}],"author":[{"embeddable":true,"href":"https:\/\/www.vostables.com\/fr\/wp-json\/wp\/v2\/users\/1"}],"replies":[{"embeddable":true,"href":"https:\/\/www.vostables.com\/fr\/wp-json\/wp\/v2\/comments?post=5555"}],"version-history":[{"count":6,"href":"https:\/\/www.vostables.com\/fr\/wp-json\/wp\/v2\/pages\/5555\/revisions"}],"predecessor-version":[{"id":6861,"href":"https:\/\/www.vostables.com\/fr\/wp-json\/wp\/v2\/pages\/5555\/revisions\/6861"}],"wp:attachment":[{"href":"https:\/\/www.vostables.com\/fr\/wp-json\/wp\/v2\/media?parent=5555"}],"curies":[{"name":"wp","href":"https:\/\/api.w.org\/{rel}","templated":true}]}}