{"id":6118,"date":"2023-11-30T14:35:39","date_gmt":"2023-11-30T12:35:39","guid":{"rendered":"https:\/\/vostables.be\/support-fr\/transport\/"},"modified":"2025-12-11T17:41:36","modified_gmt":"2025-12-11T15:41:36","slug":"transport-2","status":"publish","type":"page","link":"https:\/\/www.vostables.com\/fr\/transport-2\/","title":{"rendered":"Transport"},"content":{"rendered":"<div class=\"wpb-content-wrapper\"><p>[vc_row][vc_column width=\u00a0\u00bb1\/3&Prime;][vc_custom_heading auto_text=\u00a0\u00bbyes\u00a0\u00bb heading_semantic=\u00a0\u00bbh1&Prime; text_size=\u00a0\u00bbh1&Prime; uncode_shortcode_id=\u00a0\u00bb121546&Prime;]Ceci est un \u00e9l\u00e9ment de titre personnalis\u00e9.[\/vc_custom_heading][vc_custom_heading uncode_shortcode_id=\u00a0\u00bb660897&Prime;]Comment fonctionne le transport ?[\/vc_custom_heading][vc_column_text uncode_shortcode_id=\u00a0\u00bb364223&Prime;]Nous livrons nos tables de soudure dans toute la Belgique, les Pays-Bas, la France, l&rsquo;Allemagne et l&rsquo;Europe.<\/p>\n<p>Vous n&rsquo;avez pas de chariot \u00e9l\u00e9vateur sur place pour d\u00e9charger la table de soudure ? Pas de probl\u00e8me !<\/p>\n<p>Contactez-nous et nous discuterons volontiers des possibilit\u00e9s.<\/p>\n<p>Nous vous contacterons \u00e0 l&rsquo;avance pour vous informer du jour de livraison.[\/vc_column_text][\/vc_column][vc_column width=\u00a0\u00bb2\/3&Prime;][vc_single_image media=\u00a0\u00bb3807&Prime; media_width_percent=\u00a0\u00bb100&Prime; uncode_shortcode_id=\u00a0\u00bb103261&Prime;][\/vc_column][\/vc_row]<\/p>\n<\/div>","protected":false},"excerpt":{"rendered":"<p>[vc_row][vc_column width=\u00a0\u00bb1\/3&Prime;][vc_custom_heading auto_text=\u00a0\u00bbyes\u00a0\u00bb heading_semantic=\u00a0\u00bbh1&Prime; text_size=\u00a0\u00bbh1&Prime; uncode_shortcode_id=\u00a0\u00bb121546&Prime;]Ceci est un \u00e9l\u00e9ment de titre personnalis\u00e9.[\/vc_custom_heading][vc_custom_heading uncode_shortcode_id=\u00a0\u00bb660897&Prime;]Comment fonctionne le transport ?[\/vc_custom_heading][vc_column_text uncode_shortcode_id=\u00a0\u00bb364223&Prime;]Nous livrons nos [&hellip;]<\/p>\n","protected":false},"author":2,"featured_media":3798,"parent":0,"menu_order":0,"comment_status":"closed","ping_status":"closed","template":"","meta":{"_acf_changed":false,"footnotes":""},"class_list":["post-6118","page","type-page","status-publish","has-post-thumbnail","hentry"],"acf":[],"_links":{"self":[{"href":"https:\/\/www.vostables.com\/fr\/wp-json\/wp\/v2\/pages\/6118","targetHints":{"allow":["GET"]}}],"collection":[{"href":"https:\/\/www.vostables.com\/fr\/wp-json\/wp\/v2\/pages"}],"about":[{"href":"https:\/\/www.vostables.com\/fr\/wp-json\/wp\/v2\/types\/page"}],"author":[{"embeddable":true,"href":"https:\/\/www.vostables.com\/fr\/wp-json\/wp\/v2\/users\/2"}],"replies":[{"embeddable":true,"href":"https:\/\/www.vostables.com\/fr\/wp-json\/wp\/v2\/comments?post=6118"}],"version-history":[{"count":5,"href":"https:\/\/www.vostables.com\/fr\/wp-json\/wp\/v2\/pages\/6118\/revisions"}],"predecessor-version":[{"id":6900,"href":"https:\/\/www.vostables.com\/fr\/wp-json\/wp\/v2\/pages\/6118\/revisions\/6900"}],"wp:featuredmedia":[{"embeddable":true,"href":"https:\/\/www.vostables.com\/fr\/wp-json\/wp\/v2\/media\/3798"}],"wp:attachment":[{"href":"https:\/\/www.vostables.com\/fr\/wp-json\/wp\/v2\/media?parent=6118"}],"curies":[{"name":"wp","href":"https:\/\/api.w.org\/{rel}","templated":true}]}}