{"id":6242,"date":"2025-09-30T09:41:35","date_gmt":"2025-09-30T07:41:35","guid":{"rendered":"https:\/\/vostables.be\/apercu-des-tables-de-soudage\/"},"modified":"2025-12-11T16:18:43","modified_gmt":"2025-12-11T14:18:43","slug":"apercu-des-tables-de-soudure","status":"publish","type":"page","link":"https:\/\/www.vostables.com\/fr\/apercu-des-tables-de-soudure\/","title":{"rendered":"Aper\u00e7u des tables de soudure"},"content":{"rendered":"<div class=\"wpb-content-wrapper\"><p>[vc_row row_height_percent=\u00a0\u00bb0&Prime; overlay_alpha=\u00a0\u00bb50&Prime; gutter_size=\u00a0\u00bb3&Prime; column_width_percent=\u00a0\u00bb100&Prime; shift_y=\u00a0\u00bb0&Prime; z_index=\u00a0\u00bb0&Prime; content_parallax=\u00a0\u00bb0&Prime; uncode_shortcode_id=\u00a0\u00bb101863&Prime; el_class=\u00a0\u00bbgreencheck productsoorten\u00a0\u00bb][vc_column column_width_percent=\u00a0\u00bb100&Prime; gutter_size=\u00a0\u00bb2&Prime; back_color=\u00a0\u00bbcolor-xsdn\u00a0\u00bb overlay_alpha=\u00a0\u00bb50&Prime; shadow=\u00a0\u00bbstd\u00a0\u00bb shift_x=\u00a0\u00bb0&Prime; shift_y=\u00a0\u00bb0&Prime; shift_y_down=\u00a0\u00bb0&Prime; z_index=\u00a0\u00bb0&Prime; medium_width=\u00a0\u00bb0&Prime; mobile_width=\u00a0\u00bb0&Prime; width=\u00a0\u00bb1\/2&Prime; uncode_shortcode_id=\u00a0\u00bb110227&Prime; back_color_type=\u00a0\u00bbuncode-palette\u00a0\u00bb][vc_custom_heading uncode_shortcode_id=\u00a0\u00bb188622&Prime;]Vostables STANDARD[\/vc_custom_heading][vc_column_text uncode_shortcode_id=\u00a0\u00bb136060&Prime;]La table de soudure standard fiable pour chaque atelier.[\/vc_column_text][vc_single_image media=\u00a0\u00bb1278&Prime; media_width_percent=\u00a0\u00bb100&Prime; media_ratio=\u00a0\u00bbsixteen-nine\u00a0\u00bb uncode_shortcode_id=\u00a0\u00bb151213&Prime; media_link=\u00a0\u00bburl:https%3A%2F%2Fvostables.be%2Flastafels%2F|title:Lastafels\u00a0\u00bb][vc_column_text uncode_shortcode_id=\u00a0\u00bb164950&Prime;]<\/p>\n<ul>\n<li>Choix parmi 5 formats<\/li>\n<li>Le meilleur rapport qualit\u00e9\/prix<\/li>\n<li>Compatible avec les outils STANDARD<\/li>\n<\/ul>\n<p>[\/vc_column_text][vc_button button_color=\u00a0\u00bbaccent\u00a0\u00bb border_width=\u00a0\u00bb0&Prime; link=\u00a0\u00bburl:https%3A%2F%2Fvostables.be%2Ffr%2Ftables-de-soudure%2F|title:Lastafels|\u00a0\u00bb button_color_type=\u00a0\u00bbuncode-palette\u00a0\u00bb uncode_shortcode_id=\u00a0\u00bb236041&Prime;]Voir Standard[\/vc_button][vc_column_text uncode_shortcode_id=\u00a0\u00bb812384&Prime; el_class=\u00a0\u00bbpricetag\u00a0\u00bb]<em>\u00c0 partir de 775 \u20ac<\/em>[\/vc_column_text][\/vc_column][vc_column column_width_percent=\u00a0\u00bb100&Prime; gutter_size=\u00a0\u00bb2&Prime; back_color=\u00a0\u00bbcolor-xsdn\u00a0\u00bb overlay_alpha=\u00a0\u00bb50&Prime; shadow=\u00a0\u00bbstd\u00a0\u00bb shift_x=\u00a0\u00bb0&Prime; shift_y=\u00a0\u00bb0&Prime; shift_y_down=\u00a0\u00bb0&Prime; z_index=\u00a0\u00bb0&Prime; medium_width=\u00a0\u00bb0&Prime; mobile_width=\u00a0\u00bb0&Prime; width=\u00a0\u00bb1\/2&Prime; uncode_shortcode_id=\u00a0\u00bb140000&Prime; back_color_type=\u00a0\u00bbuncode-palette\u00a0\u00bb el_class=\u00a0\u00bbpremiumcolor\u00a0\u00bb][vc_custom_heading uncode_shortcode_id=\u00a0\u00bb186753&Prime;]Vostables PREMIUM <mark>Nouveau<\/mark>[\/vc_custom_heading][vc_column_text uncode_shortcode_id=\u00a0\u00bb329750&Prime;]Pour une pr\u00e9cision maximale et une plan\u00e9it\u00e9 optimale.[\/vc_column_text][vc_single_image media=\u00a0\u00bb4299&Prime; media_width_percent=\u00a0\u00bb100&Prime; media_ratio=\u00a0\u00bbsixteen-nine\u00a0\u00bb uncode_shortcode_id=\u00a0\u00bb826178&Prime; media_link=\u00a0\u00bburl:https%3A%2F%2Fvostables.be%2Flastafels-premium%2F\u00a0\u00bb][vc_column_text uncode_shortcode_id=\u00a0\u00bb419051&Prime;]<\/p>\n<ul>\n<li>Choix parmi 5 formats<\/li>\n<li>Frais\u00e9 \u00e0 plat, nitrur\u00e9 et durci<\/li>\n<li>Compatible avec les outils PREMIUM<\/li>\n<\/ul>\n<p>[\/vc_column_text][vc_button button_color=\u00a0\u00bbcolor-130857&Prime; border_width=\u00a0\u00bb0&Prime; link=\u00a0\u00bburl:https%3A%2F%2Fvostables.be%2Flastafels-premium%2F|title:Lastafels|\u00a0\u00bb button_color_type=\u00a0\u00bbuncode-palette\u00a0\u00bb uncode_shortcode_id=\u00a0\u00bb219105&Prime;]D\u00e9couvrez Premium[\/vc_button][vc_column_text uncode_shortcode_id=\u00a0\u00bb141544&Prime; el_class=\u00a0\u00bbpricetag\u00a0\u00bb]<em>\u00c0 partir de 1 695 \u20ac<\/em>[\/vc_column_text][\/vc_column][\/vc_row][vc_row][vc_column width=\u00a0\u00bb1\/1&Prime;][uncode_block id=\u00a0\u00bb5762&Prime;][\/vc_column][\/vc_row][vc_row][vc_column width=\u00a0\u00bb1\/1&Prime;][uncode_block id=\u00a0\u00bb928&Prime;][\/vc_column][\/vc_row]<\/p>\n<\/div>","protected":false},"excerpt":{"rendered":"<p>[vc_row row_height_percent=\u00a0\u00bb0&Prime; overlay_alpha=\u00a0\u00bb50&Prime; gutter_size=\u00a0\u00bb3&Prime; column_width_percent=\u00a0\u00bb100&Prime; shift_y=\u00a0\u00bb0&Prime; z_index=\u00a0\u00bb0&Prime; content_parallax=\u00a0\u00bb0&Prime; uncode_shortcode_id=\u00a0\u00bb101863&Prime; el_class=\u00a0\u00bbgreencheck productsoorten\u00a0\u00bb][vc_column column_width_percent=\u00a0\u00bb100&Prime; gutter_size=\u00a0\u00bb2&Prime; back_color=\u00a0\u00bbcolor-xsdn\u00a0\u00bb overlay_alpha=\u00a0\u00bb50&Prime; shadow=\u00a0\u00bbstd\u00a0\u00bb shift_x=\u00a0\u00bb0&Prime; shift_y=\u00a0\u00bb0&Prime; shift_y_down=\u00a0\u00bb0&Prime; z_index=\u00a0\u00bb0&Prime; [&hellip;]<\/p>\n","protected":false},"author":2,"featured_media":0,"parent":0,"menu_order":0,"comment_status":"closed","ping_status":"closed","template":"","meta":{"_acf_changed":false,"footnotes":""},"class_list":["post-6242","page","type-page","status-publish","hentry"],"acf":[],"_links":{"self":[{"href":"https:\/\/www.vostables.com\/fr\/wp-json\/wp\/v2\/pages\/6242","targetHints":{"allow":["GET"]}}],"collection":[{"href":"https:\/\/www.vostables.com\/fr\/wp-json\/wp\/v2\/pages"}],"about":[{"href":"https:\/\/www.vostables.com\/fr\/wp-json\/wp\/v2\/types\/page"}],"author":[{"embeddable":true,"href":"https:\/\/www.vostables.com\/fr\/wp-json\/wp\/v2\/users\/2"}],"replies":[{"embeddable":true,"href":"https:\/\/www.vostables.com\/fr\/wp-json\/wp\/v2\/comments?post=6242"}],"version-history":[{"count":5,"href":"https:\/\/www.vostables.com\/fr\/wp-json\/wp\/v2\/pages\/6242\/revisions"}],"predecessor-version":[{"id":6847,"href":"https:\/\/www.vostables.com\/fr\/wp-json\/wp\/v2\/pages\/6242\/revisions\/6847"}],"wp:attachment":[{"href":"https:\/\/www.vostables.com\/fr\/wp-json\/wp\/v2\/media?parent=6242"}],"curies":[{"name":"wp","href":"https:\/\/api.w.org\/{rel}","templated":true}]}}