{"id":6324,"date":"2023-11-30T15:15:17","date_gmt":"2023-11-30T13:15:17","guid":{"rendered":"https:\/\/vostables.be\/decoupe-laser-de-metal\/"},"modified":"2025-11-02T15:54:54","modified_gmt":"2025-11-02T13:54:54","slug":"decoupe-laser-de-metal","status":"publish","type":"page","link":"https:\/\/www.vostables.com\/fr\/decoupe-laser-de-metal\/","title":{"rendered":"D\u00e9coupe laser de m\u00e9tal"},"content":{"rendered":"<div class=\"wpb-content-wrapper\"><p>[vc_row][vc_column width=\u00a0\u00bb1\/2&Prime;][vc_custom_heading auto_text=\u00a0\u00bbyes\u00a0\u00bb heading_semantic=\u00a0\u00bbh1&Prime; text_size=\u00a0\u00bbh1&Prime; uncode_shortcode_id=\u00a0\u00bb169314&Prime;]Ceci est un \u00e9l\u00e9ment de titre personnalis\u00e9.[\/vc_custom_heading][vc_column_text uncode_shortcode_id=\u00a0\u00bb214129&Prime;]Saviez-vous que nous proposons \u00e9galement des services de d\u00e9coupe laser et de pliage.[\/vc_column_text][vc_row_inner][vc_column_inner width=\u00a0\u00bb1\/2&Prime;][vc_column_text uncode_shortcode_id=\u00a0\u00bb960516&Prime;]<\/p>\n<h3>D\u00e9coupe laser<\/h3>\n<ul>\n<li>acier de 20 mm d&rsquo;\u00e9paisseur<\/li>\n<li>inox de 12 mm d&rsquo;\u00e9paisseur<\/li>\n<li>aluminium de 15 mm d&rsquo;\u00e9paisseur<\/li>\n<\/ul>\n<p>[\/vc_column_text][\/vc_column_inner][vc_column_inner width=\u00a0\u00bb1\/2&Prime;][vc_column_text uncode_shortcode_id=\u00a0\u00bb426141&Prime;]<\/p>\n<h3>Pliage<\/h3>\n<ul>\n<li>jusqu&rsquo;\u00e0 4 m de longueur<\/li>\n<\/ul>\n<p>[\/vc_column_text][\/vc_column_inner][\/vc_row_inner][vc_row_inner][vc_column_inner column_width_percent=\u00a0\u00bb100&Prime; position_vertical=\u00a0\u00bbmiddle\u00a0\u00bb gutter_size=\u00a0\u00bb2&Prime; override_padding=\u00a0\u00bbyes\u00a0\u00bb column_padding=\u00a0\u00bb3&Prime; back_color=\u00a0\u00bbcolor-266757&Prime; overlay_alpha=\u00a0\u00bb50&Prime; shift_x=\u00a0\u00bb0&Prime; shift_y=\u00a0\u00bb0&Prime; shift_y_down=\u00a0\u00bb0&Prime; z_index=\u00a0\u00bb0&Prime; medium_width=\u00a0\u00bb0&Prime; mobile_width=\u00a0\u00bb0&Prime; width=\u00a0\u00bb1\/1&Prime; uncode_shortcode_id=\u00a0\u00bb585959&Prime; back_color_type=\u00a0\u00bbuncode-palette\u00a0\u00bb][vc_custom_heading heading_semantic=\u00a0\u00bbh3&Prime; text_size=\u00a0\u00bbh3&Prime; uncode_shortcode_id=\u00a0\u00bb181572&Prime; subheading=\u00a0\u00bbContactez-nous via info@vostables.be ou au 0032 9 273 97 56.\u00a0\u00bb]D\u00e9couvrez nos possibilit\u00e9s de d\u00e9coupe laser, de pliage et de travail sur mesure.[\/vc_custom_heading][vc_button border_width=\u00a0\u00bb0&Prime; link=\u00a0\u00bburl:https%3A%2F%2Fvostables.be%2Ffr%2Fcontact-fr%2F|title:Contact|\u00a0\u00bb uncode_shortcode_id=\u00a0\u00bb175933&Prime;]Contact[\/vc_button][\/vc_column_inner][\/vc_row_inner][\/vc_column][vc_column width=\u00a0\u00bb1\/2&Prime;][vc_single_image media=\u00a0\u00bb3769&Prime; media_width_percent=\u00a0\u00bb100&Prime; uncode_shortcode_id=\u00a0\u00bb184530&Prime;][vc_single_image media=\u00a0\u00bb3795&Prime; media_width_percent=\u00a0\u00bb100&Prime; uncode_shortcode_id=\u00a0\u00bb128520&Prime;][\/vc_column][\/vc_row]<\/p>\n<\/div>","protected":false},"excerpt":{"rendered":"<p>[vc_row][vc_column width=\u00a0\u00bb1\/2&Prime;][vc_custom_heading auto_text=\u00a0\u00bbyes\u00a0\u00bb heading_semantic=\u00a0\u00bbh1&Prime; text_size=\u00a0\u00bbh1&Prime; uncode_shortcode_id=\u00a0\u00bb169314&Prime;]Ceci est un \u00e9l\u00e9ment de titre personnalis\u00e9.[\/vc_custom_heading][vc_column_text uncode_shortcode_id=\u00a0\u00bb214129&Prime;]Saviez-vous que nous proposons \u00e9galement des services de [&hellip;]<\/p>\n","protected":false},"author":2,"featured_media":2028,"parent":0,"menu_order":0,"comment_status":"closed","ping_status":"closed","template":"","meta":{"_acf_changed":false,"footnotes":""},"class_list":["post-6324","page","type-page","status-publish","has-post-thumbnail","hentry","page_category-info-fr"],"acf":[],"_links":{"self":[{"href":"https:\/\/www.vostables.com\/fr\/wp-json\/wp\/v2\/pages\/6324","targetHints":{"allow":["GET"]}}],"collection":[{"href":"https:\/\/www.vostables.com\/fr\/wp-json\/wp\/v2\/pages"}],"about":[{"href":"https:\/\/www.vostables.com\/fr\/wp-json\/wp\/v2\/types\/page"}],"author":[{"embeddable":true,"href":"https:\/\/www.vostables.com\/fr\/wp-json\/wp\/v2\/users\/2"}],"replies":[{"embeddable":true,"href":"https:\/\/www.vostables.com\/fr\/wp-json\/wp\/v2\/comments?post=6324"}],"version-history":[{"count":9,"href":"https:\/\/www.vostables.com\/fr\/wp-json\/wp\/v2\/pages\/6324\/revisions"}],"predecessor-version":[{"id":6369,"href":"https:\/\/www.vostables.com\/fr\/wp-json\/wp\/v2\/pages\/6324\/revisions\/6369"}],"wp:featuredmedia":[{"embeddable":true,"href":"https:\/\/www.vostables.com\/fr\/wp-json\/wp\/v2\/media\/2028"}],"wp:attachment":[{"href":"https:\/\/www.vostables.com\/fr\/wp-json\/wp\/v2\/media?parent=6324"}],"curies":[{"name":"wp","href":"https:\/\/api.w.org\/{rel}","templated":true}]}}