{"id":6359,"date":"2023-11-30T15:15:41","date_gmt":"2023-11-30T13:15:41","guid":{"rendered":"https:\/\/vostables.be\/transport\/"},"modified":"2025-11-02T15:54:54","modified_gmt":"2025-11-02T13:54:54","slug":"transport","status":"publish","type":"page","link":"https:\/\/www.vostables.com\/fr\/transport\/","title":{"rendered":"Transport"},"content":{"rendered":"<div class=\"wpb-content-wrapper\"><p>[vc_row][vc_column width=\u00a0\u00bb1\/3&Prime;][vc_custom_heading auto_text=\u00a0\u00bbyes\u00a0\u00bb heading_semantic=\u00a0\u00bbh1&Prime; text_size=\u00a0\u00bbh1&Prime; uncode_shortcode_id=\u00a0\u00bb121546&Prime;]Ceci est un \u00e9l\u00e9ment de titre personnalis\u00e9.[\/vc_custom_heading][vc_custom_heading uncode_shortcode_id=\u00a0\u00bb538998&Prime;]Comment fonctionnent les transports ?[\/vc_custom_heading][vc_column_text uncode_shortcode_id=\u00a0\u00bb581881&Prime;]Nous livrons nos tables de soudure dans toute la Belgique, les Pays-Bas, la France, l&rsquo;Allemagne, l&rsquo;Europe.<\/p>\n<p>Vous n&rsquo;avez pas de chariot \u00e9l\u00e9vateur sur place pour d\u00e9charger votre table ? Pas de probl\u00e8me ! Contactez-nous pour discuter des possibilit\u00e9s.<\/p>\n<p>Nous vous contacterons \u00e0 l&rsquo;avance pour convenir du jour de la livraison.[\/vc_column_text][\/vc_column][vc_column width=\u00a0\u00bb2\/3&Prime;][vc_single_image media=\u00a0\u00bb2551&Prime; media_width_percent=\u00a0\u00bb100&Prime; uncode_shortcode_id=\u00a0\u00bb187941&Prime;][\/vc_column][\/vc_row]<\/p>\n<\/div>","protected":false},"excerpt":{"rendered":"<p>[vc_row][vc_column width=\u00a0\u00bb1\/3&Prime;][vc_custom_heading auto_text=\u00a0\u00bbyes\u00a0\u00bb heading_semantic=\u00a0\u00bbh1&Prime; text_size=\u00a0\u00bbh1&Prime; uncode_shortcode_id=\u00a0\u00bb121546&Prime;]Ceci est un \u00e9l\u00e9ment de titre personnalis\u00e9.[\/vc_custom_heading][vc_custom_heading uncode_shortcode_id=\u00a0\u00bb538998&Prime;]Comment fonctionnent les transports ?[\/vc_custom_heading][vc_column_text uncode_shortcode_id=\u00a0\u00bb581881&Prime;]Nous livrons nos [&hellip;]<\/p>\n","protected":false},"author":2,"featured_media":2030,"parent":0,"menu_order":0,"comment_status":"closed","ping_status":"closed","template":"","meta":{"_acf_changed":false,"footnotes":""},"class_list":["post-6359","page","type-page","status-publish","has-post-thumbnail","hentry","page_category-info"],"acf":[],"_links":{"self":[{"href":"https:\/\/www.vostables.com\/fr\/wp-json\/wp\/v2\/pages\/6359","targetHints":{"allow":["GET"]}}],"collection":[{"href":"https:\/\/www.vostables.com\/fr\/wp-json\/wp\/v2\/pages"}],"about":[{"href":"https:\/\/www.vostables.com\/fr\/wp-json\/wp\/v2\/types\/page"}],"author":[{"embeddable":true,"href":"https:\/\/www.vostables.com\/fr\/wp-json\/wp\/v2\/users\/2"}],"replies":[{"embeddable":true,"href":"https:\/\/www.vostables.com\/fr\/wp-json\/wp\/v2\/comments?post=6359"}],"version-history":[{"count":1,"href":"https:\/\/www.vostables.com\/fr\/wp-json\/wp\/v2\/pages\/6359\/revisions"}],"predecessor-version":[{"id":6367,"href":"https:\/\/www.vostables.com\/fr\/wp-json\/wp\/v2\/pages\/6359\/revisions\/6367"}],"wp:featuredmedia":[{"embeddable":true,"href":"https:\/\/www.vostables.com\/fr\/wp-json\/wp\/v2\/media\/2030"}],"wp:attachment":[{"href":"https:\/\/www.vostables.com\/fr\/wp-json\/wp\/v2\/media?parent=6359"}],"curies":[{"name":"wp","href":"https:\/\/api.w.org\/{rel}","templated":true}]}}