{"id":842,"date":"2021-09-27T10:42:21","date_gmt":"2021-09-27T08:42:21","guid":{"rendered":"https:\/\/vostables.be\/?page_id=842"},"modified":"2025-11-12T10:49:09","modified_gmt":"2025-11-12T08:49:09","slug":"homepage-fr","status":"publish","type":"page","link":"https:\/\/www.vostables.com\/fr\/","title":{"rendered":"Page d&rsquo;accueil"},"content":{"rendered":"<div class=\"wpb-content-wrapper\"><p>[vc_row row_height_percent=\u00a0\u00bb80&Prime; back_color=\u00a0\u00bbcolor-wayh\u00a0\u00bb back_image=\u00a0\u00bb4344&Prime; overlay_color=\u00a0\u00bbcolor-jevc\u00a0\u00bb overlay_alpha=\u00a0\u00bb33&Prime; gutter_size=\u00a0\u00bb3&Prime; column_width_percent=\u00a0\u00bb100&Prime; shift_y=\u00a0\u00bb0&Prime; z_index=\u00a0\u00bb0&Prime; content_parallax=\u00a0\u00bb0&Prime; uncode_shortcode_id=\u00a0\u00bb201569&Prime; overlay_color_type=\u00a0\u00bbuncode-palette\u00a0\u00bb back_color_type=\u00a0\u00bbuncode-palette\u00a0\u00bb el_class=\u00a0\u00bbfoldhomepremium\u00a0\u00bb][vc_column column_width_percent=\u00a0\u00bb100&Prime; position_vertical=\u00a0\u00bbmiddle\u00a0\u00bb align_horizontal=\u00a0\u00bbalign_center\u00a0\u00bb gutter_size=\u00a0\u00bb3&Prime; style=\u00a0\u00bbdark\u00a0\u00bb overlay_alpha=\u00a0\u00bb50&Prime; shift_x=\u00a0\u00bb0&Prime; shift_y=\u00a0\u00bb0&Prime; shift_y_down=\u00a0\u00bb0&Prime; z_index=\u00a0\u00bb0&Prime; medium_width=\u00a0\u00bb0&Prime; mobile_width=\u00a0\u00bb0&Prime; width=\u00a0\u00bb1\/1&Prime; uncode_shortcode_id=\u00a0\u00bb315800&Prime;][vc_custom_heading text_color=\u00a0\u00bbcolor-269362&Prime; heading_semantic=\u00a0\u00bbh1&Prime; text_size=\u00a0\u00bbh1&Prime; uncode_shortcode_id=\u00a0\u00bb839683&Prime; text_color_type=\u00a0\u00bbuncode-palette\u00a0\u00bb]<mark>La table de soudure qui vous correspond<\/mark>[\/vc_custom_heading][vc_custom_heading heading_semantic=\u00a0\u00bbh3&Prime; text_size=\u00a0\u00bbcustom\u00a0\u00bb text_weight=\u00a0\u00bb300&Prime; uncode_shortcode_id=\u00a0\u00bb195360&Prime; heading_custom_size=\u00a0\u00bb20&Prime;]Tables de soudure modernes de qualit\u00e9 industrielle. Choisissez entre une fiabilit\u00e9 accessible ou une pr\u00e9cision ultime.[\/vc_custom_heading][vc_empty_space empty_h=\u00a0\u00bb1&Prime;][vc_button button_color=\u00a0\u00bbaccent\u00a0\u00bb hover_fx=\u00a0\u00bbfull-colored\u00a0\u00bb custom_typo=\u00a0\u00bbyes\u00a0\u00bb font_family=\u00a0\u00bbfont-107488&Prime; font_weight=\u00a0\u00bb700&Prime; text_transform=\u00a0\u00bbuppercase\u00a0\u00bb border_width=\u00a0\u00bb0&Prime; display=\u00a0\u00bbinline\u00a0\u00bb link=\u00a0\u00bburl:https%3A%2F%2Fvostables.be%2Ffr%2Fboutique%2F|title:Shop\u00a0\u00bb uncode_shortcode_id=\u00a0\u00bb466046&Prime; button_color_type=\u00a0\u00bbuncode-palette\u00a0\u00bb]Boutique[\/vc_button][vc_button button_color=\u00a0\u00bbcolor-xsdn\u00a0\u00bb size=\u00a0\u00bblink\u00a0\u00bb custom_typo=\u00a0\u00bbyes\u00a0\u00bb font_family=\u00a0\u00bbfont-107488&Prime; font_weight=\u00a0\u00bb700&Prime; text_transform=\u00a0\u00bbuppercase\u00a0\u00bb display=\u00a0\u00bbinline\u00a0\u00bb link=\u00a0\u00bburl:tel%3A003292739756|title:Shop\u00a0\u00bb uncode_shortcode_id=\u00a0\u00bb226699&Prime; button_color_type=\u00a0\u00bbuncode-palette\u00a0\u00bb icon=\u00a0\u00bbfa fa-phone\u00a0\u00bb el_class=\u00a0\u00bbphonebtn\u00a0\u00bb]+32 (0)9 273 97 56[\/vc_button][vc_empty_space empty_h=\u00a0\u00bb2&Prime;][\/vc_column][\/vc_row][vc_row row_height_percent=\u00a0\u00bb0&Prime; overlay_alpha=\u00a0\u00bb50&Prime; gutter_size=\u00a0\u00bb3&Prime; column_width_percent=\u00a0\u00bb100&Prime; shift_y=\u00a0\u00bb-5&Prime; z_index=\u00a0\u00bb0&Prime; content_parallax=\u00a0\u00bb0&Prime; uncode_shortcode_id=\u00a0\u00bb116910&Prime; el_class=\u00a0\u00bbgreencheck productsoorten\u00a0\u00bb][vc_column column_width_percent=\u00a0\u00bb100&Prime; gutter_size=\u00a0\u00bb2&Prime; back_color=\u00a0\u00bbcolor-xsdn\u00a0\u00bb overlay_alpha=\u00a0\u00bb50&Prime; shadow=\u00a0\u00bbstd\u00a0\u00bb shift_x=\u00a0\u00bb0&Prime; shift_y=\u00a0\u00bb0&Prime; shift_y_down=\u00a0\u00bb0&Prime; z_index=\u00a0\u00bb0&Prime; medium_width=\u00a0\u00bb0&Prime; mobile_width=\u00a0\u00bb0&Prime; width=\u00a0\u00bb1\/2&Prime; uncode_shortcode_id=\u00a0\u00bb145962&Prime; back_color_type=\u00a0\u00bbuncode-palette\u00a0\u00bb link_to=\u00a0\u00bburl:https%3A%2F%2Fvostables.be%2Ffr%2Ftables-de-soudure%2F\u00a0\u00bb][vc_custom_heading uncode_shortcode_id=\u00a0\u00bb185898&Prime;]Vostables STANDARD[\/vc_custom_heading][vc_column_text uncode_shortcode_id=\u00a0\u00bb104871&Prime;]La table de soudure standard fiable pour chaque atelier.[\/vc_column_text][vc_single_image media=\u00a0\u00bb1278&Prime; media_width_percent=\u00a0\u00bb100&Prime; media_ratio=\u00a0\u00bbsixteen-nine\u00a0\u00bb uncode_shortcode_id=\u00a0\u00bb151213&Prime; media_link=\u00a0\u00bburl:https%3A%2F%2Fvostables.be%2Flastafels%2F|title:Lastafels\u00a0\u00bb][vc_column_text uncode_shortcode_id=\u00a0\u00bb528078&Prime;]<\/p>\n<ul>\n<li>Choix entre 5 formats<\/li>\n<li>Meilleur rapport qualit\u00e9 \/ prix<\/li>\n<li>Compatible avec les outils STANDARD<\/li>\n<\/ul>\n<p>[\/vc_column_text][vc_button button_color=\u00a0\u00bbaccent\u00a0\u00bb border_width=\u00a0\u00bb0&Prime; link=\u00a0\u00bburl:https%3A%2F%2Fvostables.be%2Ffr%2Ftables-de-soudure%2F|title:Lastafels\u00a0\u00bb button_color_type=\u00a0\u00bbuncode-palette\u00a0\u00bb uncode_shortcode_id=\u00a0\u00bb214550&Prime;]Voir Standard[\/vc_button][vc_column_text uncode_shortcode_id=\u00a0\u00bb467345&Prime; el_class=\u00a0\u00bbpricetag\u00a0\u00bb]<em>\u00c0 partir de 775 \u20ac<\/em>[\/vc_column_text][\/vc_column][vc_column column_width_percent=\u00a0\u00bb100&Prime; gutter_size=\u00a0\u00bb2&Prime; back_color=\u00a0\u00bbcolor-xsdn\u00a0\u00bb overlay_alpha=\u00a0\u00bb50&Prime; shadow=\u00a0\u00bbstd\u00a0\u00bb shift_x=\u00a0\u00bb0&Prime; shift_y=\u00a0\u00bb0&Prime; shift_y_down=\u00a0\u00bb0&Prime; z_index=\u00a0\u00bb0&Prime; medium_width=\u00a0\u00bb0&Prime; mobile_width=\u00a0\u00bb0&Prime; width=\u00a0\u00bb1\/2&Prime; uncode_shortcode_id=\u00a0\u00bb900257&Prime; back_color_type=\u00a0\u00bbuncode-palette\u00a0\u00bb el_class=\u00a0\u00bbpremiumcolor\u00a0\u00bb link_to=\u00a0\u00bburl:https%3A%2F%2Fvostables.be%2Ffr%2Ftables-de-soudage-premium%2F\u00a0\u00bb][vc_custom_heading uncode_shortcode_id=\u00a0\u00bb188716&Prime;]Vostables PREMIUM\u00a0<mark>Nouveau<\/mark>[\/vc_custom_heading][vc_column_text uncode_shortcode_id=\u00a0\u00bb147222&Prime;]Pour une pr\u00e9cision maximale et une plan\u00e9it\u00e9 parfaite.[\/vc_column_text][vc_single_image media=\u00a0\u00bb4299&Prime; media_width_percent=\u00a0\u00bb100&Prime; media_ratio=\u00a0\u00bbsixteen-nine\u00a0\u00bb uncode_shortcode_id=\u00a0\u00bb826178&Prime; media_link=\u00a0\u00bburl:https%3A%2F%2Fvostables.be%2Flastafels-premium%2F\u00a0\u00bb][vc_column_text uncode_shortcode_id=\u00a0\u00bb528967&Prime;]<\/p>\n<ul>\n<li>Choix entre 5 formats<\/li>\n<li>Surfac\u00e9, nitrur\u00e9 et tremp\u00e9<\/li>\n<li>Compatible avec les outils PREMIUM<\/li>\n<\/ul>\n<p>[\/vc_column_text][vc_button button_color=\u00a0\u00bbcolor-130857&Prime; border_width=\u00a0\u00bb0&Prime; link=\u00a0\u00bburl:https%3A%2F%2Fvostables.be%2Ffr%2Ftables-de-soudage-premium%2F|title:Lastafels\u00a0\u00bb button_color_type=\u00a0\u00bbuncode-palette\u00a0\u00bb uncode_shortcode_id=\u00a0\u00bb115284&Prime;]D\u00e9couvrez Premium[\/vc_button][vc_column_text uncode_shortcode_id=\u00a0\u00bb194445&Prime; el_class=\u00a0\u00bbpricetag\u00a0\u00bb]<em>\u00c0 partir de 1695 \u20ac<\/em>[\/vc_column_text][\/vc_column][\/vc_row][vc_row][vc_column width=\u00a0\u00bb1\/1&Prime;][uncode_block id=\u00a0\u00bb928&Prime;][\/vc_column][\/vc_row][vc_row row_height_percent=\u00a0\u00bb0&Prime; override_padding=\u00a0\u00bbyes\u00a0\u00bb h_padding=\u00a0\u00bb2&Prime; top_padding=\u00a0\u00bb0&Prime; bottom_padding=\u00a0\u00bb0&Prime; back_color=\u00a0\u00bbcolor-jevc\u00a0\u00bb overlay_alpha=\u00a0\u00bb50&Prime; gutter_size=\u00a0\u00bb3&Prime; column_width_percent=\u00a0\u00bb100&Prime; shift_y=\u00a0\u00bb0&Prime; z_index=\u00a0\u00bb0&Prime; inverted_device_order=\u00a0\u00bbyes\u00a0\u00bb uncode_shortcode_id=\u00a0\u00bb183337&Prime; back_color_type=\u00a0\u00bbuncode-palette\u00a0\u00bb el_class=\u00a0\u00bbwiezijnwijhome\u00a0\u00bb][vc_column column_width_percent=\u00a0\u00bb100&Prime; position_vertical=\u00a0\u00bbmiddle\u00a0\u00bb gutter_size=\u00a0\u00bb2&Prime; style=\u00a0\u00bbdark\u00a0\u00bb overlay_alpha=\u00a0\u00bb50&Prime; shift_x=\u00a0\u00bb0&Prime; shift_y=\u00a0\u00bb0&Prime; shift_y_down=\u00a0\u00bb0&Prime; z_index=\u00a0\u00bb0&Prime; medium_width=\u00a0\u00bb0&Prime; mobile_width=\u00a0\u00bb0&Prime; width=\u00a0\u00bb1\/3&Prime; uncode_shortcode_id=\u00a0\u00bb153526&Prime;][vc_custom_heading uncode_shortcode_id=\u00a0\u00bb517780&Prime;]Qui sommes-nous?[\/vc_custom_heading][vc_column_text uncode_shortcode_id=\u00a0\u00bb572135&Prime;]En tant que deuxi\u00e8me g\u00e9n\u00e9ration d&rsquo;une entreprise de transformation des m\u00e9taux, nous savons mieux que quiconque ce dont les professionnels ont besoin pour r\u00e9aliser efficacement leurs tables de soudure.<\/p>\n<p>Anim\u00e9s par cette passion, nous avons d\u00e9velopp\u00e9 notre propre gamme de tables de soudure et de fixation, v\u00e9ritables partenaires id\u00e9aux pour tout soudeur et chaque projet. Qualit\u00e9, pr\u00e9cision et plaisir du m\u00e9tier \u2013 voil\u00e0 Vostables.[\/vc_column_text][vc_button button_color=\u00a0\u00bbcolor-269362&Prime; hover_fx=\u00a0\u00bbfull-colored\u00a0\u00bb custom_typo=\u00a0\u00bbyes\u00a0\u00bb font_family=\u00a0\u00bbfont-107488&Prime; font_weight=\u00a0\u00bb700&Prime; text_transform=\u00a0\u00bbuppercase\u00a0\u00bb border_width=\u00a0\u00bb0&Prime; link=\u00a0\u00bburl:https%3A%2F%2Fvostables.be%2Ffr%2Fnotre-histoire%2F|title:Over%20ons\u00a0\u00bb button_color_type=\u00a0\u00bbuncode-palette\u00a0\u00bb uncode_shortcode_id=\u00a0\u00bb166833&Prime;]En savoir plus[\/vc_button][\/vc_column][vc_column width=\u00a0\u00bb2\/3&Prime;][vc_single_image media=\u00a0\u00bb4355&Prime; media_width_percent=\u00a0\u00bb100&Prime; uncode_shortcode_id=\u00a0\u00bb177888&Prime;][\/vc_column][\/vc_row][vc_row][vc_column width=\u00a0\u00bb1\/1&Prime;][vc_raw_html]JTNDJTIxLS0lMjBFbGZzaWdodCUyMEluc3RhZ3JhbSUyMEZlZWQlMjAlN0MlMjBVbnRpdGxlZCUyMEluc3RhZ3JhbSUyMEZlZWQlMjAtLSUzRSUwQSUzQ3NjcmlwdCUyMHNyYyUzRCUyMmh0dHBzJTNBJTJGJTJGc3RhdGljLmVsZnNpZ2h0LmNvbSUyRnBsYXRmb3JtJTJGcGxhdGZvcm0uanMlMjIlMjBhc3luYyUzRSUzQyUyRnNjcmlwdCUzRSUwQSUzQ2RpdiUyMGNsYXNzJTNEJTIyZWxmc2lnaHQtYXBwLTM5Nzc4MmFjLTY5YjYtNDkzZS1iNjFkLWYxNWQ1YjdmMzYyYyUyMiUyMGRhdGEtZWxmc2lnaHQtYXBwLWxhenklM0UlM0MlMkZkaXYlM0U=[\/vc_raw_html][\/vc_column][\/vc_row][vc_row row_height_percent=\u00a0\u00bb0&Prime; back_color=\u00a0\u00bbcolor-xsdn\u00a0\u00bb overlay_alpha=\u00a0\u00bb50&Prime; gutter_size=\u00a0\u00bb3&Prime; column_width_percent=\u00a0\u00bb100&Prime; shift_y=\u00a0\u00bb0&Prime; z_index=\u00a0\u00bb0&Prime; uncode_shortcode_id=\u00a0\u00bb399278&Prime; back_color_type=\u00a0\u00bbuncode-palette\u00a0\u00bb el_class=\u00a0\u00bbfbrecentieblock\u00a0\u00bb][vc_column column_width_percent=\u00a0\u00bb100&Prime; gutter_size=\u00a0\u00bb3&Prime; overlay_alpha=\u00a0\u00bb50&Prime; shift_x=\u00a0\u00bb0&Prime; shift_y=\u00a0\u00bb0&Prime; shift_y_down=\u00a0\u00bb0&Prime; z_index=\u00a0\u00bb0&Prime; medium_width=\u00a0\u00bb0&Prime; mobile_width=\u00a0\u00bb0&Prime; width=\u00a0\u00bb1\/1&Prime; uncode_shortcode_id=\u00a0\u00bb176119&Prime;][vc_custom_heading uncode_shortcode_id=\u00a0\u00bb135734&Prime;]Avis de nos clients[\/vc_custom_heading][vc_gallery el_id=\u00a0\u00bbgallery-143408&Prime; type=\u00a0\u00bbcarousel\u00a0\u00bb medias=\u00a0\u00bb2019,3328,3331,3334,3337,3386,3389,3392,3395&Prime; carousel_lg=\u00a0\u00bb4&Prime; carousel_md=\u00a0\u00bb2&Prime; carousel_sm=\u00a0\u00bb1&Prime; gutter_size=\u00a0\u00bb3&Prime; carousel_interval=\u00a0\u00bb3000&Prime; carousel_navspeed=\u00a0\u00bb400&Prime; carousel_loop=\u00a0\u00bbyes\u00a0\u00bb carousel_dots=\u00a0\u00bbyes\u00a0\u00bb carousel_dots_space=\u00a0\u00bbyes\u00a0\u00bb stage_padding=\u00a0\u00bb0&Prime; single_overlay_opacity=\u00a0\u00bb10&Prime; single_padding=\u00a0\u00bb2&Prime; single_border=\u00a0\u00bbyes\u00a0\u00bb no_double_tap=\u00a0\u00bbyes\u00a0\u00bb uncode_shortcode_id=\u00a0\u00bb321508&Prime;][\/vc_column][\/vc_row][vc_row][vc_column width=\u00a0\u00bb1\/1&Prime;][uncode_block id=\u00a0\u00bb903&Prime;][\/vc_column][\/vc_row]<\/p>\n<\/div>","protected":false},"excerpt":{"rendered":"<p>[vc_row row_height_percent=\u00a0\u00bb80&Prime; back_color=\u00a0\u00bbcolor-wayh\u00a0\u00bb back_image=\u00a0\u00bb4344&Prime; overlay_color=\u00a0\u00bbcolor-jevc\u00a0\u00bb overlay_alpha=\u00a0\u00bb33&Prime; gutter_size=\u00a0\u00bb3&Prime; column_width_percent=\u00a0\u00bb100&Prime; shift_y=\u00a0\u00bb0&Prime; z_index=\u00a0\u00bb0&Prime; content_parallax=\u00a0\u00bb0&Prime; uncode_shortcode_id=\u00a0\u00bb201569&Prime; overlay_color_type=\u00a0\u00bbuncode-palette\u00a0\u00bb back_color_type=\u00a0\u00bbuncode-palette\u00a0\u00bb el_class=\u00a0\u00bbfoldhomepremium\u00a0\u00bb][vc_column column_width_percent=\u00a0\u00bb100&Prime; position_vertical=\u00a0\u00bbmiddle\u00a0\u00bb align_horizontal=\u00a0\u00bbalign_center\u00a0\u00bb gutter_size=\u00a0\u00bb3&Prime; style=\u00a0\u00bbdark\u00a0\u00bb [&hellip;]<\/p>\n","protected":false},"author":1,"featured_media":0,"parent":0,"menu_order":0,"comment_status":"closed","ping_status":"closed","template":"","meta":{"_acf_changed":false,"footnotes":""},"class_list":["post-842","page","type-page","status-publish","hentry"],"acf":[],"_links":{"self":[{"href":"https:\/\/www.vostables.com\/fr\/wp-json\/wp\/v2\/pages\/842","targetHints":{"allow":["GET"]}}],"collection":[{"href":"https:\/\/www.vostables.com\/fr\/wp-json\/wp\/v2\/pages"}],"about":[{"href":"https:\/\/www.vostables.com\/fr\/wp-json\/wp\/v2\/types\/page"}],"author":[{"embeddable":true,"href":"https:\/\/www.vostables.com\/fr\/wp-json\/wp\/v2\/users\/1"}],"replies":[{"embeddable":true,"href":"https:\/\/www.vostables.com\/fr\/wp-json\/wp\/v2\/comments?post=842"}],"version-history":[{"count":26,"href":"https:\/\/www.vostables.com\/fr\/wp-json\/wp\/v2\/pages\/842\/revisions"}],"predecessor-version":[{"id":6579,"href":"https:\/\/www.vostables.com\/fr\/wp-json\/wp\/v2\/pages\/842\/revisions\/6579"}],"wp:attachment":[{"href":"https:\/\/www.vostables.com\/fr\/wp-json\/wp\/v2\/media?parent=842"}],"curies":[{"name":"wp","href":"https:\/\/api.w.org\/{rel}","templated":true}]}}