{"id":865,"date":"2021-08-25T17:27:37","date_gmt":"2021-08-25T15:27:37","guid":{"rendered":"https:\/\/vostables.be\/?page_id=865"},"modified":"2025-10-17T14:44:17","modified_gmt":"2025-10-17T12:44:17","slug":"contact-fr","status":"publish","type":"page","link":"https:\/\/www.vostables.com\/fr\/contact-fr\/","title":{"rendered":"Contact"},"content":{"rendered":"<div class=\"wpb-content-wrapper\"><p>[vc_row row_height_percent=\u00a0\u00bb0&Prime; overlay_alpha=\u00a0\u00bb50&Prime; gutter_size=\u00a0\u00bb3&Prime; column_width_percent=\u00a0\u00bb100&Prime; shift_y=\u00a0\u00bb0&Prime; z_index=\u00a0\u00bb0&Prime; uncode_shortcode_id=\u00a0\u00bb151892&Prime; el_id=\u00a0\u00bbfoldpage\u00a0\u00bb][vc_column width=\u00a0\u00bb1\/1&Prime;][vc_custom_heading heading_semantic=\u00a0\u00bbh1&Prime; text_size=\u00a0\u00bbh1&Prime; uncode_shortcode_id=\u00a0\u00bb207326&Prime;]Contact[\/vc_custom_heading][\/vc_column][\/vc_row][vc_row][vc_column width=\u00a0\u00bb1\/2&Prime;]\n<div class=\"shadowContact\">\n\t<div class=\"afterSuccesEskidoosForm\">\n\n\t\t<span class=\"icongreat\">&#xe901;<\/span>\n\t\t<div class=\"afterSuccesTextEskidoosForm\">\n\t\t\t<h3>Nous vous contacterons d\u00e8s que possible<\/h3>\n\t\t\tVotre message a \u00e9t\u00e9 envoy\u00e9 avec succ\u00e8s<br><br>Nous vous contacterons d\u00e8s que possible\t\t<\/div>\n\n\t\t<a id=\"backToFormContact\" href=\"#\">Ferm\u00e9<\/a>\n\n\t<\/div>\n\t<div class=\"errorMessageEskidoosForm\"><\/div>\n\t<form id=\"contactForm\" class=\"eskidoosForm\">\n\t\t<input type=\"hidden\" name=\"action\" value=\"eski_form_handling\">\n\t\t<input type=\"hidden\" name=\"eski_nonce\" value=\"ababa3c412\">\n\t\t<input type=\"hidden\" name=\"formType\" value=\"contactform\">\n\t\t<input type=\"hidden\" id=\"g-recaptcha-response\" name=\"g-recaptcha-response\">\n\n\t\t<div class=\"formGroup\">\n\t\t\t<label for=\"firstNameEskidoosForm\" class=\"sr-only\">firstName<\/label>\n\t\t\t<input id=\"firstNameEskidoosForm\" title=\"Veuillez entrer au moins 2 caract\u00e8res\" name=\"firstNameEskidoosForm\" type=\"text\" maxlength=\"255\" required placeholder=\"firstName\" \/>\n\t\t<\/div>\n\n\t\t<div class=\"fields-two\">\n\t\t\t<div class=\"formGroup\">\n\t\t\t\t<label for=\"emailEskidoosForm\" class=\"sr-only\">Adresse e-mail<\/label>\n\t\t\t\t<input id=\"emailEskidoosForm\" name=\"emailEskidoosForm\" type=\"email\" required placeholder=\"Adresse e-mail\" \/>\n\t\t\t<\/div>\n\t\t\t<div class=\"formGroup\">\n\t\t\t\t<label for=\"phoneEskidoosForm\" class=\"sr-only\">T\u00e9l\u00e9phone <\/label>\n\t\t\t\t<input id=\"phoneEskidoosForm\" name=\"phoneEskidoosForm\" type=\"tel\" placeholder=\"T\u00e9l\u00e9phone\" \/>\n\t\t\t<\/div>\n\t\t<\/div>\n\t\t<div class=\"formGroup\">\n\t\t\t<label for=\"messageEskidoosForm\" class=\"sr-only\">Votre message<\/label>\n\t\t\t<textarea id=\"messageEskidoosForm\" name=\"messageEskidoosForm\" title=\"Veuillez entrer votre message\" maxlength=\"1000\" placeholder=\"Votre message\"><\/textarea>\n\t\t<\/div>\n\t\t<div class=\"newsLetterBlock\">\n\t\t\t<input id=\"newsLetterEskidoosForm\" name=\"newsLetterEskidoosForm\" type=\"checkbox\" \/>\n\t\t\t<label for=\"newsLetterEskidoosForm\">subscribe to the newsletter<\/label>\n\t\t<\/div>\n\t\t<button class=\"sendBtnForm\" type=\"submit\" data-text=\"Envoyer\">Envoyer<\/button>\n\t<\/form>\n<\/div>\n\n[vc_custom_heading uncode_shortcode_id=\u00a0\u00bb868385&Prime;]Comment nous rejoindre[\/vc_custom_heading][vc_column_text uncode_shortcode_id=\u00a0\u00bb208409&Prime;]Nous sommes accessibles seulemant par le canal (rue Langerbruggekaai), tournez dans Delori-Maeslaan via Langerbruggekaai et au bout tournez \u00e0 gauche dans Baron Van Loolaan.<\/p>\n<p>Suivez la route tout droit et au deuxi\u00e8me d\u00e9tour vous trouverez Vostables.[\/vc_column_text][\/vc_column][vc_column column_width_percent=\u00a0\u00bb100&Prime; gutter_size=\u00a0\u00bb2&Prime; overlay_alpha=\u00a0\u00bb50&Prime; shift_x=\u00a0\u00bb0&Prime; shift_y=\u00a0\u00bb0&Prime; shift_y_down=\u00a0\u00bb0&Prime; z_index=\u00a0\u00bb0&Prime; medium_width=\u00a0\u00bb0&Prime; mobile_width=\u00a0\u00bb0&Prime; width=\u00a0\u00bb1\/2&Prime; uncode_shortcode_id=\u00a0\u00bb203303&Prime;][vc_raw_html]JTNDZGl2JTIwaWQlM0QlMjJzdHJlZXQtdmlldyUyMiUzRSUzQyUyRmRpdiUzRSUwQSUwQSUyMCUyMCUyMCUyMCUzQyUyMS0tJTIwQXN5bmMlMjBzY3JpcHQlMjBleGVjdXRlcyUyMGltbWVkaWF0ZWx5JTIwYW5kJTIwbXVzdCUyMGJlJTIwYWZ0ZXIlMjBhbnklMjBET00lMjBlbGVtZW50cyUyMHVzZWQlMjBpbiUyMGNhbGxiYWNrLiUyMC0tJTNFJTBBJTIwJTIwJTIwJTIwJTNDc2NyaXB0JTBBJTIwJTIwJTIwJTIwJTIwJTIwc3JjJTNEJTIyaHR0cHMlM0ElMkYlMkZtYXBzLmdvb2dsZWFwaXMuY29tJTJGbWFwcyUyRmFwaSUyRmpzJTNGa2V5JTNEQUl6YVN5RFhKRV9MbWNPT2Q0Vk5JUXNLM1pucGJ1X0M0MFJxRDdJJTI2Y2FsbGJhY2slM0Rpbml0aWFsaXplJTI2diUzRHdlZWtseSUyMiUwQSUyMCUyMCUyMCUyMCUyMCUyMGFzeW5jJTBBJTIwJTIwJTIwJTIwJTNFJTNDJTJGc2NyaXB0JTNFJTBBJTNDc2NyaXB0JTNFJTBBbGV0JTIwcGFub3JhbWElM0IlMEElMEFmdW5jdGlvbiUyMGluaXRpYWxpemUlMjglMjklMjAlN0IlMEElMjAlMjBwYW5vcmFtYSUyMCUzRCUyMG5ldyUyMGdvb2dsZS5tYXBzLlN0cmVldFZpZXdQYW5vcmFtYSUyOCUwQSUyMCUyMCUyMCUyMGRvY3VtZW50LmdldEVsZW1lbnRCeUlkJTI4JTIyc3RyZWV0LXZpZXclMjIlMjklMkMlMEElMjAlMjAlMjAlMjAlN0IlMEElMjAlMjAlMjAlMjAlMjAlMjBwb3NpdGlvbiUzQSUyMCU3QiUyMGxhdCUzQSUyMDUxLjEyNTkzNTglMkMlMjBsbmclM0ElMjAzLjc0ODU4NjklMjAlN0QlMkMlMEElMjAlMjAlMjAlMjAlMjAlMjBwb3YlM0ElMjAlN0IlMjBoZWFkaW5nJTNBJTIwMTA3LjIzJTJDJTIwcGl0Y2glM0ElMjAwJTIwJTdEJTJDJTBBJTIwJTIwJTIwJTIwJTIwJTIwem9vbSUzQSUyMDElMkMlMEElMjAlMjAlMjAlMjAlN0QlMEElMjAlMjAlMjklM0IlMEElN0QlMEElM0MlMkZzY3JpcHQlM0UlMEElMEElM0NzdHlsZSUzRSUwQWh0bWwlMkMlMEFib2R5JTIwJTdCJTBBJTIwJTIwaGVpZ2h0JTNBJTIwMTAwJTI1JTNCJTBBJTIwJTIwbWFyZ2luJTNBJTIwMCUzQiUwQSUyMCUyMHBhZGRpbmclM0ElMjAwJTNCJTBBJTdEJTBBJTBBJTIzc3RyZWV0LXZpZXclMjAlN0IlMEElMjAlMjBoZWlnaHQlM0ElMjAyNTBweCUzQiUwQSU3RCUwQSUzQyUyRnN0eWxlJTNF[\/vc_raw_html][vc_empty_space empty_h=\u00a0\u00bb1&Prime;][vc_custom_heading heading_semantic=\u00a0\u00bbh3&Prime; text_size=\u00a0\u00bbh3&Prime; uncode_shortcode_id=\u00a0\u00bb432716&Prime;]Contactez-nous[\/vc_custom_heading][vc_raw_html]JTNDdWwlMjBjbGFzcyUzRCUyMmNvbnRhY3RpY29ubGlua3MlMjIlM0UlMEElM0NsaSUzRSUzQ2ElMjBocmVmJTNEJTIydGVsJTNBMDAzMjkyNzM5NzU2JTIyJTNFJTNDc3BhbiUyMGNsYXNzJTNEJTIydGhlaWNvbiUyMiUzRSUyNiUyM3hlOTA3JTNCJTNDJTJGc3BhbiUzRSUzQ3NwYW4lMjBjbGFzcyUzRCUyMnRoZXRleHQlMjIlM0UlMkIzMiUyMCUyODAlMjk5JTIwMjczJTIwOTclMjA1NiUzQyUyRnNwYW4lM0UlM0MlMkZhJTNFJTNDJTJGbGklM0UlMEElM0NsaSUzRSUzQ2ElMjBocmVmJTNEJTIybWFpbHRvJTNBaW5mbyU0MHZvc3RhYmxlcy5iZSUyMiUyMHRhcmdldCUzRCUyMl9ibGFuayUyMiUyMHJlbCUzRCUyMm5vb3BlbmVyJTIyJTNFJTNDc3BhbiUyMGNsYXNzJTNEJTIydGhlaWNvbiUyMiUzRSUyNiUyM3hlOTBiJTNCJTNDJTJGc3BhbiUzRSUzQ3NwYW4lMjBjbGFzcyUzRCUyMnRoZXRleHQlMjIlM0VpbmZvJTQwdm9zdGFibGVzLmJlJTNDJTJGc3BhbiUzRSUzQyUyRmElM0UlM0MlMkZsaSUzRSUwQSUzQ2xpJTNFJTNDYSUyMGhyZWYlM0QlMjJodHRwcyUzQSUyRiUyRnd3dy5nb29nbGUuYmUlMkZtYXBzJTJGZGlyJTJGJTJGQmFyb24lMkJWYW4lMkJMb29sYWFuJTJCOCUyQyUyQjk5NDAlMkJFdmVyZ2VtJTJGJTQwNTEuMTI5NDc0OCUyQzMuNzQ4NDMlMkMxN3olMkZkYXRhJTNEJTIxNG05JTIxNG04JTIxMW0wJTIxMW01JTIxMW0xJTIxMXMweDQ3YzM3OWY4MWIzMGMxYzklM0EweGFjNzYyODhkODVjNTFiOGYlMjEybTIlMjExZDMuNzUwNjE4NyUyMTJkNTEuMTI5NDcxNSUyMTNlMCUyMiUyMHRhcmdldCUzRCUyMl9ibGFuayUyMiUyMHJlbCUzRCUyMm5vb3BlbmVyJTIyJTNFJTNDc3BhbiUyMGNsYXNzJTNEJTIydGhlaWNvbiUyMiUzRSUyNiUyM3hlOTA2JTNCJTNDJTJGc3BhbiUzRSUzQ3NwYW4lMjBjbGFzcyUzRCUyMnRoZXRleHQlMjIlM0VCYXJvbiUyMFZhbiUyMExvb2xhYW4lMjA4QyUzQ2JyJTNFOTk0MCUyMEV2ZXJnZW0lM0NiciUzRUJlbGdpcXVlJTNDJTJGc3BhbiUzRSUzQyUyRmElM0UlM0MlMkZsaSUzRSUwQSUzQyUyRnVsJTNF[\/vc_raw_html][\/vc_column][\/vc_row][vc_row][vc_column width=\u00a0\u00bb1\/1&Prime;][vc_gmaps latlon=\u00a0\u00bb51.12599071734825, 3.7490434847984697&Prime; map_color=\u00a0\u00bbcolor-269362&Prime; ui_color=\u00a0\u00bbcolor-269362&Prime; zoom=\u00a0\u00bb14&Prime; map_saturation=\u00a0\u00bb-20&Prime; map_brightness=\u00a0\u00bb5&Prime; uncode_shortcode_id=\u00a0\u00bb201988&Prime; address=\u00a0\u00bbBaron Van Loolaan 8C, 9940 Evergem\u00a0\u00bb map_color_type=\u00a0\u00bbuncode-palette\u00a0\u00bb ui_color_type=\u00a0\u00bbuncode-palette\u00a0\u00bb][\/vc_column][\/vc_row][vc_row][vc_column width=\u00a0\u00bb1\/1&Prime;][uncode_block id=\u00a0\u00bb928&Prime;][\/vc_column][\/vc_row]<\/p>\n<\/div>","protected":false},"excerpt":{"rendered":"<p>[vc_row row_height_percent=\u00a0\u00bb0&Prime; overlay_alpha=\u00a0\u00bb50&Prime; gutter_size=\u00a0\u00bb3&Prime; column_width_percent=\u00a0\u00bb100&Prime; shift_y=\u00a0\u00bb0&Prime; z_index=\u00a0\u00bb0&Prime; uncode_shortcode_id=\u00a0\u00bb151892&Prime; el_id=\u00a0\u00bbfoldpage\u00a0\u00bb][vc_column width=\u00a0\u00bb1\/1&Prime;][vc_custom_heading heading_semantic=\u00a0\u00bbh1&Prime; text_size=\u00a0\u00bbh1&Prime; uncode_shortcode_id=\u00a0\u00bb207326&Prime;]Contact[\/vc_custom_heading][\/vc_column][\/vc_row][vc_row][vc_column width=\u00a0\u00bb1\/2&Prime;][vc_custom_heading uncode_shortcode_id=\u00a0\u00bb868385&Prime;]Comment nous rejoindre[\/vc_custom_heading][vc_column_text uncode_shortcode_id=\u00a0\u00bb208409&Prime;]Nous sommes accessibles [&hellip;]<\/p>\n","protected":false},"author":1,"featured_media":0,"parent":0,"menu_order":0,"comment_status":"closed","ping_status":"closed","template":"","meta":{"_acf_changed":false,"footnotes":""},"class_list":["post-865","page","type-page","status-publish","hentry"],"acf":[],"_links":{"self":[{"href":"https:\/\/www.vostables.com\/fr\/wp-json\/wp\/v2\/pages\/865","targetHints":{"allow":["GET"]}}],"collection":[{"href":"https:\/\/www.vostables.com\/fr\/wp-json\/wp\/v2\/pages"}],"about":[{"href":"https:\/\/www.vostables.com\/fr\/wp-json\/wp\/v2\/types\/page"}],"author":[{"embeddable":true,"href":"https:\/\/www.vostables.com\/fr\/wp-json\/wp\/v2\/users\/1"}],"replies":[{"embeddable":true,"href":"https:\/\/www.vostables.com\/fr\/wp-json\/wp\/v2\/comments?post=865"}],"version-history":[{"count":13,"href":"https:\/\/www.vostables.com\/fr\/wp-json\/wp\/v2\/pages\/865\/revisions"}],"predecessor-version":[{"id":5397,"href":"https:\/\/www.vostables.com\/fr\/wp-json\/wp\/v2\/pages\/865\/revisions\/5397"}],"wp:attachment":[{"href":"https:\/\/www.vostables.com\/fr\/wp-json\/wp\/v2\/media?parent=865"}],"curies":[{"name":"wp","href":"https:\/\/api.w.org\/{rel}","templated":true}]}}