{"id":890,"date":"2022-03-07T20:16:37","date_gmt":"2022-03-07T18:16:37","guid":{"rendered":"https:\/\/vostables.be\/?page_id=890"},"modified":"2022-03-07T20:16:37","modified_gmt":"2022-03-07T18:16:37","slug":"politique-de-confidentialite","status":"publish","type":"page","link":"https:\/\/www.vostables.com\/fr\/politique-de-confidentialite\/","title":{"rendered":"Politique de confidentialit\u00e9"},"content":{"rendered":"<div class=\"wpb-content-wrapper\"><p>[vc_row][vc_column width=\u00a0\u00bb1\/1&Prime;][vc_empty_space empty_h=\u00a0\u00bb2&Prime;][vc_custom_heading]Politique de Confidentialit\u00e9[\/vc_custom_heading][vc_column_text uncode_shortcode_id=\u00a0\u00bb587472&Prime;]Date de prise d&rsquo;effet: Septembre 01, 2021<\/p>\n<p>Vostables (\u00ab\u00a0nous\u00a0\u00bb, \u00ab\u00a0notre\u00a0\u00bb, \u00ab\u00a0nos\u00a0\u00bb) exploite le site web https:\/\/vostables.be (ci-apr\u00e8s d\u00e9sign\u00e9 par le terme \u00ab\u00a0Service\u00a0\u00bb).<\/p>\n<p>Cette page vous explique nos politiques en mati\u00e8re de collecte, d&rsquo;utilisation et de communication des donn\u00e9es \u00e0 caract\u00e8re personnel lorsque vous utilisez notre Service ainsi que les choix qui s&rsquo;offrent \u00e0 vous en ce qui concerne ces donn\u00e9es.<\/p>\n<p>Nous utilisons vos donn\u00e9es pour fournir et am\u00e9liorer le Service. En utilisant le Service, vous consentez \u00e0 la collecte et \u00e0 l&rsquo;utilisation d&rsquo;informations conform\u00e9ment \u00e0 la pr\u00e9sente politique. Sauf d\u00e9finition contraire dans la pr\u00e9sente Politique de Confidentialit\u00e9, les termes utilis\u00e9s dans la pr\u00e9sente Politique de Confidentialit\u00e9 ont la m\u00eame signification que dans nos Conditions G\u00e9n\u00e9rales qui sont disponibles sur https:\/\/vostables.be<\/p>\n<h2>D\u00e9finitions<\/h2>\n<ul>\n<li><strong>Service <\/strong>Par Service on entend le site web https:\/\/vostables.be exploit\u00e9 par Vostables<\/li>\n<li><strong>Donn\u00e9es \u00e0 caract\u00e8re personnel <\/strong>Donn\u00e9es \u00e0 Caract\u00e8re Personnel d\u00e9signe des donn\u00e9es concernant un individu vivant qui peut \u00eatre identifi\u00e9 \u00e0 partir de ces donn\u00e9es (ou \u00e0 partir de ces donn\u00e9es et d&rsquo;autres informations en notre possession ou susceptibles d&rsquo;entrer en notre possession).<\/li>\n<li><strong>Donn\u00e9es d&rsquo;Utilisation <\/strong>Les Donn\u00e9es d&rsquo;Utilisation sont recueillies automatiquement et sont g\u00e9n\u00e9r\u00e9es soit par l&rsquo;utilisation du Service, soit par l&rsquo;infrastructure du Service proprement dite (par exemple, dur\u00e9e de consultation d&rsquo;une page).<\/li>\n<li><strong>Cookies <\/strong>Les cookies sont de petits fichiers enregistr\u00e9s sur votre dispositif (ordinateur ou dispositif mobile).<\/li>\n<\/ul>\n<h2>Collecte et utilisation des donn\u00e9es<\/h2>\n<p>Nous recueillons plusieurs types de donn\u00e9es \u00e0 diff\u00e9rentes fins en vue de vous fournir notre Service et de l&rsquo;am\u00e9liorer.<\/p>\n<h3>Types de donn\u00e9es recueillies<\/h3>\n<h4>Donn\u00e9es \u00e0 Caract\u00e8re Personnel<\/h4>\n<p>Lorsque vous utilisez notre Service, il est possible que nous vous demandions de nous fournir certaines donn\u00e9es personnelles nominatives qui peuvent servir \u00e0 vous contacter ou \u00e0 vous identifier (\u00ab\u00a0Donn\u00e9es \u00e0 Caract\u00e8re Personnel\u00a0\u00bb). Les donn\u00e9es personnelles nominatives peuvent comprendre, mais de mani\u00e8re non limitative:<\/p>\n<ul>\n<li>Adresse e-mail<\/li>\n<li>Pr\u00e9nom et nom de famille<\/li>\n<li>Cookies et Donn\u00e9es d&rsquo;Utilisation<\/li>\n<\/ul>\n<h4>Donn\u00e9es d&rsquo;Utilisation<\/h4>\n<p>Nous pouvons \u00e9galement recueillir des informations relatives au mode d&rsquo;acc\u00e8s et d&rsquo;utilisation du Service (\u00ab\u00a0Donn\u00e9es d&rsquo;Utilisation\u00a0\u00bb). Ces Donn\u00e9es d&rsquo;Utilisation peuvent comprendre des informations telles que l&rsquo;adresse de protocole Internet (c.-\u00e0-d. l&rsquo;adresse IP) de votre ordinateur, le type de navigateur, la version du navigateur, les pages de notre Service que vous consultez, la date et l&rsquo;heure de votre visite, le temps pass\u00e9 sur ces pages, les identifiants uniques de dispositifs ainsi que d&rsquo;autres donn\u00e9es de diagnostic.<\/p>\n<h4>Suivi et donn\u00e9es de cookies<\/h4>\n<p>Nous avons recours \u00e0 des cookies et \u00e0 d&rsquo;autres technologies de suivi similaires pour effectuer un suivi des activit\u00e9s effectu\u00e9es dans notre Service, et nous conservons certaines informations.<\/p>\n<p>Les cookies sont des fichiers \u00e0 faible volume de donn\u00e9es pouvant comporter un identifiant unique anonyme. Les cookies sont envoy\u00e9s \u00e0 votre navigateur depuis un site web et sont stock\u00e9s sur votre dispositif. D&rsquo;autres technologies de suivi telles que les pixels, les balises et les scripts sont \u00e9galement utilis\u00e9es pour recueillir et suivre des informations et afin d&rsquo;am\u00e9liorer et d&rsquo;analyser notre Service.<\/p>\n<p>Vous pouvez demander \u00e0 votre navigateur de refuser tous les cookies ou de vous avertir lorsqu&rsquo;un cookie est envoy\u00e9. Toutefois, si vous n&rsquo;acceptez pas les cookies, il se peut que vous ne puissiez pas utiliser certains \u00e9l\u00e9ments de notre Service.<\/p>\n<p>Exemples de cookies que nous utilisons :<\/p>\n<ul>\n<li><strong>Cookies de Session.<\/strong> Nous utilisons des Cookies de Session pour faire fonctionner notre Service.<\/li>\n<li><strong>Cookies de Pr\u00e9f\u00e9rences.<\/strong> Nous utilisons des Cookies de Pr\u00e9f\u00e9rences pour m\u00e9moriser vos pr\u00e9f\u00e9rences et vos diff\u00e9rents param\u00e8tres.<\/li>\n<li><strong>Cookies de S\u00e9curit\u00e9.<\/strong> Nous utilisons des Cookies de S\u00e9curit\u00e9 pour des raisons de s\u00e9curit\u00e9.<\/li>\n<\/ul>\n<h2>Utilisation des donn\u00e9es<\/h2>\n<p>Vostables utilise les donn\u00e9es recueillies \u00e0 des fins diverses:<\/p>\n<ul>\n<li>Pour fournir et assurer notre Service<\/li>\n<li>Pour vous faire part des changements apport\u00e9s \u00e0 notre Service<\/li>\n<li>Pour vous permettre d&rsquo;utiliser les fonctions interactives de notre Service quand vous le souhaitez<\/li>\n<li>Pour assurer l&rsquo;assistance client<\/li>\n<li>Pour recueillir des donn\u00e9es pr\u00e9cieuses ou d&rsquo;analyses qui nous permettront d&rsquo;am\u00e9liorer notre Service<\/li>\n<li>Pour contr\u00f4ler l&rsquo;utilisation de notre Service<\/li>\n<li>Pour d\u00e9tecter, pr\u00e9venir et r\u00e9gler les probl\u00e8mes techniques<\/li>\n<\/ul>\n<h2>Transfert des donn\u00e9es<\/h2>\n<p>Les informations vous concernant, notamment vos Donn\u00e9es \u00e0 Caract\u00e8re Personnel, peuvent \u00eatre transf\u00e9r\u00e9es de votre r\u00e9gion, province, pays, ou autre division territoriale vers des ordinateurs \u2013 et stock\u00e9es sur ces derniers \u2013 situ\u00e9s \u00e0 un endroit o\u00f9 la l\u00e9gislation relative \u00e0 la protection des donn\u00e9es diff\u00e8re de celle du territoire o\u00f9 vous r\u00e9sidez.<\/p>\n<p>Si vous r\u00e9sidez hors de\/du Belgium et que vous choisissez de nous communiquer des informations, sachez que nous transf\u00e9rons les donn\u00e9es, y compris les Donn\u00e9es \u00e0 Caract\u00e8re Personnel, vers le\/la Belgium et que nous les y traitons.<\/p>\n<p>En acceptant la pr\u00e9sente Politique de Confidentialit\u00e9 puis en soumettant ces informations, vous consentez \u00e0 ce transfert.<\/p>\n<p>Vostables prendra toutes les mesures raisonnablement n\u00e9cessaires pour faire en sorte que vos donn\u00e9es soient trait\u00e9es de mani\u00e8re s\u00e9curis\u00e9e et conform\u00e9ment \u00e0 la pr\u00e9sente Politique de Confidentialit\u00e9 et vos Donn\u00e9es \u00e0 Caract\u00e8re Personnel ne seront transf\u00e9r\u00e9es vers aucune organisation ni aucun pays \u00e0 moins que des contr\u00f4les ad\u00e9quats ne soient en place, notamment en ce qui concerne la s\u00e9curit\u00e9 de vos donn\u00e9es et d&rsquo;autres donn\u00e9es personnelles.<\/p>\n<h2>Communication de donn\u00e9es<\/h2>\n<h3>Exigences l\u00e9gales<\/h3>\n<p>Vostables peut communiquer vos Donn\u00e9es \u00e0 Caract\u00e8re Personnel si elle estime de bonne foi que cela est n\u00e9cessaire pour:<\/p>\n<ul>\n<li>S&rsquo;acquitter d&rsquo;une obligation l\u00e9gale<\/li>\n<li>Prot\u00e9ger et d\u00e9fendre les droits ou les biens de Vostables<\/li>\n<li>Pr\u00e9venir d&rsquo;\u00e9ventuels actes r\u00e9pr\u00e9hensibles ou enqu\u00eater sur de tels actes dans le cadre du Service<\/li>\n<li>Assurer la s\u00e9curit\u00e9 personnelle des utilisateurs du Service ou du public<\/li>\n<li>Se prot\u00e9ger contre la responsabilit\u00e9 civile<\/li>\n<\/ul>\n<h2>S\u00e9curit\u00e9 des donn\u00e9es<\/h2>\n<p>La s\u00e9curit\u00e9 de vos donn\u00e9es nous tient \u00e0 c\u0153ur. Toutefois, n&rsquo;oubliez pas qu&rsquo;aucune m\u00e9thode de transmission de donn\u00e9es par Internet ou m\u00e9thode de stockage \u00e9lectronique n&rsquo;est s\u00fbre \u00e0 100 %. Bien que nous nous efforcions d&rsquo;utiliser des m\u00e9thodes commercialement acceptables pour prot\u00e9ger vos Donn\u00e9es \u00e0 Caract\u00e8re Personnel, nous ne pouvons pas leur garantir une s\u00e9curit\u00e9 absolue.<\/p>\n<h2>Prestataires de services<\/h2>\n<p>Nous pouvons faire appel \u00e0 des soci\u00e9t\u00e9s tierces et \u00e0 des tierces personnes pour faciliter la prestation de notre Service (\u00ab\u00a0Prestataires de Services\u00a0\u00bb), assurer le Service en notre nom, assurer des services li\u00e9s au Service ou nous aider \u00e0 analyser la fa\u00e7on dont notre Service est utilis\u00e9.<\/p>\n<p>Ces tiers n&rsquo;ont acc\u00e8s \u00e0 vos Donn\u00e9es \u00e0 Caract\u00e8re Personnel que pour effectuer ces t\u00e2ches en notre nom et il leur est interdit de les communiquer ou de les utiliser \u00e0 quelle qu&rsquo;autre fin.<\/p>\n<h3>Analyses<\/h3>\n<p>Nous pouvons faire appel \u00e0 des Prestataires de Services tiers pour surveiller et analyser l&rsquo;utilisation de notre Service.<\/p>\n<ul>\n<li><strong>Google Analytics<\/strong>Google Analytics est un service d&rsquo;analyse web propos\u00e9 par Google qui assure le suivi du trafic d&rsquo;un site web et en rend compte. Google utilise les donn\u00e9es recueillies pour suivre et surveiller l&rsquo;utilisation de notre Service. Ces donn\u00e9es sont partag\u00e9es avec d&rsquo;autres services Google. Google peut utiliser les donn\u00e9es recueillies pour contextualiser et personnaliser les annonces de son propre r\u00e9seau publicitaire.Vous pouvez emp\u00eacher que vos activit\u00e9s dans le cadre du Service ne soient mises \u00e0 la disposition de Google Analytics en installant le plug-in pour navigateur Analytics Opt out browser add-on de Google Analytics. Ce plug-in emp\u00eache le code JavaScript de Google Analytics JavaScript (ga.js, analytics.js et dc.js) de partager les informations concernant les activit\u00e9s li\u00e9es aux visites avec Google Analytics.Pour plus de pr\u00e9cisions sur les pratiques de confidentialit\u00e9 de Google, merci de consulter la page web Protection de la vie priv\u00e9e et conditions de Google: <a href=\"https:\/\/policies.google.com\/privacy?hl=en\" target=\"_blank\" rel=\"noopener\">https:\/\/policies.google.com\/privacy?hl=en<\/a><\/li>\n<\/ul>\n<h2>Liens pointant vers d&rsquo;autres sites<\/h2>\n<p>Il se peut que notre Service contienne des liens pointant vers d&rsquo;autres sites que nous n&rsquo;exploitons pas. Si vous cliquez sur un lien de tiers, vous serez redirig\u00e9 vers le site de ce tiers. Nous vous recommandons vivement d&rsquo;examiner la politique de confidentialit\u00e9 de chacun des sites que vous consultez.<\/p>\n<p>Nous n&rsquo;avons aucun contr\u00f4le sur le contenu, les politiques ou pratiques de confidentialit\u00e9 des sites ou services de tiers et d\u00e9clinons toute responsabilit\u00e9 en ce qui les concerne.<\/p>\n<h2>Vie priv\u00e9e des enfants<\/h2>\n<p>Notre Service ne s&rsquo;adresse pas aux personnes de moins de 18 ans (\u00ab\u00a0Enfants\u00a0\u00bb).<\/p>\n<p>Nous ne recueillons pas sciemment de donn\u00e9es personnelles nominatives aupr\u00e8s de personnes de moins de 18 ans. Si vous \u00eates un parent ou un tuteur et que vous savez que votre Enfant nous a communiqu\u00e9 des Donn\u00e9es \u00e0 Caract\u00e8re Personnel, veuillez nous contacter. Si nous apprenons que nous avons recueilli des Donn\u00e9es \u00e0 Caract\u00e8re Personnel aupr\u00e8s d&rsquo;enfants sans v\u00e9rifier s&rsquo;il y a consentement parental, nous faisons le n\u00e9cessaire pour supprimer ces informations de nos serveurs.<\/p>\n<h2>Modifications de la pr\u00e9sente Politique de Confidentialit\u00e9<\/h2>\n<p>Nous nous r\u00e9servons le droit d&rsquo;actualiser notre Politique de Confidentialit\u00e9 de temps \u00e0 autre. Nous vous informerons de toute modification en publiant la nouvelle Politique de Confidentialit\u00e9 sur cette page.<\/p>\n<p>Avant que la modification ne prenne effet, nous vous en informerons par e-mail et\/ ou en pla\u00e7ant un avis bien en vue dans notre Service et nous actualiserons la \u00ab\u00a0date de prise d&rsquo;effet\u00a0\u00bb qui figure en haut de la pr\u00e9sente Politique de Confidentialit\u00e9.<\/p>\n<p>Nous vous conseillons de consulter la pr\u00e9sente Politique de Confidentialit\u00e9 p\u00e9riodiquement pour prendre connaissance de toute modification. Les modifications apport\u00e9es \u00e0 la pr\u00e9sente Politique de Confidentialit\u00e9 prennent effet lorsqu&rsquo;elles sont publi\u00e9es sur cette page.<\/p>\n<h2>Nous contacter<\/h2>\n<p>Pour toute question relative \u00e0 la pr\u00e9sente Politique de Confidentialit\u00e9, veuillez nous contacter:<\/p>\n<ul>\n<li>Par courrier \u00e9lectronique: info@vostables.be<\/li>\n<\/ul>\n<p>[\/vc_column_text][vc_empty_space empty_h=\u00a0\u00bb2&Prime;][\/vc_column][\/vc_row]<\/p>\n<\/div>","protected":false},"excerpt":{"rendered":"<p>[vc_row][vc_column width=\u00a0\u00bb1\/1&Prime;][vc_empty_space empty_h=\u00a0\u00bb2&Prime;][vc_custom_heading]Politique de Confidentialit\u00e9[\/vc_custom_heading][vc_column_text uncode_shortcode_id=\u00a0\u00bb587472&Prime;]Date de prise d&rsquo;effet: Septembre 01, 2021 Vostables (\u00ab\u00a0nous\u00a0\u00bb, \u00ab\u00a0notre\u00a0\u00bb, \u00ab\u00a0nos\u00a0\u00bb) exploite le site web [&hellip;]<\/p>\n","protected":false},"author":1,"featured_media":0,"parent":0,"menu_order":0,"comment_status":"closed","ping_status":"open","template":"","meta":{"_acf_changed":false,"footnotes":""},"class_list":["post-890","page","type-page","status-publish","hentry"],"acf":[],"_links":{"self":[{"href":"https:\/\/www.vostables.com\/fr\/wp-json\/wp\/v2\/pages\/890","targetHints":{"allow":["GET"]}}],"collection":[{"href":"https:\/\/www.vostables.com\/fr\/wp-json\/wp\/v2\/pages"}],"about":[{"href":"https:\/\/www.vostables.com\/fr\/wp-json\/wp\/v2\/types\/page"}],"author":[{"embeddable":true,"href":"https:\/\/www.vostables.com\/fr\/wp-json\/wp\/v2\/users\/1"}],"replies":[{"embeddable":true,"href":"https:\/\/www.vostables.com\/fr\/wp-json\/wp\/v2\/comments?post=890"}],"version-history":[{"count":2,"href":"https:\/\/www.vostables.com\/fr\/wp-json\/wp\/v2\/pages\/890\/revisions"}],"predecessor-version":[{"id":892,"href":"https:\/\/www.vostables.com\/fr\/wp-json\/wp\/v2\/pages\/890\/revisions\/892"}],"wp:attachment":[{"href":"https:\/\/www.vostables.com\/fr\/wp-json\/wp\/v2\/media?parent=890"}],"curies":[{"name":"wp","href":"https:\/\/api.w.org\/{rel}","templated":true}]}}