{"id":895,"date":"2022-03-07T20:22:56","date_gmt":"2022-03-07T18:22:56","guid":{"rendered":"https:\/\/vostables.be\/?page_id=895"},"modified":"2022-03-07T20:22:56","modified_gmt":"2022-03-07T18:22:56","slug":"politique-de-retour","status":"publish","type":"page","link":"https:\/\/www.vostables.com\/fr\/politique-de-retour\/","title":{"rendered":"Politique de retour"},"content":{"rendered":"<div class=\"wpb-content-wrapper\"><p>[vc_row][vc_column width=\u00a0\u00bb1\/1&Prime;][vc_custom_heading heading_semantic=\u00a0\u00bbh1&Prime; text_size=\u00a0\u00bbh1&Prime; uncode_shortcode_id=\u00a0\u00bb286586&Prime;]Politique de retour[\/vc_custom_heading][\/vc_column][\/vc_row][vc_row][vc_column width=\u00a0\u00bb2\/3&Prime;][vc_column_text uncode_shortcode_id=\u00a0\u00bb136198&Prime;]<\/p>\n<h3><strong>Combien de temps puis-je demander un retour ?<\/strong><\/h3>\n<p>Si vous souhaitez retourner une commande, vous pouvez le faire dans les 14 jours apr\u00e8s &lsquo;achat.<\/p>\n<p>Pour ce faire, veuillez envoyer un e-mail \u00e0 <a href=\"mailto:info@vostables.be\" target=\"_blank\" rel=\"noopener\">info@vostables.be<\/a> ou nous contacter au <a href=\"tel:003292739756\">09 273 97 56<\/a> et indiquer clairement la raison pour laquelle vous souhaitez retourner la commande.<\/p>\n<h3><strong>Comment fonctionne un retour ?<\/strong><\/h3>\n<p>Un bon de retour sera \u00e9mis par e-mail. Ce n&rsquo;est qu&rsquo;apr\u00e8s avoir re\u00e7u ce bon de retour que vous pourrez renvoyer votre commande.<br \/>\nImprimez ce bon et l&#8217;emporter avec vous.<\/p>\n<p>Les produits doivent \u00eatre rapport\u00e9s par l&rsquo;acheteur dans leur \u00e9tat d&rsquo;origine.<\/p>\n<p>Les frais de retour sont \u00e0 la charge de l&rsquo;acheteur.<\/p>\n<h3><strong>Combien de temps prend un retour ?<\/strong><\/h3>\n<ul>\n<li>Belgique : 14 jours<\/li>\n<li>Pays-Bas : 14 jours.<\/li>\n<\/ul>\n<p>[\/vc_column_text][vc_empty_space][\/vc_column][vc_column column_width_percent=\u00a0\u00bb100&Prime; gutter_size=\u00a0\u00bb2&Prime; back_color=\u00a0\u00bbcolor-266757&Prime; overlay_alpha=\u00a0\u00bb50&Prime; shift_x=\u00a0\u00bb0&Prime; shift_y=\u00a0\u00bb0&Prime; shift_y_down=\u00a0\u00bb0&Prime; z_index=\u00a0\u00bb0&Prime; medium_width=\u00a0\u00bb0&Prime; mobile_width=\u00a0\u00bb0&Prime; css_animation=\u00a0\u00bbright-t-left\u00a0\u00bb sticky=\u00a0\u00bbyes\u00a0\u00bb width=\u00a0\u00bb1\/3&Prime; uncode_shortcode_id=\u00a0\u00bb147484&Prime; back_color_type=\u00a0\u00bbuncode-palette\u00a0\u00bb][vc_single_image media=\u00a0\u00bb510&Prime; media_width_percent=\u00a0\u00bb10&Prime; uncode_shortcode_id=\u00a0\u00bb140722&Prime;][vc_custom_heading heading_semantic=\u00a0\u00bbh3&Prime; text_size=\u00a0\u00bbh3&Prime; uncode_shortcode_id=\u00a0\u00bb110818&Prime;]Contact[\/vc_custom_heading][vc_column_text uncode_shortcode_id=\u00a0\u00bb186825&Prime;]Vous avez des questions sur nos produits ou vous avez besoin d&rsquo;aide pour choisir des options? N&rsquo;h\u00e9sitez pas \u00e0 nous contacter, nous aimerions vous aider![\/vc_column_text][vc_button button_color=\u00a0\u00bbcolor-269362&Prime; hover_fx=\u00a0\u00bbfull-colored\u00a0\u00bb custom_typo=\u00a0\u00bbyes\u00a0\u00bb font_family=\u00a0\u00bbfont-107488&Prime; font_weight=\u00a0\u00bb700&Prime; text_transform=\u00a0\u00bbuppercase\u00a0\u00bb border_width=\u00a0\u00bb0&Prime; uncode_shortcode_id=\u00a0\u00bb150196&Prime; button_color_type=\u00a0\u00bbuncode-palette\u00a0\u00bb link=\u00a0\u00bburl:https%3A%2F%2Fvostables.be%2Fcontact%2F|title:Contact\u00a0\u00bb]En savoir plus[\/vc_button][\/vc_column][\/vc_row]<\/p>\n<\/div>","protected":false},"excerpt":{"rendered":"<p>[vc_row][vc_column width=\u00a0\u00bb1\/1&Prime;][vc_custom_heading heading_semantic=\u00a0\u00bbh1&Prime; text_size=\u00a0\u00bbh1&Prime; uncode_shortcode_id=\u00a0\u00bb286586&Prime;]Politique de retour[\/vc_custom_heading][\/vc_column][\/vc_row][vc_row][vc_column width=\u00a0\u00bb2\/3&Prime;][vc_column_text uncode_shortcode_id=\u00a0\u00bb136198&Prime;] Combien de temps puis-je demander un retour ? Si vous souhaitez [&hellip;]<\/p>\n","protected":false},"author":1,"featured_media":0,"parent":0,"menu_order":0,"comment_status":"closed","ping_status":"closed","template":"","meta":{"_acf_changed":false,"footnotes":""},"class_list":["post-895","page","type-page","status-publish","hentry"],"acf":[],"_links":{"self":[{"href":"https:\/\/www.vostables.com\/fr\/wp-json\/wp\/v2\/pages\/895","targetHints":{"allow":["GET"]}}],"collection":[{"href":"https:\/\/www.vostables.com\/fr\/wp-json\/wp\/v2\/pages"}],"about":[{"href":"https:\/\/www.vostables.com\/fr\/wp-json\/wp\/v2\/types\/page"}],"author":[{"embeddable":true,"href":"https:\/\/www.vostables.com\/fr\/wp-json\/wp\/v2\/users\/1"}],"replies":[{"embeddable":true,"href":"https:\/\/www.vostables.com\/fr\/wp-json\/wp\/v2\/comments?post=895"}],"version-history":[{"count":2,"href":"https:\/\/www.vostables.com\/fr\/wp-json\/wp\/v2\/pages\/895\/revisions"}],"predecessor-version":[{"id":897,"href":"https:\/\/www.vostables.com\/fr\/wp-json\/wp\/v2\/pages\/895\/revisions\/897"}],"wp:attachment":[{"href":"https:\/\/www.vostables.com\/fr\/wp-json\/wp\/v2\/media?parent=895"}],"curies":[{"name":"wp","href":"https:\/\/api.w.org\/{rel}","templated":true}]}}