{"id":1352,"date":"2022-06-30T16:53:07","date_gmt":"2022-06-30T14:53:07","guid":{"rendered":"https:\/\/vostables.be\/?post_type=product&#038;p=1352"},"modified":"2025-11-02T16:15:01","modified_gmt":"2025-11-02T14:15:01","slug":"bouteille-anti-eclaboussures-5l","status":"publish","type":"product","link":"https:\/\/www.vostables.com\/fr\/produit\/bouteille-anti-eclaboussures-5l\/","title":{"rendered":"Bouteille anti-\u00e9claboussures 5l"},"content":{"rendered":"","protected":false},"excerpt":{"rendered":"<p>Rechargez votre bouteille de spray anti-\u00e9claboussures avec ce spray anti-\u00e9claboussures de 5l.<\/p>\n<p>Emp\u00eache les billes de soudure de coller \u00e0 votre table de soudure. Gr\u00e2ce au spray anti-\u00e9claboussures, les billes de soudure ne br\u00fblent pas sur la surface de la table de soudure.<\/p>\n","protected":false},"featured_media":1452,"comment_status":"closed","ping_status":"closed","template":"","meta":{"_acf_changed":false},"product_brand":[],"product_cat":[80],"product_tag":[],"class_list":{"0":"post-1352","1":"product","2":"type-product","3":"status-publish","4":"has-post-thumbnail","6":"product_cat-des-accessoires","8":"first","9":"instock","10":"taxable","11":"shipping-taxable","12":"purchasable","13":"product-type-simple"},"acf":[],"wcpa_form_fields":null,"_links":{"self":[{"href":"https:\/\/www.vostables.com\/fr\/wp-json\/wp\/v2\/product\/1352","targetHints":{"allow":["GET"]}}],"collection":[{"href":"https:\/\/www.vostables.com\/fr\/wp-json\/wp\/v2\/product"}],"about":[{"href":"https:\/\/www.vostables.com\/fr\/wp-json\/wp\/v2\/types\/product"}],"replies":[{"embeddable":true,"href":"https:\/\/www.vostables.com\/fr\/wp-json\/wp\/v2\/comments?post=1352"}],"wp:featuredmedia":[{"embeddable":true,"href":"https:\/\/www.vostables.com\/fr\/wp-json\/wp\/v2\/media\/1452"}],"wp:attachment":[{"href":"https:\/\/www.vostables.com\/fr\/wp-json\/wp\/v2\/media?parent=1352"}],"wp:term":[{"taxonomy":"product_brand","embeddable":true,"href":"https:\/\/www.vostables.com\/fr\/wp-json\/wp\/v2\/product_brand?post=1352"},{"taxonomy":"product_cat","embeddable":true,"href":"https:\/\/www.vostables.com\/fr\/wp-json\/wp\/v2\/product_cat?post=1352"},{"taxonomy":"product_tag","embeddable":true,"href":"https:\/\/www.vostables.com\/fr\/wp-json\/wp\/v2\/product_tag?post=1352"}],"curies":[{"name":"wp","href":"https:\/\/api.w.org\/{rel}","templated":true}]}}