{"id":2909,"date":"2024-11-25T11:57:51","date_gmt":"2024-11-25T09:57:51","guid":{"rendered":"https:\/\/vostables.be\/?post_type=product&#038;p=2909"},"modified":"2025-07-01T14:23:27","modified_gmt":"2025-07-01T12:23:27","slug":"chariot-a-outils","status":"publish","type":"product","link":"https:\/\/www.vostables.com\/fr\/produit\/chariot-a-outils\/","title":{"rendered":"Chariot \u00e0 outils"},"content":{"rendered":"<div class=\"wpb-content-wrapper\"><p>[vc_row][vc_column width=\u00a0\u00bb1\/1&Prime;][vc_gallery el_id=\u00a0\u00bbgallery-138648&Prime; type=\u00a0\u00bbcss_grid\u00a0\u00bb medias=\u00a0\u00bb2888,2893,2890,2894&Prime; screen_lg_items=\u00a0\u00bb2&Prime; screen_lg_breakpoint=\u00a0\u00bb1000&Prime; screen_md_items=\u00a0\u00bb2&Prime; screen_md_breakpoint=\u00a0\u00bb600&Prime; screen_sm_items=\u00a0\u00bb1&Prime; screen_sm_breakpoint=\u00a0\u00bb480&Prime; gutter_size=\u00a0\u00bb3&Prime; single_overlay_opacity=\u00a0\u00bb10&Prime; single_padding=\u00a0\u00bb2&Prime; single_border=\u00a0\u00bbyes\u00a0\u00bb lbox_social=\u00a0\u00bbyes\u00a0\u00bb lbox_full=\u00a0\u00bbyes\u00a0\u00bb lbox_download=\u00a0\u00bbyes\u00a0\u00bb uncode_shortcode_id=\u00a0\u00bb131788&Prime;][\/vc_column][\/vc_row]<\/p>\n<\/div>","protected":false},"excerpt":{"rendered":"<p>Avec notre chariot \u00e0 outils pratique, vous avez toujours vos outils et accessoires \u00e0 port\u00e9e de main.<\/p>\n<ul>\n<li>Le chariot \u00e0 outils est \u00e9quip\u00e9 de 4 r<strong>oulettes pivotantes<\/strong> en caoutchouc avec frein.<\/li>\n<li>Le chariot est facile \u00e0 manipuler, ce qui vous permet de <strong>le d\u00e9placer<\/strong> et de le verrouiller ais\u00e9ment.<\/li>\n<li><strong>Les dimensions<\/strong> sont 100 cm de haut, 90 cm de large et 50 cm de profondeur et dispose de trois plateaux.<\/li>\n<li>La plateau centrale est \u00e9galement r\u00e9glable en hauteur.<\/li>\n<li>Le chariot est livr\u00e9 en <strong>pi\u00e8ces d\u00e9tach\u00e9es<\/strong> avec les \u00e9l\u00e9ments de fixation n\u00e9cessaires.<\/li>\n<li>Chariot \u00e0 outils <strong>excluant les outils<\/strong> &#8211; photo illustrant une disposition possible.<\/li>\n<\/ul>\n","protected":false},"featured_media":2910,"comment_status":"closed","ping_status":"closed","template":"","meta":{"_acf_changed":false},"product_brand":[],"product_cat":[80],"product_tag":[268],"class_list":{"0":"post-2909","1":"product","2":"type-product","3":"status-publish","4":"has-post-thumbnail","6":"product_cat-des-accessoires","7":"product_tag-samen-met-fr","8":"wcpa_has_options","10":"first","11":"instock","12":"taxable","13":"shipping-taxable","14":"purchasable","15":"product-type-simple"},"acf":[],"wcpa_form_fields":{"wcpaData":{"product":{"product_price":395,"price_html":"<ins class=\"h3\"><span class=\"woocommerce-Price-amount amount\"><bdi><span class=\"woocommerce-Price-currencySymbol\">&euro;<\/span>395,00<\/bdi><\/span> <small class=\"woocommerce-price-suffix\">ex. TVA<\/small><\/ins>","original_product_price":395,"price_including_tax":477.95,"price_excluding_tax":395,"product_id":{"parent":2909,"variation":false},"is_variable":false,"stock_status":"instock","stock_quantity":null,"parent_sku":"","product_attributes":[],"custom_fields":[],"is_taxable":true,"product_name":"Chariot \u00e0 outils","hasImage":false},"fields":{"sec_365ae4d3b88ea3":{"extra":{"key":"sec_365ae4d3b88ea3","section_id":"sec_365ae4d3b88ea3","name":"Default","status":1,"cl_rule":"show","enableCl":false,"relations":[],"toggle":true,"title_tag":"h3","show_title":false,"showPrice":"default","form_id":1000,"form_rules":{"exclude_from_discount":false,"fee_label":"Kost","disp_hide_options_price":false,"disp_show_section_price":false,"disp_show_field_price":true,"layout_option":"standard","pric_use_as_fee":false,"process_fee_as":"woo_fee"},"layout_option":"standard"},"fields":[[{"type":"select","elementId":"wcpa-select-1632497916478","label":"des trous de diam\u00e8tre","priceOptions":"different_for_all","pricingType":"fixed","name":"select-1632497916478","cl_rule":"show","col":6,"values":[{"label":"16 mm","value":"16mm","price":"","pimage":"","pimage_id":"","pthumb":"","gt_translate_keys":["label"]},{"label":"20 mm","value":"20mm","price":"","pimage":"","pimage_id":"","pthumb":"","selected":true,"gt_translate_keys":["label"]},{"label":"28 mm","value":"28mm","price":"","pimage":"","pimage_id":"","pthumb":"","gt_translate_keys":["label"]}],"relations":false,"active":true,"tooltip":"","dropdown_type":"basic","error":false,"gt_translate_keys":["label","tooltip"],"price_dependency":false,"cl_dependency":false,"value":""}]]}},"config":{"price_override":"","enable_recaptcha":false,"bind_quantity":false,"quantity_bind_formula":false,"disp_summ_show_option_price":true,"disp_summ_show_product_price":true,"disp_summ_show_total_price":true,"disp_summ_show_fee":false,"disp_summ_show_discount":false,"summary_title":"","options_total_label":"Options de prix","total_label":"Total","options_product_label":"Prix du produit","fee_label":"Kost","discount_label":"Discount","has_price":true,"has_quantity_formula":false},"mc_unit":1,"tax_rate":1,"tax_rate_real":0.21,"discount":{"percentage":0,"fixed":0},"design":{"conf":{"LabelPosition":"above","DescPosition":"above","UploadField":"custom_1","QuantityFieldStyle":"default"},"css":{"LeftLabelWidth":"120px"}},"formulas":[],"lookuptables":[],"clones":false,"cartKey":false}},"_links":{"self":[{"href":"https:\/\/www.vostables.com\/fr\/wp-json\/wp\/v2\/product\/2909","targetHints":{"allow":["GET"]}}],"collection":[{"href":"https:\/\/www.vostables.com\/fr\/wp-json\/wp\/v2\/product"}],"about":[{"href":"https:\/\/www.vostables.com\/fr\/wp-json\/wp\/v2\/types\/product"}],"replies":[{"embeddable":true,"href":"https:\/\/www.vostables.com\/fr\/wp-json\/wp\/v2\/comments?post=2909"}],"wp:featuredmedia":[{"embeddable":true,"href":"https:\/\/www.vostables.com\/fr\/wp-json\/wp\/v2\/media\/2910"}],"wp:attachment":[{"href":"https:\/\/www.vostables.com\/fr\/wp-json\/wp\/v2\/media?parent=2909"}],"wp:term":[{"taxonomy":"product_brand","embeddable":true,"href":"https:\/\/www.vostables.com\/fr\/wp-json\/wp\/v2\/product_brand?post=2909"},{"taxonomy":"product_cat","embeddable":true,"href":"https:\/\/www.vostables.com\/fr\/wp-json\/wp\/v2\/product_cat?post=2909"},{"taxonomy":"product_tag","embeddable":true,"href":"https:\/\/www.vostables.com\/fr\/wp-json\/wp\/v2\/product_tag?post=2909"}],"curies":[{"name":"wp","href":"https:\/\/api.w.org\/{rel}","templated":true}]}}