{"id":3897,"date":"2025-04-15T14:00:35","date_gmt":"2025-04-15T12:00:35","guid":{"rendered":"https:\/\/vostables.be\/product\/bankschroef\/"},"modified":"2025-11-02T15:52:32","modified_gmt":"2025-11-02T13:52:32","slug":"vice","status":"publish","type":"product","link":"https:\/\/www.vostables.com\/fr\/produit\/vice\/","title":{"rendered":"\u00c9tau"},"content":{"rendered":"<div class=\"wpb-content-wrapper\"><p>[vc_row][vc_column width=\u00a0\u00bb1\/2&Prime;][vc_gallery el_id=\u00a0\u00bbgallery-257001&Prime; type=\u00a0\u00bbcss_grid\u00a0\u00bb medias=\u00a0\u00bb3200&Prime; grid_items=\u00a0\u00bb1&Prime; screen_lg_items=\u00a0\u00bb1&Prime; screen_lg_breakpoint=\u00a0\u00bb1000&Prime; screen_md_items=\u00a0\u00bb1&Prime; screen_md_breakpoint=\u00a0\u00bb600&Prime; screen_sm_items=\u00a0\u00bb1&Prime; screen_sm_breakpoint=\u00a0\u00bb480&Prime; gutter_size=\u00a0\u00bb3&Prime; media_items=\u00a0\u00bbmedia|lightbox|original\u00a0\u00bb css_grid_images_size=\u00a0\u00bbthree-four\u00a0\u00bb single_overlay_opacity=\u00a0\u00bb1&Prime; single_padding=\u00a0\u00bb2&Prime; single_border=\u00a0\u00bbyes\u00a0\u00bb uncode_shortcode_id=\u00a0\u00bb838432&Prime;][\/vc_column][vc_column width=\u00a0\u00bb1\/2&Prime;][vc_column_text uncode_shortcode_id=\u00a0\u00bb100753&Prime; el_class=\u00a0\u00bbchecklist\u00a0\u00bb]<\/p>\n<h3>Dimensions<\/h3>\n<p>165 mm de largeur x 405 mm de longueur x 180 mm de hauteur<\/p>\n<ul>\n<li>Largeur des m\u00e2choires : 120 mm<\/li>\n<li>Profondeur de serrage : 82,5 mm<\/li>\n<li>Largeur de serrage : 145 mm<\/li>\n<\/ul>\n<p>[\/vc_column_text][\/vc_column][\/vc_row]<\/p>\n<\/div>","protected":false},"excerpt":{"rendered":"<ul>\n<li>Parfaitement adaptable sur notre <a href=\"https:\/\/vostables.be\/product\/schroefbank-tafel\/\">table porte-\u00e9tau<\/a><\/li>\n<li>Fabriqu\u00e9 en acier forg\u00e9<\/li>\n<li>\u00c9quip\u00e9 de m\u00e2choires de serrage stri\u00e9es<\/li>\n<li>Guidage r\u00e9glable avec pr\u00e9cision<\/li>\n<li>Grande surface d&rsquo;enclume et largeur de serrage extra large.<\/li>\n<\/ul>\n","protected":false},"featured_media":3196,"comment_status":"closed","ping_status":"closed","template":"","meta":{"_acf_changed":false},"product_brand":[],"product_cat":[80],"product_tag":[],"class_list":{"0":"post-3897","1":"product","2":"type-product","3":"status-publish","4":"has-post-thumbnail","6":"product_cat-des-accessoires","8":"first","9":"instock","10":"taxable","11":"shipping-taxable","12":"purchasable","13":"product-type-simple"},"acf":[],"wcpa_form_fields":null,"_links":{"self":[{"href":"https:\/\/www.vostables.com\/fr\/wp-json\/wp\/v2\/product\/3897","targetHints":{"allow":["GET"]}}],"collection":[{"href":"https:\/\/www.vostables.com\/fr\/wp-json\/wp\/v2\/product"}],"about":[{"href":"https:\/\/www.vostables.com\/fr\/wp-json\/wp\/v2\/types\/product"}],"replies":[{"embeddable":true,"href":"https:\/\/www.vostables.com\/fr\/wp-json\/wp\/v2\/comments?post=3897"}],"wp:featuredmedia":[{"embeddable":true,"href":"https:\/\/www.vostables.com\/fr\/wp-json\/wp\/v2\/media\/3196"}],"wp:attachment":[{"href":"https:\/\/www.vostables.com\/fr\/wp-json\/wp\/v2\/media?parent=3897"}],"wp:term":[{"taxonomy":"product_brand","embeddable":true,"href":"https:\/\/www.vostables.com\/fr\/wp-json\/wp\/v2\/product_brand?post=3897"},{"taxonomy":"product_cat","embeddable":true,"href":"https:\/\/www.vostables.com\/fr\/wp-json\/wp\/v2\/product_cat?post=3897"},{"taxonomy":"product_tag","embeddable":true,"href":"https:\/\/www.vostables.com\/fr\/wp-json\/wp\/v2\/product_tag?post=3897"}],"curies":[{"name":"wp","href":"https:\/\/api.w.org\/{rel}","templated":true}]}}