{"id":5869,"date":"2025-10-02T11:36:51","date_gmt":"2025-10-02T09:36:51","guid":{"rendered":"https:\/\/vostables.be\/product\/serre-joint-fixe-standard\/"},"modified":"2025-12-11T17:20:51","modified_gmt":"2025-12-11T15:20:51","slug":"serre-joint-fixe-standard","status":"publish","type":"product","link":"https:\/\/www.vostables.com\/fr\/produit\/serre-joint-fixe-standard\/","title":{"rendered":"Serre-joint fixe standard"},"content":{"rendered":"","protected":false},"excerpt":{"rendered":"<ul>\n<li>Ce serre-joint fixe s&rsquo;adapte parfaitement \u00e0 la table de soudure et aux outils.<\/li>\n<li>Pourvue d&rsquo;une poign\u00e9e en haut.<\/li>\n<li>Le serre-joint est r\u00e9glable au moyen de la bague de r\u00e9glage et peut \u00eatre ajust\u00e9 en hauteur.<\/li>\n<li>Dimensions : 300x150mm<\/li>\n<\/ul>\n","protected":false},"featured_media":4685,"comment_status":"closed","ping_status":"closed","template":"","meta":{"_acf_changed":false},"product_brand":[],"product_cat":[317],"product_tag":[],"class_list":{"0":"post-5869","1":"product","2":"type-product","3":"status-publish","4":"has-post-thumbnail","6":"product_cat-accessoires-premium","8":"first","9":"instock","10":"taxable","11":"shipping-taxable","12":"purchasable","13":"product-type-simple"},"acf":[],"wcpa_form_fields":null,"_links":{"self":[{"href":"https:\/\/www.vostables.com\/fr\/wp-json\/wp\/v2\/product\/5869","targetHints":{"allow":["GET"]}}],"collection":[{"href":"https:\/\/www.vostables.com\/fr\/wp-json\/wp\/v2\/product"}],"about":[{"href":"https:\/\/www.vostables.com\/fr\/wp-json\/wp\/v2\/types\/product"}],"replies":[{"embeddable":true,"href":"https:\/\/www.vostables.com\/fr\/wp-json\/wp\/v2\/comments?post=5869"}],"wp:featuredmedia":[{"embeddable":true,"href":"https:\/\/www.vostables.com\/fr\/wp-json\/wp\/v2\/media\/4685"}],"wp:attachment":[{"href":"https:\/\/www.vostables.com\/fr\/wp-json\/wp\/v2\/media?parent=5869"}],"wp:term":[{"taxonomy":"product_brand","embeddable":true,"href":"https:\/\/www.vostables.com\/fr\/wp-json\/wp\/v2\/product_brand?post=5869"},{"taxonomy":"product_cat","embeddable":true,"href":"https:\/\/www.vostables.com\/fr\/wp-json\/wp\/v2\/product_cat?post=5869"},{"taxonomy":"product_tag","embeddable":true,"href":"https:\/\/www.vostables.com\/fr\/wp-json\/wp\/v2\/product_tag?post=5869"}],"curies":[{"name":"wp","href":"https:\/\/api.w.org\/{rel}","templated":true}]}}