{"id":5875,"date":"2025-10-02T13:35:57","date_gmt":"2025-10-02T11:35:57","guid":{"rendered":"https:\/\/vostables.be\/product\/serre-joint-standard-avec-poignee-serrage-lateral\/"},"modified":"2025-12-11T17:19:24","modified_gmt":"2025-12-11T15:19:24","slug":"serre-joint-standard-avec-poignee-serrage-lateral","status":"publish","type":"product","link":"https:\/\/www.vostables.com\/fr\/produit\/serre-joint-standard-avec-poignee-serrage-lateral\/","title":{"rendered":"Serre-joint standard avec poign\u00e9e &#8211; serrage lat\u00e9ral"},"content":{"rendered":"","protected":false},"excerpt":{"rendered":"<ul>\n<li>Ce serrage standard s&rsquo;adapte parfaitement \u00e0 la table de soudure et aux outils.<\/li>\n<li>\u00c9quip\u00e9 d&rsquo;une poign\u00e9e lat\u00e9rale.<\/li>\n<li>La pince est r\u00e9glable au moyen de la bague de r\u00e9glage et peut \u00eatre ajust\u00e9e en hauteur et en profondeur.<\/li>\n<li>Dimensions : 300x150mm<\/li>\n<\/ul>\n","protected":false},"featured_media":4697,"comment_status":"closed","ping_status":"closed","template":"","meta":{"_acf_changed":false},"product_brand":[],"product_cat":[317],"product_tag":[330,331,332],"class_list":{"0":"post-5875","1":"product","2":"type-product","3":"status-publish","4":"has-post-thumbnail","6":"product_cat-accessoires-premium","7":"product_tag-paquet-3-premium","8":"product_tag-paquet-4-premium","9":"product_tag-paquet-5-premium","11":"first","12":"instock","13":"taxable","14":"shipping-taxable","15":"purchasable","16":"product-type-simple"},"acf":[],"wcpa_form_fields":null,"_links":{"self":[{"href":"https:\/\/www.vostables.com\/fr\/wp-json\/wp\/v2\/product\/5875","targetHints":{"allow":["GET"]}}],"collection":[{"href":"https:\/\/www.vostables.com\/fr\/wp-json\/wp\/v2\/product"}],"about":[{"href":"https:\/\/www.vostables.com\/fr\/wp-json\/wp\/v2\/types\/product"}],"replies":[{"embeddable":true,"href":"https:\/\/www.vostables.com\/fr\/wp-json\/wp\/v2\/comments?post=5875"}],"wp:featuredmedia":[{"embeddable":true,"href":"https:\/\/www.vostables.com\/fr\/wp-json\/wp\/v2\/media\/4697"}],"wp:attachment":[{"href":"https:\/\/www.vostables.com\/fr\/wp-json\/wp\/v2\/media?parent=5875"}],"wp:term":[{"taxonomy":"product_brand","embeddable":true,"href":"https:\/\/www.vostables.com\/fr\/wp-json\/wp\/v2\/product_brand?post=5875"},{"taxonomy":"product_cat","embeddable":true,"href":"https:\/\/www.vostables.com\/fr\/wp-json\/wp\/v2\/product_cat?post=5875"},{"taxonomy":"product_tag","embeddable":true,"href":"https:\/\/www.vostables.com\/fr\/wp-json\/wp\/v2\/product_tag?post=5875"}],"curies":[{"name":"wp","href":"https:\/\/api.w.org\/{rel}","templated":true}]}}