{"id":5884,"date":"2025-09-11T11:27:11","date_gmt":"2025-09-11T09:27:11","guid":{"rendered":"https:\/\/vostables.be\/product\/regle-de-butee-moyenne\/"},"modified":"2025-11-02T15:42:11","modified_gmt":"2025-11-02T13:42:11","slug":"regle-de-butee-moyenne","status":"publish","type":"product","link":"https:\/\/www.vostables.com\/fr\/produit\/regle-de-butee-moyenne\/","title":{"rendered":"R\u00e8gle de but\u00e9e moyenne"},"content":{"rendered":"","protected":false},"excerpt":{"rendered":"<ul>\n<li>Accessoire id\u00e9al pour positionner vos pi\u00e8ces.<\/li>\n<li>La r\u00e8gle de but\u00e9e est \u00e9quip\u00e9e d&rsquo;une rainure de 225 mm et de 5 trous.<\/li>\n<li>La but\u00e9e de r\u00e9f\u00e9rence se fixe facilement \u00e0 l&rsquo;aide de boulons \u00e0 serrage rapide.<\/li>\n<li>Dimensions : 500 x 50 mm<\/li>\n<li>\u00c9paisseur&nbsp;: 25&nbsp;mm<\/li>\n<\/ul>\n","protected":false},"featured_media":4832,"comment_status":"closed","ping_status":"closed","template":"","meta":{"_acf_changed":false},"product_brand":[],"product_cat":[317],"product_tag":[332],"class_list":{"0":"post-5884","1":"product","2":"type-product","3":"status-publish","4":"has-post-thumbnail","6":"product_cat-accessoires-premium","7":"product_tag-paquet-5-premium","9":"first","10":"instock","11":"taxable","12":"shipping-taxable","13":"purchasable","14":"product-type-simple"},"acf":[],"wcpa_form_fields":null,"_links":{"self":[{"href":"https:\/\/www.vostables.com\/fr\/wp-json\/wp\/v2\/product\/5884","targetHints":{"allow":["GET"]}}],"collection":[{"href":"https:\/\/www.vostables.com\/fr\/wp-json\/wp\/v2\/product"}],"about":[{"href":"https:\/\/www.vostables.com\/fr\/wp-json\/wp\/v2\/types\/product"}],"replies":[{"embeddable":true,"href":"https:\/\/www.vostables.com\/fr\/wp-json\/wp\/v2\/comments?post=5884"}],"wp:featuredmedia":[{"embeddable":true,"href":"https:\/\/www.vostables.com\/fr\/wp-json\/wp\/v2\/media\/4832"}],"wp:attachment":[{"href":"https:\/\/www.vostables.com\/fr\/wp-json\/wp\/v2\/media?parent=5884"}],"wp:term":[{"taxonomy":"product_brand","embeddable":true,"href":"https:\/\/www.vostables.com\/fr\/wp-json\/wp\/v2\/product_brand?post=5884"},{"taxonomy":"product_cat","embeddable":true,"href":"https:\/\/www.vostables.com\/fr\/wp-json\/wp\/v2\/product_cat?post=5884"},{"taxonomy":"product_tag","embeddable":true,"href":"https:\/\/www.vostables.com\/fr\/wp-json\/wp\/v2\/product_tag?post=5884"}],"curies":[{"name":"wp","href":"https:\/\/api.w.org\/{rel}","templated":true}]}}