{"id":5892,"date":"2025-09-30T09:17:11","date_gmt":"2025-09-30T07:17:11","guid":{"rendered":"https:\/\/vostables.be\/product\/table-de-soudage-premium-extra-large\/"},"modified":"2025-12-11T16:27:06","modified_gmt":"2025-12-11T14:27:06","slug":"table-de-soudure-premium-extra-large","status":"publish","type":"product","link":"https:\/\/www.vostables.com\/fr\/produit\/table-de-soudure-premium-extra-large\/","title":{"rendered":"Table de soudure Premium &#8211; Extra large"},"content":{"rendered":"<div class=\"wpb-content-wrapper\"><p>[vc_row][vc_column width=\u00a0\u00bb1\/1&Prime;][uncode_block id=\u00a0\u00bb6740&Prime;][\/vc_column][\/vc_row]<\/p>\n<\/div>","protected":false},"excerpt":{"rendered":"<ul>\n<li>Dimensions de la table de soudure : 3000x1500x200mm<\/li>\n<li>\u00c9paisseur de la table de soudure : 25mm<\/li>\n<li>Poids :\n<ul>\n<li>1 360 kg (trous 100&#215;100)<\/li>\n<li>1 280 kg (trous 50x50mm)<\/li>\n<\/ul>\n<\/li>\n<li>Table de soudure frais\u00e9e, tremp\u00e9e et nitrur\u00e9e<\/li>\n<li>Hauteur de travail :\n<ul>\n<li>pieds 890mm tot 940mm<\/li>\n<li>roues 930mm<\/li>\n<\/ul>\n<\/li>\n<li>Trous : \u00d8 28mm\n<ul>\n<li>carr\u00e9 100x100mm<\/li>\n<li>diagonal 50x50mm<\/li>\n<\/ul>\n<\/li>\n<li>Gravure de ligne : 100x100mm entre les trous<\/li>\n<li>R\u00e8gle sur les 4 c\u00f4t\u00e9s en mm<\/li>\n<\/ul>\n","protected":false},"featured_media":4274,"comment_status":"closed","ping_status":"closed","template":"","meta":{"_acf_changed":false},"product_brand":[],"product_cat":[311],"product_tag":[],"class_list":{"0":"post-5892","1":"product","2":"type-product","3":"status-publish","4":"has-post-thumbnail","6":"product_cat-tables-de-soudure-premium","7":"wcpa_has_options","9":"first","10":"instock","11":"taxable","12":"shipping-taxable","13":"purchasable","14":"product-type-simple"},"acf":[],"wcpa_form_fields":{"wcpaData":{"product":{"product_price":5395,"price_html":"<ins class=\"h3\"><span class=\"woocommerce-Price-amount amount\"><bdi><span class=\"woocommerce-Price-currencySymbol\">&euro;<\/span>5395,00<\/bdi><\/span> <small class=\"woocommerce-price-suffix\">ex. TVA<\/small><\/ins>","original_product_price":5395,"price_including_tax":6527.95,"price_excluding_tax":5395,"product_id":{"parent":5892,"variation":false},"is_variable":false,"stock_status":"instock","stock_quantity":null,"parent_sku":"","product_attributes":[],"custom_fields":[],"is_taxable":true,"product_name":"Table de soudure Premium - Extra large","hasImage":false},"fields":{"sec_868fb790bd5c86":{"extra":{"key":"sec_868fb790bd5c86","section_id":"sec_868fb790bd5c86","name":"Default","status":1,"cl_rule":"show","enableCl":false,"relations":[],"toggle":true,"title_tag":"h3","show_title":false,"showPrice":"default","form_id":5853,"form_rules":{"exclude_from_discount":false,"fee_label":"Kost","disp_hide_options_price":false,"disp_show_section_price":false,"disp_show_field_price":true,"layout_option":"standard","pric_use_as_fee":false,"process_fee_as":"woo_fee"},"layout_option":"standard"},"fields":[[{"active":true,"col":6,"relations":[{"operator":false,"rules":[{"operator":"AND","rules":{"cl_field":"","cl_relation":"","cl_val":""}}]}],"cl_rule":"show","enableCl":false,"price":"","enablePrice":false,"className":"","label_position":"default","desc_position":"default","type":"select","required":false,"elementId":"select_068fb790bd5cc0","label":" ","name":"select_068fb790bd5cc0","values":[{"label":"1000mm x 1000mm x 200mm (340kg)","value":"lastafel klein premium NL","selected":false,"tempId":"aco_80","gt_translate_keys":["label"]},{"label":"2000mm x 1000mm x 200mm (600kg)","value":"lastafel middel premium NL","selected":false,"tempId":"aco_81","gt_translate_keys":["label"]},{"label":"2400mm x 1200mm x 200mm (860kg)","value":"lastafel groot premium NL","selected":false,"tempId":"aco_82","gt_translate_keys":["label"]},{"label":"3000mm x 1500mm x 200mm (1360kg)","value":"lastafel extra groot premium NL","selected":true,"tempId":"aco_362","gt_translate_keys":["label"]},{"label":"4000mm x 2000mm x 200mm (2.400kg)","value":"lastafel XXL premium NL","selected":false,"tempId":"aco_145","gt_translate_keys":["label"]}],"dropdown_type":"basic","error":false,"isWeightTemplate":false,"isTemplate":false,"min_quantity":"1","quantity_decimal":false,"quantity_step":"1","quantity_label":"Quantity","repeater_field_label":"{field_label}","repeater_bind":"","description":"Dimensions du plateau","gt_translate_keys":["label","description","repeater_field_label","quantity_label"],"price_dependency":false,"cl_dependency":false,"value":""}]]},"sec_1068d67f3d78ed5":{"extra":{"key":"sec_1068d67f3d78ed5","section_id":"sec_1068d67f3d78ed5","name":"Default","status":1,"cl_rule":"show","enableCl":false,"relations":[],"toggle":true,"title_tag":"h3","show_title":false,"showPrice":"default","form_id":5860,"form_rules":{"exclude_from_discount":false,"fee_label":"Kost","disp_hide_options_price":false,"disp_show_section_price":false,"disp_show_field_price":true,"layout_option":"standard","pric_use_as_fee":false,"process_fee_as":"woo_fee"},"layout_option":"standard"},"fields":[[{"label":"Mod\u00e8le de trou","active":true,"required":true,"elementId":"image-group_568d67f3d78f18","tooltip":"<a href=\"https:\/\/vostables.be\/fr\/trous-supplementaires\/\" class=\"lastafeltooltip\">Plus d'informations peuvent \u00eatre trouv\u00e9es ici<\/a>","name":"image-group_568d67f3d78f18","enablePrice":true,"relations":false,"layOut":"inline","other_text":"Other","disp_size_img":{"width":"150","height":""},"enable_popup":"no","disp_type":"square","img_selection_type":"outline","values":[{"label":"100x100mm","price":"0","image":"https:\/\/vostables.be\/wp-content\/uploads\/2025\/09\/Gatenpatroon-stabdaard-premium.jpg","image_id":4376,"thumb":"https:\/\/vostables.be\/wp-content\/uploads\/2025\/09\/Gatenpatroon-stabdaard-premium-150x150.jpg","value":"0","tempId":"aco_29","selected":true,"thumb_src":"https:\/\/vostables.be\/wp-content\/uploads\/2025\/09\/Gatenpatroon-stabdaard-premium-300x203.jpg","gt_translate_keys":["label"]},{"label":"Diagonale 50x50mm","price":"455","image":"https:\/\/vostables.be\/wp-content\/uploads\/2025\/09\/Gatenpatroon-dubbel-premium.jpg","image_id":4380,"thumb":"https:\/\/vostables.be\/wp-content\/uploads\/2025\/09\/Gatenpatroon-dubbel-premium-150x150.jpg","selected":false,"value":"1","tempId":"aco_30","thumb_src":"https:\/\/vostables.be\/wp-content\/uploads\/2025\/09\/Gatenpatroon-dubbel-premium-300x203.jpg","gt_translate_keys":["label"]}],"priceOptions":"different_for_all","pricingType":"fixed","price":0,"cl_rule":"show","col":6,"type":"image-group","error":false,"hideImageIn_cart":true,"hideImageIn_order":true,"hideImageIn_email":true,"isWeightTemplate":false,"isTemplate":false,"img_preview_disable_mobile":true,"min_quantity":"1","quantity_decimal":false,"quantity_step":"1","quantity_label":"Quantity","repeater_field_label":"{field_label}","repeater_bind":"","gt_translate_keys":["label","tooltip","repeater_field_label","quantity_label"],"price_dependency":false,"cl_dependency":false,"value":""}],[{"type":"image-group","required":true,"label":"Ch\u00e2ssis","elementId":"image-group_468d67f3d78f1e","inline":true,"enablePrice":true,"priceOptions":"different_for_all","pricingType":"fixed","disp_size_img":{"width":"150","height":""},"enable_popup":"no","name":"image-group_468d67f3d78f1e","hideImageIn_cart":true,"hideImageIn_order":true,"hideImageIn_email":true,"disp_type":"square","img_selection_type":"outline","other_text":"Other","cl_rule":"show","col":6,"values":[{"label":"6 pieds r\u00e9glables ","price":"0","image":"https:\/\/vostables.be\/wp-content\/uploads\/2025\/09\/poten-premiumx2-1.jpg","image_id":4388,"thumb":"https:\/\/vostables.be\/wp-content\/uploads\/2025\/09\/poten-premiumx2-1-150x150.jpg","selected":true,"value":"0","tempId":"aco_153","thumb_src":"https:\/\/vostables.be\/wp-content\/uploads\/2025\/09\/poten-premiumx2-1-300x203.jpg","gt_translate_keys":["label"]},{"label":"6 Roulettes r\u00e9glables","price":"390","image":"https:\/\/vostables.be\/wp-content\/uploads\/2025\/09\/wielen-premiumx2.jpg","image_id":4372,"thumb":"https:\/\/vostables.be\/wp-content\/uploads\/2025\/09\/wielen-premiumx2-150x150.jpg","value":"2","tempId":"aco_154","thumb_src":"https:\/\/vostables.be\/wp-content\/uploads\/2025\/09\/wielen-premiumx2-300x203.jpg","gt_translate_keys":["label"]}],"relations":false,"price":0,"active":true,"tooltip":"","layOut":"inline","error":false,"isWeightTemplate":false,"isTemplate":false,"img_preview_disable_mobile":true,"min_quantity":"1","quantity_decimal":false,"quantity_step":"1","quantity_label":"Quantity","repeater_field_label":"{field_label}","repeater_bind":"","gt_translate_keys":["label","tooltip","repeater_field_label","quantity_label"],"price_dependency":false,"cl_dependency":false,"value":""}]]}},"config":{"price_override":"","enable_recaptcha":false,"bind_quantity":false,"quantity_bind_formula":false,"disp_summ_show_option_price":true,"disp_summ_show_product_price":true,"disp_summ_show_total_price":true,"disp_summ_show_fee":false,"disp_summ_show_discount":false,"summary_title":"","options_total_label":"Options de prix","total_label":"Total","options_product_label":"Prix du produit","fee_label":"Kost","discount_label":"Discount","has_price":true,"has_quantity_formula":false},"mc_unit":1,"tax_rate":1,"tax_rate_real":0.21,"discount":{"percentage":0,"fixed":0},"design":{"conf":{"LabelPosition":"above","DescPosition":"above","UploadField":"custom_1","QuantityFieldStyle":"default"},"css":{"LeftLabelWidth":"120px"}},"formulas":[],"lookuptables":[],"clones":false,"cartKey":false}},"_links":{"self":[{"href":"https:\/\/www.vostables.com\/fr\/wp-json\/wp\/v2\/product\/5892","targetHints":{"allow":["GET"]}}],"collection":[{"href":"https:\/\/www.vostables.com\/fr\/wp-json\/wp\/v2\/product"}],"about":[{"href":"https:\/\/www.vostables.com\/fr\/wp-json\/wp\/v2\/types\/product"}],"replies":[{"embeddable":true,"href":"https:\/\/www.vostables.com\/fr\/wp-json\/wp\/v2\/comments?post=5892"}],"wp:featuredmedia":[{"embeddable":true,"href":"https:\/\/www.vostables.com\/fr\/wp-json\/wp\/v2\/media\/4274"}],"wp:attachment":[{"href":"https:\/\/www.vostables.com\/fr\/wp-json\/wp\/v2\/media?parent=5892"}],"wp:term":[{"taxonomy":"product_brand","embeddable":true,"href":"https:\/\/www.vostables.com\/fr\/wp-json\/wp\/v2\/product_brand?post=5892"},{"taxonomy":"product_cat","embeddable":true,"href":"https:\/\/www.vostables.com\/fr\/wp-json\/wp\/v2\/product_cat?post=5892"},{"taxonomy":"product_tag","embeddable":true,"href":"https:\/\/www.vostables.com\/fr\/wp-json\/wp\/v2\/product_tag?post=5892"}],"curies":[{"name":"wp","href":"https:\/\/api.w.org\/{rel}","templated":true}]}}