{"id":5893,"date":"2025-09-12T11:32:47","date_gmt":"2025-09-12T09:32:47","guid":{"rendered":"https:\/\/vostables.be\/product\/boulon-de-serrage-magnetique\/"},"modified":"2025-09-12T11:32:47","modified_gmt":"2025-09-12T09:32:47","slug":"boulon-de-serrage-magnetique","status":"publish","type":"product","link":"https:\/\/www.vostables.com\/fr\/produit\/boulon-de-serrage-magnetique\/","title":{"rendered":"Boulon de serrage magn\u00e9tique"},"content":{"rendered":"","protected":false},"excerpt":{"rendered":"<ul>\n<li>Le boulon de serrage magn\u00e9tique maintient fermement les pi\u00e8ces en place pendant le positionnement et le serrage.<\/li>\n<li>Gr\u00e2ce \u00e0 l&rsquo;aimant int\u00e9gr\u00e9, le boulon reste stable dans le trou d&rsquo;ouverture de la table ou l&rsquo;accessoire.<\/li>\n<li>Longueur totale : 70 mm<\/li>\n<li>Serrage de l&rsquo;aimant : 25 mm<\/li>\n<\/ul>\n","protected":false},"featured_media":4626,"comment_status":"closed","ping_status":"closed","template":"","meta":{"_acf_changed":false},"product_brand":[],"product_cat":[317],"product_tag":[330,331,332],"class_list":{"0":"post-5893","1":"product","2":"type-product","3":"status-publish","4":"has-post-thumbnail","6":"product_cat-accessoires-premium","7":"product_tag-paquet-3-premium","8":"product_tag-paquet-4-premium","9":"product_tag-paquet-5-premium","11":"first","12":"instock","13":"taxable","14":"shipping-taxable","15":"purchasable","16":"product-type-simple"},"acf":[],"wcpa_form_fields":null,"_links":{"self":[{"href":"https:\/\/www.vostables.com\/fr\/wp-json\/wp\/v2\/product\/5893","targetHints":{"allow":["GET"]}}],"collection":[{"href":"https:\/\/www.vostables.com\/fr\/wp-json\/wp\/v2\/product"}],"about":[{"href":"https:\/\/www.vostables.com\/fr\/wp-json\/wp\/v2\/types\/product"}],"replies":[{"embeddable":true,"href":"https:\/\/www.vostables.com\/fr\/wp-json\/wp\/v2\/comments?post=5893"}],"wp:featuredmedia":[{"embeddable":true,"href":"https:\/\/www.vostables.com\/fr\/wp-json\/wp\/v2\/media\/4626"}],"wp:attachment":[{"href":"https:\/\/www.vostables.com\/fr\/wp-json\/wp\/v2\/media?parent=5893"}],"wp:term":[{"taxonomy":"product_brand","embeddable":true,"href":"https:\/\/www.vostables.com\/fr\/wp-json\/wp\/v2\/product_brand?post=5893"},{"taxonomy":"product_cat","embeddable":true,"href":"https:\/\/www.vostables.com\/fr\/wp-json\/wp\/v2\/product_cat?post=5893"},{"taxonomy":"product_tag","embeddable":true,"href":"https:\/\/www.vostables.com\/fr\/wp-json\/wp\/v2\/product_tag?post=5893"}],"curies":[{"name":"wp","href":"https:\/\/api.w.org\/{rel}","templated":true}]}}