{"id":5902,"date":"2025-09-13T11:39:33","date_gmt":"2025-09-13T09:39:33","guid":{"rendered":"https:\/\/vostables.be\/product\/boulon-de-serrage-rapide-a-bride\/"},"modified":"2025-12-11T17:22:56","modified_gmt":"2025-12-11T15:22:56","slug":"boulon-de-serrage-rapide-a-bride","status":"publish","type":"product","link":"https:\/\/www.vostables.com\/fr\/produit\/boulon-de-serrage-rapide-a-bride\/","title":{"rendered":"Boulon de serrage rapide \u00e0 bride"},"content":{"rendered":"","protected":false},"excerpt":{"rendered":"<ul>\n<li>Le boulon de serrage rapide est \u00e9quip\u00e9 d&rsquo;une bride sup\u00e9rieure et de grandes billes pour un serrage optimal de votre pi\u00e8ce sur la table de soudure.<\/li>\n<li>Le boulon se fixe facilement et rapidement en tournant la t\u00eate.<\/li>\n<li>Ce boulon n&rsquo;est pas adapt\u00e9 pour la fixation de poutres en U ou d&rsquo;attaches lourdes.<\/li>\n<li>Compatible pour le serrage sur la table de soudure et les outils de 25 mm d&rsquo;\u00e9paisseur.<\/li>\n<li>Disponible en :\n<ul>\n<li><strong>50 mm :<\/strong> Convient pour fixer un outil de 25 mm d&rsquo;\u00e9paisseur sur une table de soudure de 25 mm d&rsquo;\u00e9paisseur.<\/li>\n<li><strong>75 mm :<\/strong> Convient pour fixer deux outils de 25 mm d&rsquo;\u00e9paisseur sur une table de soudure de 25 mm d&rsquo;\u00e9paisseur.<\/li>\n<\/ul>\n<\/li>\n<li>Pour tables de soudure avec trous \u230028 mm<\/li>\n<\/ul>\n","protected":false},"featured_media":6657,"comment_status":"closed","ping_status":"closed","template":"","meta":{"_acf_changed":false},"product_brand":[],"product_cat":[317],"product_tag":[330,331,332,333,334],"class_list":{"0":"post-5902","1":"product","2":"type-product","3":"status-publish","4":"has-post-thumbnail","6":"product_cat-accessoires-premium","7":"product_tag-paquet-3-premium","8":"product_tag-paquet-4-premium","9":"product_tag-paquet-5-premium","10":"product_tag-paquet-1-premium","11":"product_tag-paquet-2-premium","13":"first","14":"instock","15":"taxable","16":"shipping-taxable","17":"purchasable","18":"product-type-variable","19":"has-default-attributes"},"acf":[],"wcpa_form_fields":null,"_links":{"self":[{"href":"https:\/\/www.vostables.com\/fr\/wp-json\/wp\/v2\/product\/5902","targetHints":{"allow":["GET"]}}],"collection":[{"href":"https:\/\/www.vostables.com\/fr\/wp-json\/wp\/v2\/product"}],"about":[{"href":"https:\/\/www.vostables.com\/fr\/wp-json\/wp\/v2\/types\/product"}],"replies":[{"embeddable":true,"href":"https:\/\/www.vostables.com\/fr\/wp-json\/wp\/v2\/comments?post=5902"}],"wp:featuredmedia":[{"embeddable":true,"href":"https:\/\/www.vostables.com\/fr\/wp-json\/wp\/v2\/media\/6657"}],"wp:attachment":[{"href":"https:\/\/www.vostables.com\/fr\/wp-json\/wp\/v2\/media?parent=5902"}],"wp:term":[{"taxonomy":"product_brand","embeddable":true,"href":"https:\/\/www.vostables.com\/fr\/wp-json\/wp\/v2\/product_brand?post=5902"},{"taxonomy":"product_cat","embeddable":true,"href":"https:\/\/www.vostables.com\/fr\/wp-json\/wp\/v2\/product_cat?post=5902"},{"taxonomy":"product_tag","embeddable":true,"href":"https:\/\/www.vostables.com\/fr\/wp-json\/wp\/v2\/product_tag?post=5902"}],"curies":[{"name":"wp","href":"https:\/\/api.w.org\/{rel}","templated":true}]}}